{"id":9798,"date":"2024-06-06T12:03:39","date_gmt":"2024-06-06T10:03:39","guid":{"rendered":"https:\/\/new.byveno.com\/nordic-swan-ecolabel\/"},"modified":"2024-11-28T14:55:12","modified_gmt":"2024-11-28T13:55:12","slug":"nordic-swan-ecolabel","status":"publish","type":"page","link":"https:\/\/denpanels.com\/pl\/nordic-swan-ecolabel\/","title":{"rendered":"Nordic Swan Ecolabel"},"content":{"rendered":"<div>\n<p>    <video src=\"\/wp-content\/uploads\/Nordic-Swan-Ecolabel.mp4\"><\/video><\/p>\n<\/div>\n<div>\n<h1>Nordic Swan Ecolabel<\/h1>\n<\/div>\n<h2>Kluczowy punkt odniesienia<\/h2>\n<h2>dla zr\u00f3wnowa\u017conego rozwoju i jako\u015bci<\/h2>\n<div>\n<p>W dzisiejszym przemy\u015ble budowlanym oznakowanie Nordic Swan Ecolabel sta\u0142o si\u0119 istotnym punktem odniesienia dla zr\u00f3wnowa\u017conego rozwoju i jako\u015bci. God\u0142o to sta\u0142o si\u0119 uznanym standardem odpowiedzialno\u015bci za \u015brodowisko, zr\u00f3wnowa\u017conego rozwoju i \u015bwiadomo\u015bci konsument\u00f3w, nie tylko w Danii, ale w ca\u0142ym regionie skandynawskim.<\/p>\n<p>W jaki spos\u00f3b mo\u017cemy zapewni\u0107, \u017ce tworzone przez nas przestrzenie s\u0105 jednocze\u015bnie estetyczne, funkcjonalne i przyjazne dla \u015brodowiska?<\/p>\n<p>Nordic Swan Ecolabel oferuje odpowied\u017a. W ca\u0142ym regionie nordyckim znaczenie oznakowania Nordic Swan Ecolabel ro\u015bnie. W samej Danii 95% populacji zna to oznakowanie, a 67% aktywnie poszukuje go przy podejmowaniu decyzji zakupowych. Liczby te odzwierciedlaj\u0105 szerszy skandynawski trend, w kt\u00f3rym zar\u00f3wno konsumenci prywatni, jak i firmy coraz cz\u0119\u015bciej traktuj\u0105 priorytetowo kwestie zr\u00f3wnowa\u017conego rozwoju i ochrony \u015brodowiska.<\/p>\n<p>S\u0142aba akustyka mo\u017ce znacznie pogorszy\u0107 wra\u017cenia z ka\u017cdej przestrzeni, od miejsc pracy po obszary publiczne i domy prywatne. Jednak wybieraj\u0105c nasze panele akustyczne z certyfikatem Nordic Swan Ecolabel, nie tylko dbasz o akustyk\u0119, ale tak\u017ce sygnalizujesz zaanga\u017cowanie w ochron\u0119 naszej planety. W \u015brodowiskach profesjonalnych, w kt\u00f3rych wydajno\u015b\u0107 i zadowolenie pracownik\u00f3w maj\u0105 kluczowe znaczenie, rozwi\u0105zania Nordic Swan Ecolabel staj\u0105 si\u0119 kluczowym czynnikiem. Rozwi\u0105zania te nie tylko radz\u0105 sobie z wyzwaniami akustycznymi, ale tak\u017ce demonstruj\u0105 zaanga\u017cowanie firmy w zr\u00f3wnowa\u017cony rozw\u00f3j.<\/p>\n<\/div>\n<p>\n    <a href=\"https:\/\/fog-veno.com\/pl\/the-nordic-swan-ecolabel-pl\/\" rel=\"nofollow noopener\" target=\"_blank\">Dowiedz si\u0119 wi\u0119cej o naszych certyfikatach<\/a>\n<\/p>\n<p><img decoding=\"async\" src=\"\/wp-content\/uploads\/Render-1.jpg\" alt=\"\" title=\"\"><\/p>\n<h2>\n<p>Zalety paneli akustycznych nordic swan ecolabel<\/p>\n<\/h2>\n<div>\n<p>Certyfikat Nordic Swan Ecolabel jest zgodny z Celami Zr\u00f3wnowa\u017conego Rozwoju ONZ, koncentruj\u0105c si\u0119 na zr\u00f3wnowa\u017conej produkcji i odpowiedzialnej konsumpcji. Oto jak wyr\u00f3\u017cniaj\u0105 si\u0119 nasze panele akustyczne z certyfikatem Nordic Swan Ecolabel:<\/p>\n<ul>\n<li><strong>D\u0142ugowieczno\u015b\u0107<\/strong>: Po\u0142\u0105czenie jako\u015bci i trwa\u0142o\u015bci zapewnia trwa\u0142e rozwi\u0105zanie.<\/li>\n<li><strong>Zr\u00f3wnowa\u017cony rozw\u00f3j<\/strong>: Panele wspieraj\u0105 bardziej ekologiczny proces budowy poprzez minimalizacj\u0119 odpad\u00f3w i promowanie gospodarki o obiegu zamkni\u0119tym. S\u0105 one tworzone z poszanowaniem natury, od odpowiedzialnej gospodarki le\u015bnej po recykling materia\u0142\u00f3w.<\/li>\n<li><strong>Zdrowie<\/strong>: Brak szkodliwych chemikali\u00f3w oznacza, \u017ce przestrzenie, w kt\u00f3rych zainstalowane s\u0105 panele, staj\u0105 si\u0119 zdrowsze do zamieszkania, zmniejszaj\u0105c ryzyko dla zdrowia os\u00f3b mieszkaj\u0105cych, pracuj\u0105cych lub odwiedzaj\u0105cych te przestrzenie.<\/li>\n<li><strong>Wsparcie dla inicjatyw globalnych<\/strong>: Wybieraj\u0105c Nordic Swan Ecolabel, wspierasz r\u00f3wnie\u017c Cele Zr\u00f3wnowa\u017conego Rozwoju ONZ, w szczeg\u00f3lno\u015bci cel 12 (Odpowiedzialna konsumpcja i produkcja) i 15 (\u017bycie na l\u0105dzie).<\/li>\n<\/ul>\n<\/div>\n<div>\n<p>        <img decoding=\"async\" src=\"\/wp-content\/uploads\/nordicsvanecolabel-logo.png\" alt=\"\" title=\"\"><\/p>\n<h2>Szukaj <\/h2>\n<p>Ecolabel Nordic Swan<\/p>\n<div>\n<p>Przysz\u0142o\u015b\u0107 budownictwa jest ekologiczna, funkcjonalna i skoncentrowana na u\u017cytkowniku. Uwzgl\u0119dnienie akustyki od samego pocz\u0105tku jest nie tylko niezb\u0119dne dla optymalnego do\u015bwiadczenia u\u017cytkownika, ale tak\u017ce stanowi cz\u0119\u015b\u0107 wi\u0119kszej odpowiedzialno\u015bci, jak\u0105 ponosimy wobec naszej planety i jej mieszka\u0144c\u00f3w. Panele akustyczne BY VEN\u00d8 z certyfikatem Nordic Swan Ecolabel oferuj\u0105 rozwi\u0105zanie, kt\u00f3re dotyczy nie tylko jako\u015bci d\u017awi\u0119ku, ale tak\u017ce zr\u00f3wnowa\u017conego rozwoju i zdrowia naszych \u015brodowisk zbudowanych.<\/p>\n<\/div>\n<p><a href=\"https:\/\/www.svanemaerket.dk\/en\" rel=\"nofollow noopener\" target=\"_blank\">Dowiedz si\u0119 wi\u0119cej o Ecolabel Nordic Swan<\/a><\/p>\n<\/div>\n<p><!--more--><br \/>\n<!-- {\"type\":\"layout\",\"children\":[{\"type\":\"section\",\"props\":{\"\":\"linear-gradient(180deg, rgba(75,93,99,1) 0%, rgba(75,93,99,0.7217480742296919) 31%, rgba(75,93,99,0.14751838235294112) 100%);\",\"animation\":\"scale-up\",\"animation_delay\":\"200\",\"divider_height\":\"120\",\"divider_layers_gap\":\"5\",\"divider_layers_opacity\":\"0.5\",\"divider_position\":\"top\",\"divider_responsive\":true,\"divider_shadow_blur_radius\":\"5\",\"divider_shadow_color\":\"#00000080\",\"divider_shadow_offset_x\":\"0\",\"divider_shadow_offset_y\":\"5\",\"divider_width\":\"100\",\"header_transparent\":true,\"header_transparent_noplaceholder\":true,\"height_viewport\":35,\"image_effect\":\"parallax\",\"image_parallax_bgy\":\"100\",\"image_position\":\"center-center\",\"image_size\":\"cover\",\"image_width\":1920,\"media_background\":\"#4B5D63\",\"media_blend_mode\":\"multiply\",\"padding\":\"none\",\"padding_custom_bottom\":\"70\",\"padding_custom_top\":\"70\",\"style\":\"secondary\",\"style_custom_color\":\"#ccc\",\"text_color\":\"light\",\"title_breakpoint\":\"xl\",\"title_position\":\"top-left\",\"title_rotation\":\"left\",\"vertical_align\":\"middle\",\"width\":\"\"},\"children\":[{\"type\":\"row\",\"props\":{\"divider\":false,\"parallax\":true},\"children\":[{\"type\":\"column\",\"props\":{\"image_position\":\"center-center\",\"position_sticky_breakpoint\":\"m\"},\"children\":[{\"type\":\"slideshow\",\"props\":{\"blend\":false,\"class\":\"gradientoverlay\",\"css\":\".el-element {\\n    margin-bottom: 0px !important;\\n}\",\"image_loading\":true,\"image_width\":\"1920\",\"link_style\":\"default\",\"link_text\":\"Read more\",\"margin\":\"default\",\"meta_align\":\"below-title\",\"meta_element\":\"div\",\"meta_style\":\"text-meta\",\"nav\":\"\",\"nav_align\":\"center\",\"nav_below\":true,\"nav_breakpoint\":\"s\",\"nav_position\":\"bottom-center\",\"nav_position_margin\":\"medium\",\"overlay_animation\":\"parallax\",\"overlay_position\":\"center-left\",\"position\":\"relative\",\"show_content\":false,\"show_link\":false,\"show_meta\":false,\"show_thumbnail\":false,\"show_title\":false,\"slidenav\":\"bottom-left\",\"slidenav_breakpoint\":\"s\",\"slidenav_hover\":true,\"slidenav_large\":true,\"slidenav_margin\":\"medium\",\"slidenav_outside_breakpoint\":\"xl\",\"slideshow_animation\":\"fade\",\"slideshow_autoplay\":true,\"slideshow_autoplay_interval\":\"6\",\"slideshow_autoplay_pause\":true,\"slideshow_height\":\"viewport\",\"slideshow_height_offset_top\":false,\"slideshow_height_viewport\":80,\"slideshow_kenburns\":\"alternate\",\"slideshow_kenburns_duration\":\"20\",\"slideshow_min_height\":300,\"slideshow_parallax\":false,\"slideshow_parallax_easing\":\"0.3\",\"slideshow_ratio\":\"16:9\",\"text_color\":\"light\",\"thumbnav_height\":\"75\",\"thumbnav_nowrap\":true,\"thumbnav_svg_color\":\"emphasis\",\"thumbnav_width\":\"100\",\"title_element\":\"h3\"},\"children\":[{\"type\":\"slideshow_item\",\"props\":{\"video\":\"wp-content\\\/uploads\\\/Nordic-Swan-Ecolabel.mp4\"}}]},{\"type\":\"panel\",\"props\":{\"content_column_breakpoint\":\"m\",\"icon_width\":80,\"image_align\":\"top\",\"image_grid_breakpoint\":\"m\",\"image_grid_width\":\"1-2\",\"image_svg_color\":\"emphasis\",\"link_style\":\"default\",\"link_text\":\"Read more\",\"margin\":\"default\",\"margin_remove_bottom\":true,\"meta\":\"\",\"meta_align\":\"below-title\",\"meta_element\":\"div\",\"meta_style\":\"h4\",\"position\":\"absolute\",\"position_bottom\":\"5vh\",\"position_z_index\":\"3\",\"text_align\":\"center\",\"title\":\"Nordic Swan Ecolabel\",\"title_align\":\"top\",\"title_element\":\"h1\",\"title_grid_breakpoint\":\"m\",\"title_grid_width\":\"1-2\",\"title_hover_style\":\"reset\",\"title_style\":\"heading-medium\"}}]}]}],\"name\":\"Hero med slider\"},{\"type\":\"section\",\"props\":{\"animation_delay\":\"200\",\"image_position\":\"center-center\",\"style\":\"default\",\"title_breakpoint\":\"xl\",\"title_position\":\"top-left\",\"title_rotation\":\"left\",\"vertical_align\":\"middle\",\"width\":\"default\"},\"children\":[{\"type\":\"row\",\"children\":[{\"type\":\"column\",\"props\":{\"image_position\":\"center-center\",\"position_sticky_breakpoint\":\"m\",\"style\":\"tile-default\",\"vertical_align\":\"middle\"},\"children\":[{\"type\":\"headline\",\"props\":{\"content\":\"Kluczowy punkt odniesienia\",\"margin_remove_bottom\":true,\"title_element\":\"h2\",\"title_style\":\"heading-medium\"}},{\"type\":\"headline\",\"props\":{\"content\":\"dla zr\\u00f3wnowa\\u017conego rozwoju i jako\\u015bci\",\"margin_remove_bottom\":false,\"margin_remove_top\":true,\"title_color\":\"primary\",\"title_element\":\"h2\",\"title_style\":\"heading-medium\"}},{\"type\":\"text\",\"props\":{\"column_breakpoint\":\"m\",\"content\":\"\n\n<p>W dzisiejszym przemy\\u015ble budowlanym oznakowanie Nordic Swan Ecolabel sta\\u0142o si\\u0119 istotnym punktem odniesienia dla zr\\u00f3wnowa\\u017conego rozwoju i jako\\u015bci. God\\u0142o to sta\\u0142o si\\u0119 uznanym standardem odpowiedzialno\\u015bci za \\u015brodowisko, zr\\u00f3wnowa\\u017conego rozwoju i \\u015bwiadomo\\u015bci konsument\\u00f3w, nie tylko w Danii, ale w ca\\u0142ym regionie skandynawskim.<\\\/p>\\n\n\n<p>W jaki spos\\u00f3b mo\\u017cemy zapewni\\u0107, \\u017ce tworzone przez nas przestrzenie s\\u0105 jednocze\\u015bnie estetyczne, funkcjonalne i przyjazne dla \\u015brodowiska?<\\\/p>\\n\n\n<p>Nordic Swan Ecolabel oferuje odpowied\\u017a. W ca\\u0142ym regionie nordyckim znaczenie oznakowania Nordic Swan Ecolabel ro\\u015bnie. W samej Danii 95% populacji zna to oznakowanie, a 67% aktywnie poszukuje go przy podejmowaniu decyzji zakupowych. Liczby te odzwierciedlaj\\u0105 szerszy skandynawski trend, w kt\\u00f3rym zar\\u00f3wno konsumenci prywatni, jak i firmy coraz cz\\u0119\\u015bciej traktuj\\u0105 priorytetowo kwestie zr\\u00f3wnowa\\u017conego rozwoju i ochrony \\u015brodowiska.<\\\/p>\\n\n\n<p>S\\u0142aba akustyka mo\\u017ce znacznie pogorszy\\u0107 wra\\u017cenia z ka\\u017cdej przestrzeni, od miejsc pracy po obszary publiczne i domy prywatne. Jednak wybieraj\\u0105c nasze panele akustyczne z certyfikatem Nordic Swan Ecolabel, nie tylko dbasz o akustyk\\u0119, ale tak\\u017ce sygnalizujesz zaanga\\u017cowanie w ochron\\u0119 naszej planety. W \\u015brodowiskach profesjonalnych, w kt\\u00f3rych wydajno\\u015b\\u0107 i zadowolenie pracownik\\u00f3w maj\\u0105 kluczowe znaczenie, rozwi\\u0105zania Nordic Swan Ecolabel staj\\u0105 si\\u0119 kluczowym czynnikiem. Rozwi\\u0105zania te nie tylko radz\\u0105 sobie z wyzwaniami akustycznymi, ale tak\\u017ce demonstruj\\u0105 zaanga\\u017cowanie firmy w zr\\u00f3wnowa\\u017cony rozw\\u00f3j.<\\\/p>\",\"margin\":\"default\"}},{\"type\":\"button\",\"props\":{\"grid_column_gap\":\"small\",\"grid_row_gap\":\"small\",\"margin\":\"default\"},\"children\":[{\"type\":\"button_item\",\"props\":{\"button_style\":\"primary\",\"content\":\"Dowiedz si\\u0119 wi\\u0119cej o naszych certyfikatach\",\"icon_align\":\"left\",\"link\":\"https:\\\/\\\/fog-veno.com\\\/pl\\\/the-nordic-swan-ecolabel-pl\\\/\"}}]}]}]}],\"name\":\"Intro\"},{\"type\":\"section\",\"props\":{\"image_position\":\"center-center\",\"padding_remove_horizontal\":false,\"padding_remove_top\":false,\"style\":\"muted\",\"title_breakpoint\":\"xl\",\"title_position\":\"top-left\",\"title_rotation\":\"left\",\"vertical_align\":\"middle\",\"width\":\"default\"},\"children\":[{\"type\":\"row\",\"props\":{\"layout\":\"1-2,1-2\"},\"children\":[{\"type\":\"column\",\"props\":{\"image_position\":\"center-center\",\"position_sticky_breakpoint\":\"m\",\"vertical_align\":\"middle\",\"width_medium\":\"1-2\"},\"children\":[{\"type\":\"image\",\"props\":{\"image\":\"wp-content\\\/uploads\\\/Render-1.jpg\",\"image_height\":960,\"image_svg_color\":\"emphasis\",\"image_width\":1280,\"margin\":\"default\"}}]},{\"type\":\"column\",\"props\":{\"image_position\":\"center-center\",\"position_sticky_breakpoint\":\"m\",\"vertical_align\":\"middle\",\"width_medium\":\"1-2\"},\"children\":[{\"type\":\"headline\",\"props\":{\"content\":\"\n\n<p>Zalety paneli akustycznych nordic swan ecolabel<\\\/p>\",\"title_element\":\"h2\",\"title_style\":\"h1\"}},{\"type\":\"text\",\"props\":{\"column_breakpoint\":\"m\",\"content\":\"\n\n<p>Certyfikat Nordic Swan Ecolabel jest zgodny z Celami Zr\\u00f3wnowa\\u017conego Rozwoju ONZ, koncentruj\\u0105c si\\u0119 na zr\\u00f3wnowa\\u017conej produkcji i odpowiedzialnej konsumpcji. Oto jak wyr\\u00f3\\u017cniaj\\u0105 si\\u0119 nasze panele akustyczne z certyfikatem Nordic Swan Ecolabel:<\\\/p>\\n\n\n<ul>\\n\n\n<li><strong>D\\u0142ugowieczno\\u015b\\u0107<\\\/strong>: Po\\u0142\\u0105czenie jako\\u015bci i trwa\\u0142o\\u015bci zapewnia trwa\\u0142e rozwi\\u0105zanie.<\\\/li>\\n\n\n<li><strong>Zr\\u00f3wnowa\\u017cony rozw\\u00f3j<\\\/strong>: Panele wspieraj\\u0105 bardziej ekologiczny proces budowy poprzez minimalizacj\\u0119 odpad\\u00f3w i promowanie gospodarki o obiegu zamkni\\u0119tym. S\\u0105 one tworzone z poszanowaniem natury, od odpowiedzialnej gospodarki le\\u015bnej po recykling materia\\u0142\\u00f3w.<\\\/li>\\n\n\n<li><strong>Zdrowie<\\\/strong>: Brak szkodliwych chemikali\\u00f3w oznacza, \\u017ce przestrzenie, w kt\\u00f3rych zainstalowane s\\u0105 panele, staj\\u0105 si\\u0119 zdrowsze do zamieszkania, zmniejszaj\\u0105c ryzyko dla zdrowia os\\u00f3b mieszkaj\\u0105cych, pracuj\\u0105cych lub odwiedzaj\\u0105cych te przestrzenie.<\\\/li>\\n\n\n<li><strong>Wsparcie dla inicjatyw globalnych<\\\/strong>: Wybieraj\\u0105c Nordic Swan Ecolabel, wspierasz r\\u00f3wnie\\u017c Cele Zr\\u00f3wnowa\\u017conego Rozwoju ONZ, w szczeg\\u00f3lno\\u015bci cel 12 (Odpowiedzialna konsumpcja i produkcja) i 15 (\\u017bycie na l\\u0105dzie).<\\\/li>\\n<\\\/ul>\",\"margin\":\"default\"}}]}]}]},{\"type\":\"section\",\"props\":{\"image_position\":\"center-center\",\"style\":\"default\",\"title_breakpoint\":\"xl\",\"title_position\":\"top-left\",\"title_rotation\":\"left\",\"vertical_align\":\"middle\",\"width\":\"default\"},\"children\":[{\"type\":\"row\",\"children\":[{\"type\":\"column\",\"props\":{\"image_position\":\"center-center\",\"position_sticky_breakpoint\":\"m\"},\"children\":[{\"type\":\"panel\",\"props\":{\"content\":\"\n\n<p>Przysz\\u0142o\\u015b\\u0107 budownictwa jest ekologiczna, funkcjonalna i skoncentrowana na u\\u017cytkowniku. Uwzgl\\u0119dnienie akustyki od samego pocz\\u0105tku jest nie tylko niezb\\u0119dne dla optymalnego do\\u015bwiadczenia u\\u017cytkownika, ale tak\\u017ce stanowi cz\\u0119\\u015b\\u0107 wi\\u0119kszej odpowiedzialno\\u015bci, jak\\u0105 ponosimy wobec naszej planety i jej mieszka\\u0144c\\u00f3w. Panele akustyczne BY VEN\\u00d8 z certyfikatem Nordic Swan Ecolabel oferuj\\u0105 rozwi\\u0105zanie, kt\\u00f3re dotyczy nie tylko jako\\u015bci d\\u017awi\\u0119ku, ale tak\\u017ce zr\\u00f3wnowa\\u017conego rozwoju i zdrowia naszych \\u015brodowisk zbudowanych.<\\\/p>\",\"content_column_breakpoint\":\"m\",\"icon_width\":80,\"image\":\"wp-content\\\/uploads\\\/nordicsvanecolabel-logo.png\",\"image_align\":\"right\",\"image_grid_breakpoint\":\"m\",\"image_grid_width\":\"1-2\",\"image_height\":640,\"image_svg_color\":\"emphasis\",\"image_vertical_align\":true,\"image_width\":640,\"link\":\"https:\\\/\\\/www.svanemaerket.dk\\\/en\",\"link_style\":\"default\",\"link_target\":true,\"link_text\":\"Dowiedz si\\u0119 wi\\u0119cej o Ecolabel Nordic Swan\",\"margin\":\"default\",\"meta\":\"Ecolabel Nordic Swan\",\"meta_align\":\"below-title\",\"meta_color\":\"primary\",\"meta_element\":\"div\",\"meta_margin\":\"remove\",\"meta_style\":\"h1\",\"title\":\"Szukaj \",\"title_align\":\"top\",\"title_element\":\"h2\",\"title_grid_breakpoint\":\"m\",\"title_grid_width\":\"1-2\",\"title_hover_style\":\"reset\",\"title_style\":\"h1\"}}]}]}],\"name\":\"Panel med rigtige indstillinger\"}],\"version\":\"4.4.5\",\"yooessentialsVersion\":\"2.2.14\"} --><\/p>\n","protected":false},"excerpt":{"rendered":"<p>Nordic Swan Ecolabel Kluczowy punkt odniesienia dla zr\u00f3wnowa\u017conego rozwoju i jako\u015bci W dzisiejszym przemy\u015ble budowlanym oznakowanie Nordic Swan Ecolabel sta\u0142o si\u0119 istotnym punktem odniesienia dla zr\u00f3wnowa\u017conego rozwoju i jako\u015bci. God\u0142o to sta\u0142o si\u0119 uznanym standardem odpowiedzialno\u015bci za \u015brodowisko, zr\u00f3wnowa\u017conego rozwoju i \u015bwiadomo\u015bci konsument\u00f3w, nie tylko w Danii, ale w ca\u0142ym regionie skandynawskim. W jaki spos\u00f3b [&hellip;]<\/p>\n","protected":false},"author":3,"featured_media":0,"parent":0,"menu_order":0,"comment_status":"closed","ping_status":"closed","template":"","meta":{"_acf_changed":false,"footnotes":""},"page-section":[],"page-template":[111],"class_list":["post-9798","page","type-page","status-publish","hentry","page-template-about-us"],"acf":[],"_links":{"self":[{"href":"https:\/\/denpanels.com\/pl\/wp-json\/wp\/v2\/pages\/9798","targetHints":{"allow":["GET"]}}],"collection":[{"href":"https:\/\/denpanels.com\/pl\/wp-json\/wp\/v2\/pages"}],"about":[{"href":"https:\/\/denpanels.com\/pl\/wp-json\/wp\/v2\/types\/page"}],"author":[{"embeddable":true,"href":"https:\/\/denpanels.com\/pl\/wp-json\/wp\/v2\/users\/3"}],"replies":[{"embeddable":true,"href":"https:\/\/denpanels.com\/pl\/wp-json\/wp\/v2\/comments?post=9798"}],"version-history":[{"count":7,"href":"https:\/\/denpanels.com\/pl\/wp-json\/wp\/v2\/pages\/9798\/revisions"}],"predecessor-version":[{"id":9844,"href":"https:\/\/denpanels.com\/pl\/wp-json\/wp\/v2\/pages\/9798\/revisions\/9844"}],"wp:attachment":[{"href":"https:\/\/denpanels.com\/pl\/wp-json\/wp\/v2\/media?parent=9798"}],"wp:term":[{"taxonomy":"page-section","embeddable":true,"href":"https:\/\/denpanels.com\/pl\/wp-json\/wp\/v2\/page-section?post=9798"},{"taxonomy":"page-template","embeddable":true,"href":"https:\/\/denpanels.com\/pl\/wp-json\/wp\/v2\/page-template?post=9798"}],"curies":[{"name":"wp","href":"https:\/\/api.w.org\/{rel}","templated":true}]}}