{"id":8485,"date":"2024-06-06T13:48:46","date_gmt":"2024-06-06T11:48:46","guid":{"rendered":"https:\/\/new.byveno.com\/panele\/stone-panels\/"},"modified":"2025-07-31T13:51:27","modified_gmt":"2025-07-31T11:51:27","slug":"panele-kamienne","status":"publish","type":"page","link":"https:\/\/denpanels.com\/pl\/panele\/panele-kamienne\/","title":{"rendered":"Panele Kamienne"},"content":{"rendered":"","protected":false},"excerpt":{"rendered":"","protected":false},"author":3,"featured_media":0,"parent":8127,"menu_order":11,"comment_status":"closed","ping_status":"closed","template":"","meta":{"_acf_changed":false,"footnotes":""},"page-section":[535,524,525,528,526,534],"page-template":[542],"class_list":["post-8485","page","type-page","status-publish","hentry","page-section-category-options","page-section-datasheet","page-section-hero","page-section-megamenu","page-section-product-category","page-section-the-panels-construction","page-template-category-stone"],"acf":{"product_category-selected":286,"product_category-headline_p1":"Panele akustyczne kamienne","product_category-headline_p2":"- Naturalna elegancja i doskona\u0142a akustyka","product_category-introduction":"<strong>Chcesz wprowadzi\u0107 moc natury do swojej przestrzeni? Panele akustyczne kamienne od Denpanels s\u0105 pokryte autentycznym kamieniem z Himalaj\u00f3w, dodaj\u0105c surowego pi\u0119kna i ponadczasowej elegancji ka\u017cdemu wn\u0119trzu. Ka\u017cdy panel jest unikalny, nios\u0105c naturalne tekstury i charakter kszta\u0142towane przez czas i \u017cywio\u0142y.<\/strong>\r\n\r\n<ul>\r\n    <li><strong>Autentyczna powierzchnia kamienia himalajskiego<\/strong> \u2013 bogate tekstury i naturalne wariacje.<\/li>\r\n    <li><strong>Wyszukane rzemios\u0142o<\/strong> \u2013 ultracienki fornir kamienny starannie zamontowany na czarnym MDF.<\/li>\r\n    <li><strong>Bezszwowy design<\/strong> \u2013 zaprojektowane tak, aby panele idealnie si\u0119 ze sob\u0105 \u0142\u0105czy\u0142y, tworz\u0105c sp\u00f3jny wygl\u0105d.<\/li>\r\n    <li><strong>Wyj\u0105tkowa absorpcja d\u017awi\u0119ku<\/strong> \u2013 poprawia akustyk\u0119, zachowuj\u0105c odwa\u017cn\u0105 estetyk\u0119.<\/li>\r\n    <li><strong>Materia\u0142y przyjazne \u015brodowisku<\/strong> \u2013 akustyczna podstawa wykonana w co najmniej 50% z plastiku z recyklingu.<\/li>\r\n    <li><strong>Wysokiej jako\u015bci du\u0144ski design<\/strong> \u2013 po\u0142\u0105czenie naturalnego pi\u0119kna z nowoczesn\u0105 innowacj\u0105.<\/li>\r\n<\/ul>\r\n\r\nZainspirowane majestatycznymi krajobrazami Himalaj\u00f3w, te panele to co\u015b wi\u0119cej ni\u017c tylko wizualne o\u015bwiadczenie \u2013 tworz\u0105 spokojn\u0105, zapraszaj\u0105c\u0105 atmosfer\u0119, redukuj\u0105c ha\u0142as i poprawiaj\u0105c akustyk\u0119.\r\n\r\n<i>Wprowad\u017a natur\u0119 do wn\u0119trza. Podnie\u015b swoj\u0105 przestrze\u0144. Do\u015bwiadcz prawdziwej elegancji.<\/i>","product_category-highlighted_media":6869,"product_category-cta":{"product_category_cta":null},"comparrison_image":"","product_category-some_of_our_combinations":18936,"hero-media":[6869],"hero-h1":"Panele Kamienne","hero-sub_header":""},"_links":{"self":[{"href":"https:\/\/denpanels.com\/pl\/wp-json\/wp\/v2\/pages\/8485","targetHints":{"allow":["GET"]}}],"collection":[{"href":"https:\/\/denpanels.com\/pl\/wp-json\/wp\/v2\/pages"}],"about":[{"href":"https:\/\/denpanels.com\/pl\/wp-json\/wp\/v2\/types\/page"}],"author":[{"embeddable":true,"href":"https:\/\/denpanels.com\/pl\/wp-json\/wp\/v2\/users\/3"}],"replies":[{"embeddable":true,"href":"https:\/\/denpanels.com\/pl\/wp-json\/wp\/v2\/comments?post=8485"}],"version-history":[{"count":10,"href":"https:\/\/denpanels.com\/pl\/wp-json\/wp\/v2\/pages\/8485\/revisions"}],"predecessor-version":[{"id":29652,"href":"https:\/\/denpanels.com\/pl\/wp-json\/wp\/v2\/pages\/8485\/revisions\/29652"}],"up":[{"embeddable":true,"href":"https:\/\/denpanels.com\/pl\/wp-json\/wp\/v2\/pages\/8127"}],"acf:attachment":[{"embeddable":true,"href":"https:\/\/denpanels.com\/pl\/wp-json\/wp\/v2\/media\/6869"}],"acf:post":[{"embeddable":true,"href":"https:\/\/denpanels.com\/pl\/wp-json\/wp\/v2\/translation\/18936"}],"acf:term":[{"embeddable":true,"taxonomy":"product-category","href":"https:\/\/denpanels.com\/pl\/wp-json\/wp\/v2\/product-category\/286"}],"wp:attachment":[{"href":"https:\/\/denpanels.com\/pl\/wp-json\/wp\/v2\/media?parent=8485"}],"wp:term":[{"taxonomy":"page-section","embeddable":true,"href":"https:\/\/denpanels.com\/pl\/wp-json\/wp\/v2\/page-section?post=8485"},{"taxonomy":"page-template","embeddable":true,"href":"https:\/\/denpanels.com\/pl\/wp-json\/wp\/v2\/page-template?post=8485"}],"curies":[{"name":"wp","href":"https:\/\/api.w.org\/{rel}","templated":true}]}}