{"id":8393,"date":"2024-06-06T13:46:15","date_gmt":"2024-06-06T11:46:15","guid":{"rendered":"https:\/\/new.byveno.com\/panele\/foiled-panels\/"},"modified":"2025-02-27T10:28:19","modified_gmt":"2025-02-27T09:28:19","slug":"panele-foliowane","status":"publish","type":"page","link":"https:\/\/denpanels.com\/pl\/panele\/panele-foliowane\/","title":{"rendered":"Panele Foliowane"},"content":{"rendered":"","protected":false},"excerpt":{"rendered":"","protected":false},"author":3,"featured_media":0,"parent":8127,"menu_order":7,"comment_status":"closed","ping_status":"closed","template":"","meta":{"_acf_changed":false,"footnotes":""},"page-section":[535,524,525,530,528,526,534],"page-template":[539],"class_list":["post-8393","page","type-page","status-publish","hentry","page-section-category-options","page-section-datasheet","page-section-hero","page-section-main-category","page-section-megamenu","page-section-product-category","page-section-the-panels-construction","page-template-category-foiled"],"acf":{"product_category-selected":257,"product_category-headline_p1":"Panele akustyczne foliowane","product_category-headline_p2":"- Nowoczesna elegancja","product_category-introduction":"<strong>Szukasz eleganckiego i \u0142atwego w utrzymaniu rozwi\u0105zania na \u015bcian\u0119, kt\u00f3re poprawi zar\u00f3wno design, jak i akustyk\u0119? Panele akustyczne foliowane oferuj\u0105 wyrafinowany, jednolity wygl\u0105d, jednocze\u015bnie skutecznie poprawiaj\u0105c jako\u015b\u0107 d\u017awi\u0119ku w Twoim domu lub miejscu pracy.<\/strong>\r\n\r\n<ul>\r\n    <li><strong>Szeroki wyb\u00f3r kolor\u00f3w i styl\u00f3w<\/strong> \u2013 dopasuj je \u0142atwo do swojej wizji.<\/li>\r\n    <li><strong>Folia owija wszystkie trzy widoczne strony<\/strong> \u2013 dla p\u0142ynnego i ekskluzywnego wyko\u0144czenia.<\/li>\r\n    <li><strong>Trwa\u0142e i \u0142atwe w czyszczeniu<\/strong> \u2013 d\u0142ugotrwa\u0142e rozwi\u0105zanie wymagaj\u0105ce minimalnej konserwacji.<\/li>\r\n    <li><strong>Zapewniaj\u0105 lepsz\u0105 akustyk\u0119<\/strong> \u2013 redukuj\u0105 ha\u0142as i echo, tworz\u0105c spokojn\u0105 atmosfer\u0119.<\/li>\r\n    <li><strong>Du\u0144ski design<\/strong> \u2013 wykonane z dba\u0142o\u015bci\u0105 o estetyk\u0119 i funkcjonalno\u015b\u0107.<\/li>\r\n<\/ul>\r\n\r\nDzi\u0119ki solidnemu i wyrafinowanemu wygl\u0105dowi, te panele wnosz\u0105 ciep\u0142o i styl do ka\u017cdego wn\u0119trza \u2013 bez naturalnych wariacji drewna, zapewniaj\u0105c sp\u00f3jne i eleganckie wyko\u0144czenie.\r\n\r\n<i>Ulepsz swoj\u0105 przestrze\u0144 za pomoc\u0105 foliowanych paneli akustycznych \u2013 prosty spos\u00f3b na uzyskanie ponadczasowej elegancji i doskona\u0142ego komfortu akustycznego.<\/i>","product_category-highlighted_media":22752,"product_category-cta":{"product_category_cta":null},"comparrison_image":null,"product_category-some_of_our_combinations":18936,"hero-media":[22750],"hero-h1":"Panele Foliowane","hero-sub_header":""},"_links":{"self":[{"href":"https:\/\/denpanels.com\/pl\/wp-json\/wp\/v2\/pages\/8393","targetHints":{"allow":["GET"]}}],"collection":[{"href":"https:\/\/denpanels.com\/pl\/wp-json\/wp\/v2\/pages"}],"about":[{"href":"https:\/\/denpanels.com\/pl\/wp-json\/wp\/v2\/types\/page"}],"author":[{"embeddable":true,"href":"https:\/\/denpanels.com\/pl\/wp-json\/wp\/v2\/users\/3"}],"replies":[{"embeddable":true,"href":"https:\/\/denpanels.com\/pl\/wp-json\/wp\/v2\/comments?post=8393"}],"version-history":[{"count":9,"href":"https:\/\/denpanels.com\/pl\/wp-json\/wp\/v2\/pages\/8393\/revisions"}],"predecessor-version":[{"id":22754,"href":"https:\/\/denpanels.com\/pl\/wp-json\/wp\/v2\/pages\/8393\/revisions\/22754"}],"up":[{"embeddable":true,"href":"https:\/\/denpanels.com\/pl\/wp-json\/wp\/v2\/pages\/8127"}],"acf:attachment":[{"embeddable":true,"href":"https:\/\/denpanels.com\/pl\/wp-json\/wp\/v2\/media\/22750"}],"acf:post":[{"embeddable":true,"href":"https:\/\/denpanels.com\/pl\/wp-json\/wp\/v2\/translation\/18936"}],"acf:term":[{"embeddable":true,"taxonomy":"product-category","href":"https:\/\/denpanels.com\/pl\/wp-json\/wp\/v2\/product-category\/257"}],"wp:attachment":[{"href":"https:\/\/denpanels.com\/pl\/wp-json\/wp\/v2\/media?parent=8393"}],"wp:term":[{"taxonomy":"page-section","embeddable":true,"href":"https:\/\/denpanels.com\/pl\/wp-json\/wp\/v2\/page-section?post=8393"},{"taxonomy":"page-template","embeddable":true,"href":"https:\/\/denpanels.com\/pl\/wp-json\/wp\/v2\/page-template?post=8393"}],"curies":[{"name":"wp","href":"https:\/\/api.w.org\/{rel}","templated":true}]}}