{"id":8358,"date":"2024-06-06T13:48:20","date_gmt":"2024-06-06T11:48:20","guid":{"rendered":"https:\/\/new.byveno.com\/panele\/raw-panels\/"},"modified":"2025-08-13T11:51:13","modified_gmt":"2025-08-13T09:51:13","slug":"panele-raw","status":"publish","type":"page","link":"https:\/\/denpanels.com\/pl\/panele\/panele-raw\/","title":{"rendered":"Panele RAW"},"content":{"rendered":"","protected":false},"excerpt":{"rendered":"","protected":false},"author":3,"featured_media":0,"parent":8127,"menu_order":6,"comment_status":"closed","ping_status":"closed","template":"","meta":{"_acf_changed":false,"footnotes":""},"page-section":[535,533,524,525,528,526,534],"page-template":[470],"class_list":["post-8358","page","type-page","status-publish","hentry","page-section-category-options","page-section-certificates","page-section-datasheet","page-section-hero","page-section-megamenu","page-section-product-category","page-section-the-panels-construction","page-template-raw"],"acf":{"product_category-selected":250,"product_category-headline_p1":"Panele akustyczne RAW","product_category-headline_p2":"Uwolnij swoj\u0105 kreatywno\u015b\u0107","product_category-introduction":"<strong>Chcesz stworzy\u0107 naprawd\u0119 wyj\u0105tkow\u0105 i spersonalizowan\u0105 przestrze\u0144? Panele akustyczne RAW daj\u0105 Ci wolno\u015b\u0107 dostosowania \u015bcian dok\u0142adnie wed\u0142ug Twojej wizji. Dostarczane bez forniru, te panele s\u0105 gotowe do malowania, olejowania naturalnym olejem lub pozostawienia nieprzetworzonymi, aby uzyska\u0107 surowy, industrialny wygl\u0105d. Niezale\u017cnie od tego, czy jeste\u015b pasjonatem DIY, czy po prostu chcesz stworzy\u0107 unikalne wn\u0119trze, panele RAW pozwalaj\u0105 Ci przej\u0105\u0107 pe\u0142n\u0105 kontrol\u0119 nad projektem.<\/strong>\r\n\r\n<ul>\r\n    <li><strong>Idealne do projekt\u00f3w DIY<\/strong> \u2013 maluj, olejuj lub pozostaw naturalne, aby uzyska\u0107 odwa\u017cn\u0105, surow\u0105 estetyk\u0119.<\/li>\r\n    <li><strong>Doskonale poch\u0142aniaj\u0105 d\u017awi\u0119k<\/strong> \u2013 redukuj\u0105 echo i poprawiaj\u0105 akustyk\u0119 w ka\u017cdej przestrzeni.<\/li>\r\n    <li><strong>Materia\u0142y przyjazne \u015brodowisku<\/strong> \u2013 wykonane z listew MDF certyfikowanych przez FSC\u00ae na akustycznym filcu PET, zawieraj\u0105cym co najmniej 50% plastiku z recyklingu.<\/li>\r\n    <li><strong>Dokumentacja profesjonalnej jako\u015bci<\/strong> \u2013 certyfikowane LCA i wspieraj\u0105ce certyfikaty DGNB, LEED oraz BREEAM dla zr\u00f3wnowa\u017conego budownictwa.<\/li>\r\n<\/ul>\r\n\r\nDzi\u0119ki panelom akustycznym RAW otrzymujesz wszechstronne, wysokiej jako\u015bci rozwi\u0105zanie, kt\u00f3re nie tylko poprawia akustyk\u0119 w przestrzeni, ale tak\u017ce przyczynia si\u0119 do odpowiedzialnych praktyk budowlanych.\r\n\r\n<i>Dostosuj. Poch\u0142aniaj d\u017awi\u0119k. Stw\u00f3rz co\u015b wyj\u0105tkowego.<\/i>","product_category-highlighted_media":6291,"product_category-cta":{"product_category_cta":null},"comparrison_image":"","product_category-some_of_our_combinations":18936,"hero-media":[28527],"hero-h1":"Panele RAW","hero-sub_header":""},"_links":{"self":[{"href":"https:\/\/denpanels.com\/pl\/wp-json\/wp\/v2\/pages\/8358","targetHints":{"allow":["GET"]}}],"collection":[{"href":"https:\/\/denpanels.com\/pl\/wp-json\/wp\/v2\/pages"}],"about":[{"href":"https:\/\/denpanels.com\/pl\/wp-json\/wp\/v2\/types\/page"}],"author":[{"embeddable":true,"href":"https:\/\/denpanels.com\/pl\/wp-json\/wp\/v2\/users\/3"}],"replies":[{"embeddable":true,"href":"https:\/\/denpanels.com\/pl\/wp-json\/wp\/v2\/comments?post=8358"}],"version-history":[{"count":10,"href":"https:\/\/denpanels.com\/pl\/wp-json\/wp\/v2\/pages\/8358\/revisions"}],"predecessor-version":[{"id":30111,"href":"https:\/\/denpanels.com\/pl\/wp-json\/wp\/v2\/pages\/8358\/revisions\/30111"}],"up":[{"embeddable":true,"href":"https:\/\/denpanels.com\/pl\/wp-json\/wp\/v2\/pages\/8127"}],"acf:attachment":[{"embeddable":true,"href":"https:\/\/denpanels.com\/pl\/wp-json\/wp\/v2\/media\/28527"}],"acf:post":[{"embeddable":true,"href":"https:\/\/denpanels.com\/pl\/wp-json\/wp\/v2\/translation\/18936"}],"acf:term":[{"embeddable":true,"taxonomy":"product-category","href":"https:\/\/denpanels.com\/pl\/wp-json\/wp\/v2\/product-category\/250"}],"wp:attachment":[{"href":"https:\/\/denpanels.com\/pl\/wp-json\/wp\/v2\/media?parent=8358"}],"wp:term":[{"taxonomy":"page-section","embeddable":true,"href":"https:\/\/denpanels.com\/pl\/wp-json\/wp\/v2\/page-section?post=8358"},{"taxonomy":"page-template","embeddable":true,"href":"https:\/\/denpanels.com\/pl\/wp-json\/wp\/v2\/page-template?post=8358"}],"curies":[{"name":"wp","href":"https:\/\/api.w.org\/{rel}","templated":true}]}}