{"id":8320,"date":"2024-06-06T13:48:02","date_gmt":"2024-06-06T11:48:02","guid":{"rendered":"https:\/\/new.byveno.com\/panele\/lux-panels\/"},"modified":"2025-02-27T10:59:34","modified_gmt":"2025-02-27T09:59:34","slug":"panele-lux","status":"publish","type":"page","link":"https:\/\/denpanels.com\/pl\/panele\/panele-lux\/","title":{"rendered":"Panele LUX"},"content":{"rendered":"","protected":false},"excerpt":{"rendered":"","protected":false},"author":3,"featured_media":0,"parent":8127,"menu_order":5,"comment_status":"closed","ping_status":"closed","template":"","meta":{"_acf_changed":false,"footnotes":""},"page-section":[535,533,524,525,528,526,534],"page-template":[541],"class_list":["post-8320","page","type-page","status-publish","hentry","page-section-category-options","page-section-certificates","page-section-datasheet","page-section-hero","page-section-megamenu","page-section-product-category","page-section-the-panels-construction","page-template-category-lux"],"acf":{"product_category-selected":243,"product_category-headline_p1":"Panele akustyczne LUX","product_category-headline_p2":"Ekskluzywny design i doskona\u0142a akustyka","product_category-introduction":"<strong>Marzysz o stylowej i harmonijnej przestrzeni? Panele akustyczne LUX \u0142\u0105cz\u0105 elegancj\u0119 z funkcjonalno\u015bci\u0105, z listewami o szeroko\u015bci 40 mm, kt\u00f3re tworz\u0105 spokojn\u0105, wyrafinowan\u0105 powierzchni\u0119, dodaj\u0105c naturalnej, wyrafinowanej estetyki.<\/strong>\r\n\r\n<ul>\r\n    <li><strong>Wprowadza elegancj\u0119 i spok\u00f3j<\/strong> \u2013 szersze listwy dla zr\u00f3wnowa\u017conego wygl\u0105du.<\/li>\r\n    <li><strong>Fornirowane na trzech stronach<\/strong> \u2013 premium wyko\u0144czenie, bez szw\u00f3w.<\/li>\r\n    <li><strong>Skuteczna absorpcja d\u017awi\u0119ku<\/strong> \u2013 redukuje ha\u0142as i poprawia akustyk\u0119.<\/li>\r\n    <li><strong>Materia\u0142y certyfikowane FSC\u00ae<\/strong> \u2013 drewno pozyskiwane w spos\u00f3b odpowiedzialny.<\/li>\r\n    <li><strong>Zr\u00f3wnowa\u017cona konstrukcja<\/strong> \u2013 akustyczny filc wykonany w co najmniej 50% z plastiku z recyklingu.<\/li>\r\n<\/ul>\r\n\r\nUnikalne po\u0142\u0105czenie drewnianych listew i akustycznego filcu poliestrowego zapewnia znaczn\u0105 popraw\u0119 akustyki, sprawiaj\u0105c, \u017ce panele LUX s\u0105 idealne do dom\u00f3w, biur i przestrzeni publicznych.\r\n\r\n<i>Ekskluzywny design. Lepsza akustyka. Naturalna jako\u015b\u0107.<\/i>","product_category-highlighted_media":22779,"product_category-cta":{"product_category_cta":null},"comparrison_image":null,"product_category-some_of_our_combinations":18936,"hero-media":[22781,22780],"hero-h1":"Panele LUX","hero-sub_header":""},"_links":{"self":[{"href":"https:\/\/denpanels.com\/pl\/wp-json\/wp\/v2\/pages\/8320","targetHints":{"allow":["GET"]}}],"collection":[{"href":"https:\/\/denpanels.com\/pl\/wp-json\/wp\/v2\/pages"}],"about":[{"href":"https:\/\/denpanels.com\/pl\/wp-json\/wp\/v2\/types\/page"}],"author":[{"embeddable":true,"href":"https:\/\/denpanels.com\/pl\/wp-json\/wp\/v2\/users\/3"}],"replies":[{"embeddable":true,"href":"https:\/\/denpanels.com\/pl\/wp-json\/wp\/v2\/comments?post=8320"}],"version-history":[{"count":9,"href":"https:\/\/denpanels.com\/pl\/wp-json\/wp\/v2\/pages\/8320\/revisions"}],"predecessor-version":[{"id":22784,"href":"https:\/\/denpanels.com\/pl\/wp-json\/wp\/v2\/pages\/8320\/revisions\/22784"}],"up":[{"embeddable":true,"href":"https:\/\/denpanels.com\/pl\/wp-json\/wp\/v2\/pages\/8127"}],"acf:attachment":[{"embeddable":true,"href":"https:\/\/denpanels.com\/pl\/wp-json\/wp\/v2\/media\/22780"},{"embeddable":true,"href":"https:\/\/denpanels.com\/pl\/wp-json\/wp\/v2\/media\/22781"}],"acf:post":[{"embeddable":true,"href":"https:\/\/denpanels.com\/pl\/wp-json\/wp\/v2\/translation\/18936"}],"acf:term":[{"embeddable":true,"taxonomy":"product-category","href":"https:\/\/denpanels.com\/pl\/wp-json\/wp\/v2\/product-category\/243"}],"wp:attachment":[{"href":"https:\/\/denpanels.com\/pl\/wp-json\/wp\/v2\/media?parent=8320"}],"wp:term":[{"taxonomy":"page-section","embeddable":true,"href":"https:\/\/denpanels.com\/pl\/wp-json\/wp\/v2\/page-section?post=8320"},{"taxonomy":"page-template","embeddable":true,"href":"https:\/\/denpanels.com\/pl\/wp-json\/wp\/v2\/page-template?post=8320"}],"curies":[{"name":"wp","href":"https:\/\/api.w.org\/{rel}","templated":true}]}}