{"id":8258,"date":"2024-06-06T12:06:29","date_gmt":"2024-06-06T10:06:29","guid":{"rendered":"https:\/\/new.byveno.com\/panele\/fire-retardant-panels\/"},"modified":"2025-02-27T11:10:44","modified_gmt":"2025-02-27T10:10:44","slug":"panele-ognioodporne","status":"publish","type":"page","link":"https:\/\/denpanels.com\/pl\/panele\/panele-ognioodporne\/","title":{"rendered":"Panele ognioodporne"},"content":{"rendered":"","protected":false},"excerpt":{"rendered":"","protected":false},"author":3,"featured_media":0,"parent":8127,"menu_order":2,"comment_status":"closed","ping_status":"closed","template":"","meta":{"_acf_changed":false,"footnotes":""},"page-section":[533,536,524,525,528,526,534],"page-template":[360],"class_list":["post-8258","page","type-page","status-publish","hentry","page-section-certificates","page-section-content-blocks","page-section-datasheet","page-section-hero","page-section-megamenu","page-section-product-category","page-section-the-panels-construction","page-template-fr-panels"],"acf":{"fr_panel-sub_categories":[391,398,405],"product_category-selected":229,"product_category-headline_p1":"Panele akustyczne FR-Filt","product_category-headline_p2":"\u2013 Bezpiecze\u0144stwo po\u017carowe i doskona\u0142a akustyka","product_category-introduction":"<strong>Szukasz ognioodpornych rozwi\u0105za\u0144 akustycznych, kt\u00f3re \u0142\u0105cz\u0105 bezpiecze\u0144stwo, styl i funkcjonalno\u015b\u0107? Panele akustyczne FR-filt od Denpanels s\u0105 certyfikowane na poziomie Klasy B (EN 13823), spe\u0142niaj\u0105c surowe unijne normy bezpiecze\u0144stwa po\u017carowego. S\u0105 idealne do przestrzeni prywatnych i komercyjnych, gdzie wymagane s\u0105 panele akustyczne o klasie ogniowej do monta\u017cu na \u015bcianach i sufitach.<\/strong>\r\n\r\n<ul>\r\n    <li><strong>\u0141atwa i szybka instalacja<\/strong> \u2013 proste w monta\u017cu na sufitach i \u015bcianach.<\/li>\r\n    <li><strong>Skuteczna absorpcja d\u017awi\u0119ku<\/strong> \u2013 znacz\u0105co poprawia akustyk\u0119.<\/li>\r\n    <li><strong>Przyjazny dla \u015brodowiska wyb\u00f3r<\/strong> \u2013 materia\u0142y certyfikowane FSC\u00ae.<\/li>\r\n    <li><strong>Odpowiednie do budynk\u00f3w komercyjnych<\/strong> \u2013 idealne do biur, hoteli i przestrzeni publicznych.<\/li>\r\n    <li><strong>Du\u0144ski design i jako\u015b\u0107<\/strong> \u2013 produkowane lokalnie w Danii.<\/li>\r\n<\/ul>\r\n\r\nDzi\u0119ki sprytnemu po\u0142\u0105czeniu drewnianych listew i akustycznego filcu PET, panele akustyczne FR-filt skutecznie poch\u0142aniaj\u0105 fale d\u017awi\u0119kowe, poprawiaj\u0105c zar\u00f3wno bezpiecze\u0144stwo, jak i komfort akustyczny.\r\n\r\n<i>Bezpiecze\u0144stwo po\u017carowe. Kontrola d\u017awi\u0119ku. Zr\u00f3wnowa\u017cony design.<\/i>","product_category-highlighted_media":6263,"product_category-cta":{"product_category_cta":null},"comparrison_image":null,"product_category-some_of_our_combinations":18936,"hero-media":[5051],"hero-h1":"Panele ognioodporne","hero-sub_header":""},"_links":{"self":[{"href":"https:\/\/denpanels.com\/pl\/wp-json\/wp\/v2\/pages\/8258","targetHints":{"allow":["GET"]}}],"collection":[{"href":"https:\/\/denpanels.com\/pl\/wp-json\/wp\/v2\/pages"}],"about":[{"href":"https:\/\/denpanels.com\/pl\/wp-json\/wp\/v2\/types\/page"}],"author":[{"embeddable":true,"href":"https:\/\/denpanels.com\/pl\/wp-json\/wp\/v2\/users\/3"}],"replies":[{"embeddable":true,"href":"https:\/\/denpanels.com\/pl\/wp-json\/wp\/v2\/comments?post=8258"}],"version-history":[{"count":11,"href":"https:\/\/denpanels.com\/pl\/wp-json\/wp\/v2\/pages\/8258\/revisions"}],"predecessor-version":[{"id":22789,"href":"https:\/\/denpanels.com\/pl\/wp-json\/wp\/v2\/pages\/8258\/revisions\/22789"}],"up":[{"embeddable":true,"href":"https:\/\/denpanels.com\/pl\/wp-json\/wp\/v2\/pages\/8127"}],"acf:attachment":[{"embeddable":true,"href":"https:\/\/denpanels.com\/pl\/wp-json\/wp\/v2\/media\/5051"}],"acf:post":[{"embeddable":true,"href":"https:\/\/denpanels.com\/pl\/wp-json\/wp\/v2\/translation\/18936"}],"acf:term":[{"embeddable":true,"taxonomy":"product-category","href":"https:\/\/denpanels.com\/pl\/wp-json\/wp\/v2\/product-category\/229"},{"embeddable":true,"taxonomy":"product-category","href":"https:\/\/denpanels.com\/pl\/wp-json\/wp\/v2\/product-category\/405"},{"embeddable":true,"taxonomy":"product-category","href":"https:\/\/denpanels.com\/pl\/wp-json\/wp\/v2\/product-category\/398"},{"embeddable":true,"taxonomy":"product-category","href":"https:\/\/denpanels.com\/pl\/wp-json\/wp\/v2\/product-category\/391"}],"wp:attachment":[{"href":"https:\/\/denpanels.com\/pl\/wp-json\/wp\/v2\/media?parent=8258"}],"wp:term":[{"taxonomy":"page-section","embeddable":true,"href":"https:\/\/denpanels.com\/pl\/wp-json\/wp\/v2\/page-section?post=8258"},{"taxonomy":"page-template","embeddable":true,"href":"https:\/\/denpanels.com\/pl\/wp-json\/wp\/v2\/page-template?post=8258"}],"curies":[{"name":"wp","href":"https:\/\/api.w.org\/{rel}","templated":true}]}}