{"id":8212,"date":"2024-06-03T12:02:55","date_gmt":"2024-06-03T10:02:55","guid":{"rendered":"https:\/\/new.byveno.com\/panele\/wood-panels\/"},"modified":"2026-03-24T15:45:57","modified_gmt":"2026-03-24T14:45:57","slug":"panele-drewniane","status":"publish","type":"page","link":"https:\/\/denpanels.com\/pl\/panele\/panele-drewniane\/","title":{"rendered":"Panele Drewniane"},"content":{"rendered":"","protected":false},"excerpt":{"rendered":"","protected":false},"author":1,"featured_media":0,"parent":8127,"menu_order":1,"comment_status":"closed","ping_status":"closed","template":"","meta":{"_acf_changed":false,"footnotes":""},"page-section":[535,533,536,524,525,529,528,526,534],"page-template":[480],"class_list":["post-8212","page","type-page","status-publish","hentry","page-section-category-options","page-section-certificates","page-section-content-blocks","page-section-datasheet","page-section-hero","page-section-highlighted-inspiration","page-section-megamenu","page-section-product-category","page-section-the-panels-construction","page-template-wood-panels"],"acf":{"product_category-selected":222,"product_category-headline_p1":"Panele drewniane","product_category-headline_p2":"Przekszta\u0142\u0107 swoje wn\u0119trze dzi\u0119ki naturalnemu pi\u0119knu","product_category-introduction":"<strong>Chcesz stworzy\u0107 przestrze\u0144, kt\u00f3ra jest zar\u00f3wno pi\u0119kna, jak i komfortowa? Panele drewniane od Denpanels to naturalne i stylowe rozwi\u0105zanie, kt\u00f3re poprawia zar\u00f3wno wygl\u0105d wn\u0119trza, jak i akustyk\u0119 pomieszczenia.<\/strong>\r\n\r\n<ul>\r\n    <li><strong> Wprowad\u017a natur\u0119 do swojego domu<\/strong> \u2013 stw\u00f3rz ciep\u0142\u0105 i zapraszaj\u0105c\u0105 atmosfer\u0119.<\/li>\r\n    <li><strong> Nordic Swan Ecolabel i przyjazny wyb\u00f3r dla \u015brodowiska<\/strong> \u2013 \u015bwiadoma decyzja zar\u00f3wno dla Ciebie, jak i dla planety.<\/li>\r\n    <li><strong> Naturalne powierzchnie drewniane<\/strong> \u2013 prawdziwy fornir, kt\u00f3ry dodaje elegancji i g\u0142\u0119bi.<\/li>\r\n    <li><strong> Zr\u00f3wnowa\u017cone i FSC\u2122-certyfikowane drewno<\/strong> \u2013 odpowiedzialnie pozyskiwane i trwa\u0142e materia\u0142y.<\/li>\r\n    <li><strong> Wysokiej jako\u015bci du\u0144ski design<\/strong> \u2013 wykonane z dba\u0142o\u015bci\u0105 o estetyk\u0119 i funkcjonalno\u015b\u0107.<\/li>\r\n<\/ul>\r\n\r\nNasze panele drewniane zosta\u0142y zaprojektowane w celu poch\u0142aniania d\u017awi\u0119ku i redukcji pog\u0142osu, tworz\u0105c spokojniejsze i bardziej komfortowe \u015brodowisko akustyczne \u2013 idealne do dom\u00f3w, biur i przestrzeni publicznych.\r\n\r\n<strong>\u0141atwy monta\u017c, zachwycaj\u0105cy design i akustyka, kt\u00f3r\u0105 poczujesz.<\/strong>\r\n\r\n*Wykonane z drewna in\u017cynieryjnego, aby zapewni\u0107 jednolity wygl\u0105d.","product_category-highlighted_media":22740,"product_category-cta":{"product_category_cta":null},"comparrison_image":"","product_category-some_of_our_combinations":18936,"hero-media":[22745],"hero-h1":"Panele drewniane","hero-sub_header":""},"_links":{"self":[{"href":"https:\/\/denpanels.com\/pl\/wp-json\/wp\/v2\/pages\/8212","targetHints":{"allow":["GET"]}}],"collection":[{"href":"https:\/\/denpanels.com\/pl\/wp-json\/wp\/v2\/pages"}],"about":[{"href":"https:\/\/denpanels.com\/pl\/wp-json\/wp\/v2\/types\/page"}],"author":[{"embeddable":true,"href":"https:\/\/denpanels.com\/pl\/wp-json\/wp\/v2\/users\/1"}],"replies":[{"embeddable":true,"href":"https:\/\/denpanels.com\/pl\/wp-json\/wp\/v2\/comments?post=8212"}],"version-history":[{"count":11,"href":"https:\/\/denpanels.com\/pl\/wp-json\/wp\/v2\/pages\/8212\/revisions"}],"predecessor-version":[{"id":31097,"href":"https:\/\/denpanels.com\/pl\/wp-json\/wp\/v2\/pages\/8212\/revisions\/31097"}],"up":[{"embeddable":true,"href":"https:\/\/denpanels.com\/pl\/wp-json\/wp\/v2\/pages\/8127"}],"acf:attachment":[{"embeddable":true,"href":"https:\/\/denpanels.com\/pl\/wp-json\/wp\/v2\/media\/22745"}],"acf:post":[{"embeddable":true,"href":"https:\/\/denpanels.com\/pl\/wp-json\/wp\/v2\/translation\/18936"}],"acf:term":[{"embeddable":true,"taxonomy":"product-category","href":"https:\/\/denpanels.com\/pl\/wp-json\/wp\/v2\/product-category\/222"}],"wp:attachment":[{"href":"https:\/\/denpanels.com\/pl\/wp-json\/wp\/v2\/media?parent=8212"}],"wp:term":[{"taxonomy":"page-section","embeddable":true,"href":"https:\/\/denpanels.com\/pl\/wp-json\/wp\/v2\/page-section?post=8212"},{"taxonomy":"page-template","embeddable":true,"href":"https:\/\/denpanels.com\/pl\/wp-json\/wp\/v2\/page-template?post=8212"}],"curies":[{"name":"wp","href":"https:\/\/api.w.org\/{rel}","templated":true}]}}