{"id":8066,"date":"2024-07-11T14:10:27","date_gmt":"2024-07-11T12:10:27","guid":{"rendered":"https:\/\/new.byveno.com\/responsibility\/"},"modified":"2025-03-05T11:39:15","modified_gmt":"2025-03-05T10:39:15","slug":"odpowiedzialnosc","status":"publish","type":"page","link":"https:\/\/denpanels.com\/pl\/odpowiedzialnosc\/","title":{"rendered":"Odpowiedzialno\u015b\u0107"},"content":{"rendered":"","protected":false},"excerpt":{"rendered":"","protected":false},"author":3,"featured_media":0,"parent":0,"menu_order":0,"comment_status":"closed","ping_status":"closed","template":"","meta":{"_acf_changed":false,"footnotes":""},"page-section":[525],"page-template":[543],"class_list":["post-8066","page","type-page","status-publish","hentry","page-section-hero","page-template-page-responsibility"],"acf":{"responsibility-intro_section":{"responsibility_intro-headline":"Zaanga\u017cowanie w","responsibility_intro-headline_p2":"Odpowiedzialna produkcja","responsibility_intro-content":"W Denpanels odpowiedzialno\u015b\u0107 to nie tylko modne has\u0142o \u2013 to nasza ambicja. Na ka\u017cdym etapie \u0142a\u0144cucha warto\u015bci, od koncepcji po finalny produkt, uwzgl\u0119dniamy kwestie \u015brodowiskowe. Nasze podej\u015bcie do trwa\u0142ej jako\u015bci, widoczne w eleganckich i ponadczasowych panelach akustycznych, odzwierciedla nasze zaanga\u017cowanie w inteligentne i bardziej zr\u00f3wnowa\u017cone rozwi\u0105zania.\r\n\r\nNasze zobowi\u0105zanie do odpowiedzialno\u015bci potwierdzaj\u0105 liczne certyfikaty. Wykorzystanie drewna certyfikowanego przez FSC\u00ae gwarantuje odpowiedzialn\u0105 i ekologiczn\u0105 produkcj\u0119. Wsp\u00f3\u0142praca z Nordic Swan Ecolabel wzmacnia nasze zaanga\u017cowanie w minimalizacj\u0119 odpad\u00f3w i eliminacj\u0119 szkodliwych substancji chemicznych. Aktywnie wspieramy Cele Zr\u00f3wnowa\u017conego Rozwoju ONZ i dostosowujemy nasze dzia\u0142ania do globalnych inicjatyw na rzecz lepszego \u015bwiata.\r\n\r\nW Denpanels odpowiedzialna konsumpcja i produkcja to nie tylko idea\u0142y, ale codzienna praktyka. Nasza rygorystyczna kontrola jako\u015bci zapewnia, \u017ce do klient\u00f3w trafiaj\u0105 wy\u0142\u0105cznie produkty o najwy\u017cszym standardzie. W przypadku wad produkcyjnych zobowi\u0105zujemy si\u0119 do naprawy i recyklingu materia\u0142\u00f3w, co minimalizuje odpady i ogranicza niepotrzebne zu\u017cycie zasob\u00f3w.\r\n\r\n\u015awiadomi wp\u0142ywu zanieczyszczenia plastikiem na \u017cycie wodne, Denpanels wspiera gospodark\u0119 o obiegu zamkni\u0119tym, stosuj\u0105c materia\u0142y pochodz\u0105ce z recyklingu w naszych panelach akustycznych. Filc PET u\u017cywany w panelach zawiera co najmniej 50% przetworzonych butelek plastikowych, co stanowi wyraz naszego zaanga\u017cowania w ochron\u0119 \u015brodowiska wodnego. Ponadto, jako firma certyfikowana przez FSC\u00ae, dbamy o to, aby nasze drewniane panele przyczynia\u0142y si\u0119 do zachowania r\u00f3wnowagi w \u015bwiatowych lasach i ekosystemach l\u0105dowych.\r\n\r\n\r\n\r\n\r\n\r\n"},"responsibility-background_image":22735,"responsibility-certificates":{"certificate":[{"responsibility_certificates-logo":5832,"responsibility_certificates-title":"Forest Stewardship council","responsibility_certificates-description":"Produkujemy nasze panele akustyczne z drewna certyfikowanego przez FSC\u00ae, pochodz\u0105cego z odpowiedzialnie zarz\u0105dzanych las\u00f3w i innych kontrolowanych \u017ar\u00f3de\u0142.  \r\n\r\nForest Stewardship Council\u00ae to mi\u0119dzynarodowy, non-profitowy system certyfikacji drewna i papieru. Logo FSC\u00ae mo\u017cna znale\u017a\u0107 na produktach drewnianych i papierniczych, co daje pewno\u015b\u0107, \u017ce ich zakup jest dokonany w spos\u00f3b \u015bwiadomy i odpowiedzialny. W lasach certyfikowanych przez FSC\u00ae drzewa s\u0105 pozyskiwane w tempie, kt\u00f3re nie przekracza naturalnej zdolno\u015bci lasu do regeneracji. Ponadto certyfikacja FSC\u00ae gwarantuje, \u017ce lokalne spo\u0142eczno\u015bci, r\u00f3\u017cnorodno\u015b\u0107 biologiczna oraz pracownicy le\u015bni s\u0105 traktowani z szacunkiem.  \r\n\r\nJe\u015bli masz jakiekolwiek pytania dotycz\u0105ce naszej certyfikacji FSC\u00ae lub naszego podej\u015bcia do zr\u00f3wnowa\u017conego rozwoju, skontaktuj si\u0119 z nami.","responsibility_certificates-cta_link":"","responsibility_certificates-cta_text":""},{"responsibility_certificates-logo":24189,"responsibility_certificates-title":"Nordic Swan Ecolabel","responsibility_certificates-description":"Nordic Swan Ecolabel to nie tylko kolejny znak czy certyfikat. Jest to oficjalne oznakowanie ekologiczne kraj\u00f3w nordyckich i jedno z najbardziej rygorystycznych oraz ambitnych certyfikat\u00f3w \u015brodowiskowych na \u015bwiecie. Nordic Swan Ecolabel pe\u0142ni rol\u0119 drogowskazu dla konsument\u00f3w, u\u0142atwiaj\u0105c im wyb\u00f3r bardziej ekologicznego stylu \u017cycia. W ca\u0142ym regionie nordyckim jego znaczenie stale ro\u015bnie.  \r\n\r\nTylko w Danii a\u017c 95% spo\u0142ecze\u0144stwa zna to oznakowanie, a 67% aktywnie go poszukuje przy podejmowaniu decyzji zakupowych \u2013 teraz mo\u017cna je r\u00f3wnie\u017c znale\u017a\u0107 na panelach akustycznych. Ponadto a\u017c 68% Du\u0144czyk\u00f3w podejmuje \u015bwiadome dzia\u0142ania na rzecz ochrony \u015brodowiska. Posiadacze licencji Nordic Swan Ecolabel mog\u0105 wykorzystywa\u0107 proekologiczno\u015b\u0107 jako strategiczn\u0105 przewag\u0119 konkurencyjn\u0105, wspieraj\u0105c bardziej zr\u00f3wnowa\u017cony rozw\u00f3j spo\u0142ecze\u0144stwa.","responsibility_certificates-cta_link":"","responsibility_certificates-cta_text":""},{"responsibility_certificates-logo":4715,"responsibility_certificates-title":"Przetestowana jako\u015b\u0107 powietrza","responsibility_certificates-description":"Wybieraj\u0105c panele akustyczne Denpanels, kt\u00f3re zosta\u0142y przetestowane pod k\u0105tem klimatu wewn\u0119trznego i zatwierdzone zgodnie z niemieck\u0105 norm\u0105 AgBB, zyskujesz nie tylko lepsz\u0105 akustyk\u0119 w swoim domu. Otrzymujesz rozwi\u0105zanie, kt\u00f3re aktywnie przyczynia si\u0119 do zdrowszego i czystszego \u015brodowiska wewn\u0119trznego.  \r\n\r\nCertyfikacja AgBB gwarantuje, \u017ce panele s\u0105 wolne od szkodliwych emisji, co oznacza, \u017ce mo\u017cesz cieszy\u0107 si\u0119 komfortow\u0105 i zdrow\u0105 przestrzeni\u0105 bez obaw. Dzi\u0119ki panelom akustycznym Denpanels zyskujesz nie tylko optymalne warunki d\u017awi\u0119kowe, ale tak\u017ce pewno\u015b\u0107, \u017ce powietrze, kt\u00f3rym oddychasz, jest tak czyste, jak to mo\u017cliwe. To inwestycja zar\u00f3wno w komfort, jak i zdrowie.","responsibility_certificates-cta_link":"","responsibility_certificates-cta_text":""}]},"hero-media":"","hero-h1":"","hero-sub_header":""},"_links":{"self":[{"href":"https:\/\/denpanels.com\/pl\/wp-json\/wp\/v2\/pages\/8066","targetHints":{"allow":["GET"]}}],"collection":[{"href":"https:\/\/denpanels.com\/pl\/wp-json\/wp\/v2\/pages"}],"about":[{"href":"https:\/\/denpanels.com\/pl\/wp-json\/wp\/v2\/types\/page"}],"author":[{"embeddable":true,"href":"https:\/\/denpanels.com\/pl\/wp-json\/wp\/v2\/users\/3"}],"replies":[{"embeddable":true,"href":"https:\/\/denpanels.com\/pl\/wp-json\/wp\/v2\/comments?post=8066"}],"version-history":[{"count":17,"href":"https:\/\/denpanels.com\/pl\/wp-json\/wp\/v2\/pages\/8066\/revisions"}],"predecessor-version":[{"id":24195,"href":"https:\/\/denpanels.com\/pl\/wp-json\/wp\/v2\/pages\/8066\/revisions\/24195"}],"wp:attachment":[{"href":"https:\/\/denpanels.com\/pl\/wp-json\/wp\/v2\/media?parent=8066"}],"wp:term":[{"taxonomy":"page-section","embeddable":true,"href":"https:\/\/denpanels.com\/pl\/wp-json\/wp\/v2\/page-section?post=8066"},{"taxonomy":"page-template","embeddable":true,"href":"https:\/\/denpanels.com\/pl\/wp-json\/wp\/v2\/page-template?post=8066"}],"curies":[{"name":"wp","href":"https:\/\/api.w.org\/{rel}","templated":true}]}}