{"id":7630,"date":"2024-05-23T15:21:12","date_gmt":"2024-05-23T13:21:12","guid":{"rendered":"https:\/\/new.byveno.com\/about\/"},"modified":"2025-03-03T08:42:00","modified_gmt":"2025-03-03T07:42:00","slug":"o-nas","status":"publish","type":"page","link":"https:\/\/denpanels.com\/pl\/o-nas\/","title":{"rendered":"O Nas"},"content":{"rendered":"","protected":false},"excerpt":{"rendered":"","protected":false},"author":1,"featured_media":0,"parent":0,"menu_order":0,"comment_status":"closed","ping_status":"closed","template":"","meta":{"_acf_changed":false,"footnotes":""},"page-section":[536,525,526],"page-template":[111],"class_list":["post-7630","page","type-page","status-publish","hentry","page-section-content-blocks","page-section-hero","page-section-product-category","page-template-about-us"],"acf":{"product_category-selected":false,"product_category-headline_p1":"O nas","product_category-headline_p2":"Denpanels","product_category-introduction":"Denpanels powsta\u0142o z wizj\u0105 stworzenia marki, kt\u00f3ra nie tylko dostosowuje si\u0119 do europejskiego rynku, ale tak\u017ce celebruje jego r\u00f3\u017cnorodno\u015b\u0107 i bogate tradycje wzornicze. Z korzeniami w Danii i jako cz\u0119\u015b\u0107 Fog & Ven\u00f8, Denpanels szybko sta\u0142o si\u0119 symbolem wysokiej jako\u015bci rzemios\u0142a i estetycznej innowacji.  \r\n\r\nAle to nie tylko pi\u0119kne powierzchnie \u2013 jeste\u015bmy tutaj dla tych, kt\u00f3rzy kochaj\u0105 tworzy\u0107. Niezale\u017cnie od tego, czy budujesz od podstaw, remontujesz, czy po prostu chcesz nada\u0107 przestrzeni osobisty charakter, nasze panele s\u0105 zaprojektowane tak, aby by\u0142y \u0142atwe w u\u017cyciu. Montuj, przycinaj, maluj lub \u0142\u0105cz je na nowe sposoby \u2013 wyb\u00f3r nale\u017cy do Ciebie!  \r\n\r\nW Denpanels zale\u017cy nam na tym, aby u\u0142atwi\u0107 Ci tworzenie czego\u015b, co b\u0119dzie idealnie pasowa\u0107 do Twojej przestrzeni. Jednocze\u015bnie bierzemy odpowiedzialno\u015b\u0107 za wyb\u00f3r zr\u00f3wnowa\u017conych materia\u0142\u00f3w, minimalizacj\u0119 odpad\u00f3w i tworzenie produkt\u00f3w, kt\u00f3re przetrwaj\u0105 lata.  \r\n\r\nWi\u0119c niezale\u017cnie od tego, czy jeste\u015b do\u015bwiadczonym majsterkowiczem, czy po prostu lubisz dzia\u0142a\u0107 kreatywnie \u2013 chwy\u0107 narz\u0119dzia i stw\u00f3rzmy razem co\u015b wyj\u0105tkowego!","product_category-highlighted_media":22851,"product_category-cta":{"product_category_cta":[{"product_category_cta-link":{"title":"Panels","url":"https:\/\/denpanels.com\/en\/panels\/","target":""},"product_category_cta-link_text":21266,"product_category_cta-button_look":"uk-button-secondary","product_category_cta-button_icon":"chevron-right"}]},"comparrison_image":null,"product_category-some_of_our_combinations":18936,"hero-media":[22727],"hero-h1":"Denpanels","hero-sub_header":"elegancki europejski styl"},"_links":{"self":[{"href":"https:\/\/denpanels.com\/pl\/wp-json\/wp\/v2\/pages\/7630","targetHints":{"allow":["GET"]}}],"collection":[{"href":"https:\/\/denpanels.com\/pl\/wp-json\/wp\/v2\/pages"}],"about":[{"href":"https:\/\/denpanels.com\/pl\/wp-json\/wp\/v2\/types\/page"}],"author":[{"embeddable":true,"href":"https:\/\/denpanels.com\/pl\/wp-json\/wp\/v2\/users\/1"}],"replies":[{"embeddable":true,"href":"https:\/\/denpanels.com\/pl\/wp-json\/wp\/v2\/comments?post=7630"}],"version-history":[{"count":27,"href":"https:\/\/denpanels.com\/pl\/wp-json\/wp\/v2\/pages\/7630\/revisions"}],"predecessor-version":[{"id":22895,"href":"https:\/\/denpanels.com\/pl\/wp-json\/wp\/v2\/pages\/7630\/revisions\/22895"}],"acf:attachment":[{"embeddable":true,"href":"https:\/\/denpanels.com\/pl\/wp-json\/wp\/v2\/media\/22727"}],"acf:post":[{"embeddable":true,"href":"https:\/\/denpanels.com\/pl\/wp-json\/wp\/v2\/translation\/18936"}],"wp:attachment":[{"href":"https:\/\/denpanels.com\/pl\/wp-json\/wp\/v2\/media?parent=7630"}],"wp:term":[{"taxonomy":"page-section","embeddable":true,"href":"https:\/\/denpanels.com\/pl\/wp-json\/wp\/v2\/page-section?post=7630"},{"taxonomy":"page-template","embeddable":true,"href":"https:\/\/denpanels.com\/pl\/wp-json\/wp\/v2\/page-template?post=7630"}],"curies":[{"name":"wp","href":"https:\/\/api.w.org\/{rel}","templated":true}]}}