{"id":30774,"date":"2026-02-02T15:45:49","date_gmt":"2026-02-02T14:45:49","guid":{"rendered":"https:\/\/denpanels.com\/metallic-panels\/"},"modified":"2026-02-03T12:49:52","modified_gmt":"2026-02-03T11:49:52","slug":"metallic-panele","status":"publish","type":"page","link":"https:\/\/denpanels.com\/pl\/metallic-panele\/","title":{"rendered":"Metallic Panele"},"content":{"rendered":"","protected":false},"excerpt":{"rendered":"","protected":false},"author":3,"featured_media":0,"parent":0,"menu_order":0,"comment_status":"closed","ping_status":"closed","template":"","meta":{"_acf_changed":false,"footnotes":""},"page-section":[535,524,525,530,526,532,527,534],"page-template":[945],"class_list":["post-30774","page","type-page","status-publish","hentry","page-section-category-options","page-section-datasheet","page-section-hero","page-section-main-category","page-section-product-category","page-section-specific-products","page-section-sub-category","page-section-the-panels-construction","page-template-category-metallic"],"acf":{"product_category-selected":941,"product_category-headline_p1":"Dodaj odwa\u017cny, nowoczesny wygl\u0105d","product_category-headline_p2":"Twojemu wn\u0119trzu","product_category-introduction":"Szukasz eleganckiego i nowoczesnego rozwi\u0105zania \u015bciennego z ekskluzywnym, industrialnym charakterem? Metaliczne panele Denpanels \u0142\u0105cz\u0105 wygl\u0105d szczotkowanej stali z wyrafinowanymi metalicznymi kolorami, pozwalaj\u0105c stworzy\u0107 przestrze\u0144, kt\u00f3ra jest jednocze\u015bnie stylowa i spokojna.\r\n\r\nIdealne do dom\u00f3w, biur oraz przestrzeni publicznych, panele te poprawiaj\u0105 akustyk\u0119 pomieszczenia, oferuj\u0105c jednocze\u015bnie czyst\u0105, eleganck\u0105 estetyk\u0119 \u2013 z powierzchni\u0105 zaprojektowan\u0105 do codziennego u\u017cytku.\r\n\r\n<strong>Z Metalicznymi Panelami Denpanels otrzymujesz:<\/strong>\r\n\r\n<ul>\r\n  <li>Nowoczesny wygl\u0105d szczotkowanej stali \u2013 dla minimalistycznego i ekskluzywnego wyko\u0144czenia<\/li>\r\n  <li>6 metalicznych kolor\u00f3w \u2013 Aluminium, Bronze, Copper, Gold, Inox i Titan<\/li>\r\n  <li>Lepsz\u0105 akustyk\u0119 \u2013 poch\u0142anianie d\u017awi\u0119ku i redukcj\u0119 pog\u0142osu<\/li>\r\n  <li>\u0141atw\u0105 piel\u0119gnacj\u0119 \u2013 trwa\u0142\u0105 laminowan\u0105 powierzchni\u0119, kt\u00f3r\u0105 \u0142atwo utrzyma\u0107 w czysto\u015bci<\/li>\r\n  <li>Mniej widoczne odciski palc\u00f3w \u2013 dla schludnego i jednolitego wygl\u0105du<\/li>\r\n  <li>Du\u0144ski design i jako\u015b\u0107 \u2013 stworzone z my\u015bl\u0105 o funkcjonalno\u015bci i estetyce<\/li>\r\n<\/ul>\r\n","product_category-highlighted_media":30762,"product_category-cta":{"product_category_cta":null},"comparrison_image":"","product_category-some_of_our_combinations":18936,"hero-media":[30731],"hero-h1":"Metallic Panele","hero-sub_header":""},"_links":{"self":[{"href":"https:\/\/denpanels.com\/pl\/wp-json\/wp\/v2\/pages\/30774","targetHints":{"allow":["GET"]}}],"collection":[{"href":"https:\/\/denpanels.com\/pl\/wp-json\/wp\/v2\/pages"}],"about":[{"href":"https:\/\/denpanels.com\/pl\/wp-json\/wp\/v2\/types\/page"}],"author":[{"embeddable":true,"href":"https:\/\/denpanels.com\/pl\/wp-json\/wp\/v2\/users\/3"}],"replies":[{"embeddable":true,"href":"https:\/\/denpanels.com\/pl\/wp-json\/wp\/v2\/comments?post=30774"}],"version-history":[{"count":3,"href":"https:\/\/denpanels.com\/pl\/wp-json\/wp\/v2\/pages\/30774\/revisions"}],"predecessor-version":[{"id":30832,"href":"https:\/\/denpanels.com\/pl\/wp-json\/wp\/v2\/pages\/30774\/revisions\/30832"}],"acf:attachment":[{"embeddable":true,"href":"https:\/\/denpanels.com\/pl\/wp-json\/wp\/v2\/media\/30731"}],"acf:post":[{"embeddable":true,"href":"https:\/\/denpanels.com\/pl\/wp-json\/wp\/v2\/translation\/18936"}],"acf:term":[{"embeddable":true,"taxonomy":"product-category","href":"https:\/\/denpanels.com\/pl\/wp-json\/wp\/v2\/product-category\/941"}],"wp:attachment":[{"href":"https:\/\/denpanels.com\/pl\/wp-json\/wp\/v2\/media?parent=30774"}],"wp:term":[{"taxonomy":"page-section","embeddable":true,"href":"https:\/\/denpanels.com\/pl\/wp-json\/wp\/v2\/page-section?post=30774"},{"taxonomy":"page-template","embeddable":true,"href":"https:\/\/denpanels.com\/pl\/wp-json\/wp\/v2\/page-template?post=30774"}],"curies":[{"name":"wp","href":"https:\/\/api.w.org\/{rel}","templated":true}]}}