{"id":29400,"date":"2025-06-17T14:52:19","date_gmt":"2025-06-17T12:52:19","guid":{"rendered":"https:\/\/denpanels.com\/faq\/"},"modified":"2025-06-25T08:26:12","modified_gmt":"2025-06-25T06:26:12","slug":"faq","status":"publish","type":"page","link":"https:\/\/denpanels.com\/pl\/faq\/","title":{"rendered":"FAQ"},"content":{"rendered":"","protected":false},"excerpt":{"rendered":"","protected":false},"author":1,"featured_media":0,"parent":0,"menu_order":0,"comment_status":"closed","ping_status":"closed","template":"","meta":{"_acf_changed":false,"footnotes":""},"page-section":[536,525,526],"page-template":[766],"class_list":["post-29400","page","type-page","status-publish","hentry","page-section-content-blocks","page-section-hero","page-section-product-category","page-template-faq"],"acf":{"product_category-selected":false,"product_category-headline_p1":"Nie mog\u0119 znale\u017a\u0107","product_category-headline_p2":"czego szukasz?","product_category-introduction":"Zawsze mo\u017cesz si\u0119 z nami skontaktowa\u0107 - jeste\u015bmy tutaj, aby pom\u00f3c.\r\n\r\n<strong>Kontakt<\/strong>\r\ndenpanels@fog-veno.com\r\n(+45) 88 77 83 70\r\n\r\n<strong>Godziny pracy (CET)<\/strong>\r\nPoniedzia\u0142ek 08:00 - 16:00\r\nWtorek 08:00 - 16:00\r\n\u015aroda 08:00 - 16:00\r\nCzwartek 08:00 - 16:00\r\nPi\u0105tek 08:00 - 14:00","product_category-highlighted_media":29419,"product_category-cta":{"product_category_cta":null},"comparrison_image":null,"product_category-some_of_our_combinations":"","hero-media":[29294],"hero-h1":"FAQ","hero-sub_header":""},"_links":{"self":[{"href":"https:\/\/denpanels.com\/pl\/wp-json\/wp\/v2\/pages\/29400","targetHints":{"allow":["GET"]}}],"collection":[{"href":"https:\/\/denpanels.com\/pl\/wp-json\/wp\/v2\/pages"}],"about":[{"href":"https:\/\/denpanels.com\/pl\/wp-json\/wp\/v2\/types\/page"}],"author":[{"embeddable":true,"href":"https:\/\/denpanels.com\/pl\/wp-json\/wp\/v2\/users\/1"}],"replies":[{"embeddable":true,"href":"https:\/\/denpanels.com\/pl\/wp-json\/wp\/v2\/comments?post=29400"}],"version-history":[{"count":1,"href":"https:\/\/denpanels.com\/pl\/wp-json\/wp\/v2\/pages\/29400\/revisions"}],"predecessor-version":[{"id":29409,"href":"https:\/\/denpanels.com\/pl\/wp-json\/wp\/v2\/pages\/29400\/revisions\/29409"}],"acf:attachment":[{"embeddable":true,"href":"https:\/\/denpanels.com\/pl\/wp-json\/wp\/v2\/media\/29294"}],"wp:attachment":[{"href":"https:\/\/denpanels.com\/pl\/wp-json\/wp\/v2\/media?parent=29400"}],"wp:term":[{"taxonomy":"page-section","embeddable":true,"href":"https:\/\/denpanels.com\/pl\/wp-json\/wp\/v2\/page-section?post=29400"},{"taxonomy":"page-template","embeddable":true,"href":"https:\/\/denpanels.com\/pl\/wp-json\/wp\/v2\/page-template?post=29400"}],"curies":[{"name":"wp","href":"https:\/\/api.w.org\/{rel}","templated":true}]}}