{"id":28749,"date":"2025-06-05T08:51:11","date_gmt":"2025-06-05T06:51:11","guid":{"rendered":"https:\/\/denpanels.com\/?page_id=28749"},"modified":"2025-09-03T12:13:43","modified_gmt":"2025-09-03T10:13:43","slug":"nordic-outdoor-panele","status":"publish","type":"page","link":"https:\/\/denpanels.com\/pl\/panele\/nordic-outdoor-panele\/","title":{"rendered":"Nordic Outdoor Panele"},"content":{"rendered":"","protected":false},"excerpt":{"rendered":"","protected":false},"author":1,"featured_media":0,"parent":8127,"menu_order":3,"comment_status":"closed","ping_status":"closed","template":"","meta":{"_acf_changed":false,"footnotes":""},"page-section":[525,530,528,526],"page-template":[765],"class_list":["post-28749","page","type-page","status-publish","hentry","page-section-hero","page-section-main-category","page-section-megamenu","page-section-product-category","page-template-category-outdoor-panels"],"acf":{"outdoorpanels_products":[{"outdoorpanels_products-images":[28585,28594,28621,28603,28612],"outdoorpanels_products-info":{"outdoorpanels_products-name":"Nordic Outdoor panel dekoracyjny","outdoorpanels_products-description":"Nordic Outdoor panele dekoracyjne zosta\u0142y opracowane z my\u015bl\u0105 o zadaszonych przestrzeniach zewn\u0119trznych, takich jak tarasy, wiaty samochodowe i balkony. \u0141\u0105cz\u0105 estetyk\u0119 z funkcjonalno\u015bci\u0105 i s\u0105 wykonane z trwa\u0142ych listew ThermoWood zamontowanych na filcu odpornym na wilgo\u0107. Panele dekoracyjne tworz\u0105 harmonijny i jednolity wygl\u0105d, dodaj\u0105c g\u0142\u0119bi i ciep\u0142a Twoim zadaszonym przestrzeniom na zewn\u0105trz.","outdoorpanels_products-usp_headline":"Dlaczego warto wybra\u0107 Nordic Outdoor panele dekoracyjne?","outdoorpanels_products-usp":[{"outdoorpanels_products-usp_text":"Idealne do zadaszonych przestrzeni zewn\u0119trznych \u2013 stw\u00f3rz ekskluzywny wygl\u0105d"},{"outdoorpanels_products-usp_text":"Rozwi\u0105zanie oszcz\u0119dzaj\u0105ce czas"},{"outdoorpanels_products-usp_text":"\u0141atwa instalacja bez potrzeby specjalistycznych narz\u0119dzi"}]},"outdoorpanels_products-datasheet":{"outdoorpanels_products-button_text":18957,"category_datasheet-issuu_link":"https:\/\/issuu.com\/fogveno\/docs\/pl_nordic_outdoor_design_panel?fr=xKAE9_zMzMw"},"outdoorpanels_products-installation":{"outdoorpanels_products_installation-button_cta":28631,"outdoorpanels_products_installation-headline":28631,"outdoorpanels_products_installation-guide":"Monta\u017c krok po kroku\r\n\r\nPrzygotowanie: Upewnij si\u0119, \u017ce \u015bciana jest p\u0142aska i stabilna. W razie potrzeby zainstaluj membran\u0119 przeciwwiatrow\u0105. Przeczytaj instrukcj\u0119 monta\u017cu do\u0142\u0105czon\u0105 do opakowania.\r\n\r\nMonta\u017c \u0142at: U\u017cyj odpowiednich drewnianych \u0142at z w\u0142a\u015bciwym odst\u0119pem. U\u017cyj minimum 15 wkr\u0119t\u00f3w fasadowych Nordic Outdoor PRO na panel (\u00d84,0 x 30 mm). Panele powinny by\u0107 montowane stron\u0105 pokryt\u0105 filcem skierowan\u0105 w stron\u0119 \u0142at.\r\n\r\nMocowanie paneli: Zamontuj panele u\u017cywaj\u0105c wkr\u0119t\u00f3w fasadowych Nordic Outdoor PRO.\r\n\r\nDopasowanie panelu: Je\u015bli musisz dostosowa\u0107 szeroko\u015b\u0107 lub d\u0142ugo\u015b\u0107 paneli, zalecamy u\u017cycie wyrzynarki lub pilarki tarczowej do ci\u0119cia.\r\n\r\n","outdoorpanels_products_installation-video_url":"https:\/\/youtu.be\/xeJ2UGuPZbQ"}},{"outdoorpanels_products-images":[28648,28657,28684,28675,28666],"outdoorpanels_products-info":{"outdoorpanels_products-name":"Nordic Outdoor Panel FLEX","outdoorpanels_products-description":"Nordic Outdoor Panele FLEX to solidne i estetyczne rozwi\u0105zanie elewacyjne, zaprojektowane z my\u015bl\u0105 o szybkim i precyzyjnym monta\u017cu. Panel sk\u0142ada si\u0119 z lameli ThermoWood zamontowanych na podk\u0142adzie z tego samego materia\u0142u \u2013 podk\u0142ad ten jest widoczn\u0105 i integraln\u0105 cz\u0119\u015bci\u0105 designu. Tworzy harmonijny i jednolity wygl\u0105d mi\u0119dzy lamelami oraz dodaje g\u0142\u0119bi i ciep\u0142a elewacji.","outdoorpanels_products-usp_headline":"Dlaczego warto wybra\u0107 Nordic Outdoor Panele FLEX?","outdoorpanels_products-usp":[{"outdoorpanels_products-usp_text":"Widoczny podk\u0142ad za panelem"},{"outdoorpanels_products-usp_text":"Oszcz\u0119dno\u015b\u0107 czasu: szybki monta\u017c i elastyczne dopasowanie"},{"outdoorpanels_products-usp_text":"Odporne na wilgo\u0107, ple\u015b\u0144 i wahania temperatury"}]},"outdoorpanels_products-datasheet":{"outdoorpanels_products-button_text":18957,"category_datasheet-issuu_link":"https:\/\/issuu.com\/fogveno\/docs\/pl_nordic_outdoor_flex_panel?fr=xKAE9_zMzMw"},"outdoorpanels_products-installation":{"outdoorpanels_products_installation-button_cta":28631,"outdoorpanels_products_installation-headline":28631,"outdoorpanels_products_installation-guide":"Monta\u017c krok po kroku\r\n\r\nPrzygotowanie: Upewnij si\u0119, \u017ce otaczaj\u0105ce elementy budowlane s\u0105 prawid\u0142owo wykonane i zapewniaj\u0105 odpowiedni\u0105 ochron\u0119 oraz wsparcie dla elewacji. Zapewnij odp\u0142yw wody, wentylacj\u0119 oraz mo\u017cliwo\u015b\u0107 ruch\u00f3w konstrukcji. Elewacja nie mo\u017ce mie\u0107 bezpo\u015bredniego kontaktu z gruntem (minimalna odleg\u0142o\u015b\u0107 200 mm od terenu).\r\n\r\nMocowanie paneli: U\u017cyj gwo\u017adzi z pier\u015bcieniowym trzonkiem lub wkr\u0119t\u00f3w fasadowych Nordic Outdoor FLEX. Zaleca si\u0119 wcze\u015bniejsze nawiercenie otwor\u00f3w na ko\u0144cach profili, aby zapobiec p\u0119kaniu.\r\n\r\nMonta\u017c paneli: Zacznij od do\u0142u i kontynuuj w g\u00f3r\u0119. Ci\u0105gle kontroluj pionowe i poziome wyr\u00f3wnanie.\r\n\r\nDopasowanie paneli: Do precyzyjnego ci\u0119cia u\u017cyj wyrzynarki lub pilarki tarczowej.","outdoorpanels_products_installation-video_url":"https:\/\/youtu.be\/xeJ2UGuPZbQ"}},{"outdoorpanels_products-images":[28693,28711,28738,28729,28702,28720],"outdoorpanels_products-info":{"outdoorpanels_products-name":"Nordic Outdoor Panel PRO","outdoorpanels_products-description":"Nordic Outdoor Panele PRO to odporne na warunki atmosferyczne i estetyczne rozwi\u0105zanie elewacyjne. Panel wykonany jest z p\u0142yt z we\u0142ny skalnej oraz ekskluzywnych lameli ThermoWood, co zapewnia d\u0142ug\u0105 trwa\u0142o\u015b\u0107, minimaln\u0105 konserwacj\u0119 oraz odporno\u015b\u0107 na wilgo\u0107 i wahania temperatur.","outdoorpanels_products-usp_headline":"Dlaczego warto wybra\u0107 Nordic Outdoor Panele PRO?","outdoorpanels_products-usp":[{"outdoorpanels_products-usp_text":"Unikalna konstrukcja z p\u0142yt z we\u0142ny skalnej i lameli ThermoWood"},{"outdoorpanels_products-usp_text":"Trwa\u0142a i odporna na warunki atmosferyczne elewacja o minimalnych wymaganiach konserwacyjnych"},{"outdoorpanels_products-usp_text":"\u0141atwa instalacja bez potrzeby specjalistycznych narz\u0119dzi"}]},"outdoorpanels_products-datasheet":{"outdoorpanels_products-button_text":18957,"category_datasheet-issuu_link":"https:\/\/issuu.com\/fogveno\/docs\/pl_nordic_outdoor_pro_panel?fr=xKAE9_zMzMw"},"outdoorpanels_products-installation":{"outdoorpanels_products_installation-button_cta":28631,"outdoorpanels_products_installation-headline":28631,"outdoorpanels_products_installation-guide":"Monta\u017c krok po kroku\r\n\r\nPrzygotowanie: Oczy\u015b\u0107 i przygotuj powierzchni\u0119. Przeczytaj instrukcj\u0119 monta\u017cu do\u0142\u0105czon\u0105 do opakowania. W razie potrzeby zamontuj barier\u0119 przeciwwiatrow\u0105.\r\n\r\nMonta\u017c \u0142at: Zamontuj \u0142aty z maksymalnym rozstawem C\/C 300 mm. Zapewnij odpowiedni\u0105 wentylacj\u0119.\r\n\r\nMocowanie paneli: Zamontuj panele przy u\u017cyciu wkr\u0119t\u00f3w fasadowych, stosuj\u0105c co najmniej 10 wkr\u0119t\u00f3w na m\u00b2.\r\n\r\nWyko\u0144czenie: Sprawd\u017a, czy wszystkie panele s\u0105 prawid\u0142owo wyr\u00f3wnane. W razie potrzeby zamontuj siatk\u0119 przeciw owadom na g\u00f3rze i na dole.","outdoorpanels_products_installation-video_url":"https:\/\/youtu.be\/KEGL-QCWLq8"}},{"outdoorpanels_products-images":[30163],"outdoorpanels_products-info":{"outdoorpanels_products-name":"Panele Nordic Outdoor FR PRO","outdoorpanels_products-description":"Panele Nordic Outdoor FR PRO zosta\u0142y zaprojektowane do p\u00f3\u0142otwartych i zadaszonych przestrzeni zewn\u0119trznych, gdzie bezpiecze\u0144stwo i estetyka s\u0105 kluczowe. Wykonane z ognioodpornych p\u0142yt z we\u0142ny skalnej oraz listew ThermoWood, panele \u0142\u0105cz\u0105 skandynawski design z certyfikowan\u0105 odporno\u015bci\u0105 ogniow\u0105 (B-s2,d0). Zapewniaj\u0105 d\u0142ugotrwa\u0142\u0105 wydajno\u015b\u0107 przy minimalnej konserwacji, dzi\u0119ki czemu s\u0105 idealne zar\u00f3wno do nowych inwestycji, jak i modernizacji.","outdoorpanels_products-usp_headline":"Dlaczego warto wybra\u0107 Panele Nordic Outdoor FR PRO?","outdoorpanels_products-usp":[{"outdoorpanels_products-usp_text":"Rozwi\u0105zanie ognioodporne (B-s2,d0) do zastosowa\u0144 zewn\u0119trznych"},{"outdoorpanels_products-usp_text":"Po\u0142\u0105czenie bezpiecze\u0144stwa z estetyk\u0105 skandynawskiego designu"},{"outdoorpanels_products-usp_text":"\u0141atwy i szybki monta\u017c"}]},"outdoorpanels_products-datasheet":{"outdoorpanels_products-button_text":18957,"category_datasheet-issuu_link":"https:\/\/issuu.com\/fogveno\/docs\/pl_nordic_outdoor_fr_pro_panel?fr=xKAE9_zMzMw"},"outdoorpanels_products-installation":{"outdoorpanels_products_installation-button_cta":"","outdoorpanels_products_installation-headline":"","outdoorpanels_products_installation-guide":"","outdoorpanels_products_installation-video_url":""}}],"product_category-selected":false,"product_category-headline_p1":"REAL WOOD,","product_category-headline_p2":"REAL ACOUSTIC IMPROVEMENTS","product_category-introduction":"All BY VEN\u00d8 acoustic panels are much more than just a visual product. You get a product that makes the room\u2019s acoustics and level of reverberation significantly better!\r\n\r\nOur Danish-made acoustic panels break the sound and absorb the sound wave, so it dies out when it hits the panels.\r\n\r\nThis means that the sound wave is eliminated and the reverberation time is shortened, which will improve the indoor climate and the feeling of well-being in the room, whether we are talking about private, commercial or public buildings.\r\n\r\nThe combination of the slat structure and the acoustic polyester felt divides the sound waves and absorbs them when they hit the panel. This means that the sound is not reflected back into the room, but is absorbed into the panel.\r\n\r\nThe panel is made of slats of black MDF with a surface of real wood veneer, which is attached to a 9mm \/ 0.35 in black polyester felt of recycled plastic. Our wood panels are also made from materials from responsibly managed FSC\u2122certified forests and other controlled sources.","product_category-highlighted_media":"","product_category-cta":{"product_category_cta":null},"comparrison_image":"","product_category-some_of_our_combinations":"","hero-media":[28558,28567,28576],"hero-h1":"Nordic Outdoor Panele ","hero-sub_header":""},"_links":{"self":[{"href":"https:\/\/denpanels.com\/pl\/wp-json\/wp\/v2\/pages\/28749","targetHints":{"allow":["GET"]}}],"collection":[{"href":"https:\/\/denpanels.com\/pl\/wp-json\/wp\/v2\/pages"}],"about":[{"href":"https:\/\/denpanels.com\/pl\/wp-json\/wp\/v2\/types\/page"}],"author":[{"embeddable":true,"href":"https:\/\/denpanels.com\/pl\/wp-json\/wp\/v2\/users\/1"}],"replies":[{"embeddable":true,"href":"https:\/\/denpanels.com\/pl\/wp-json\/wp\/v2\/comments?post=28749"}],"version-history":[{"count":4,"href":"https:\/\/denpanels.com\/pl\/wp-json\/wp\/v2\/pages\/28749\/revisions"}],"predecessor-version":[{"id":30181,"href":"https:\/\/denpanels.com\/pl\/wp-json\/wp\/v2\/pages\/28749\/revisions\/30181"}],"up":[{"embeddable":true,"href":"https:\/\/denpanels.com\/pl\/wp-json\/wp\/v2\/pages\/8127"}],"acf:attachment":[{"embeddable":true,"href":"https:\/\/denpanels.com\/pl\/wp-json\/wp\/v2\/media\/28576"},{"embeddable":true,"href":"https:\/\/denpanels.com\/pl\/wp-json\/wp\/v2\/media\/28567"},{"embeddable":true,"href":"https:\/\/denpanels.com\/pl\/wp-json\/wp\/v2\/media\/28558"}],"wp:attachment":[{"href":"https:\/\/denpanels.com\/pl\/wp-json\/wp\/v2\/media?parent=28749"}],"wp:term":[{"taxonomy":"page-section","embeddable":true,"href":"https:\/\/denpanels.com\/pl\/wp-json\/wp\/v2\/page-section?post=28749"},{"taxonomy":"page-template","embeddable":true,"href":"https:\/\/denpanels.com\/pl\/wp-json\/wp\/v2\/page-template?post=28749"}],"curies":[{"name":"wp","href":"https:\/\/api.w.org\/{rel}","templated":true}]}}