{"id":22862,"date":"2025-03-11T08:56:57","date_gmt":"2025-03-11T07:56:57","guid":{"rendered":"https:\/\/new.denpanels.com\/?page_id=22862"},"modified":"2025-04-16T10:12:31","modified_gmt":"2025-04-16T08:12:31","slug":"plyty","status":"publish","type":"page","link":"https:\/\/denpanels.com\/pl\/panele\/akcesoria\/plyty\/","title":{"rendered":"P\u0142yty"},"content":{"rendered":"","protected":false},"excerpt":{"rendered":"","protected":false},"author":3,"featured_media":0,"parent":12199,"menu_order":0,"comment_status":"closed","ping_status":"closed","template":"","meta":{"_acf_changed":false,"footnotes":""},"page-section":[524,525,528,526],"page-template":[370],"class_list":["post-22862","page","type-page","status-publish","hentry","page-section-datasheet","page-section-hero","page-section-megamenu","page-section-product-category","page-template-product-sub-category"],"acf":{"product_category-selected":false,"product_category-headline_p1":"Inteligentne przechowywanie","product_category-headline_p2":"Spe\u0142nia wymagania stylowego designu","product_category-introduction":"Ulepsz swoje panele akustyczne Denpanels funkcjonalnymi i stylowymi rozwi\u0105zaniami do przechowywania, kt\u00f3re utrzymuj\u0105 Twoj\u0105 przestrze\u0144 zorganizowan\u0105 i eleganck\u0105. Zaprojektowane z my\u015bl\u0105 o bezproblemowej integracji, te panele do przechowywania \u0142\u0105cz\u0105 praktyczno\u015b\u0107 z nowoczesn\u0105 estetyk\u0105.\r\n\r\n<strong>Czarna siatka do przechowywania z 4 hakami<\/strong> \u2013 trwa\u0142a metalowa siatka, idealna do wieszania kluczy, akcesori\u00f3w lub artyku\u0142\u00f3w biurowych.  \r\n<strong>Czarna tablica magnetyczna z p\u00f3\u0142k\u0105<\/strong> \u2013 magnetyczna powierzchnia z wbudowan\u0105 p\u00f3\u0142k\u0105, idealna do notatek, przypomnie\u0144 i drobnych przedmiot\u00f3w.  \r\n<strong>Czarna tablica do notatek<\/strong> \u2013 elegancka, minimalistyczna tablica do zapisywania zada\u0144 lub wyeksponowania dekoracji.\r\n\r\n\u0141atwe w monta\u017cu i zaprojektowane tak, aby idealnie pasowa\u0142y do Twoich paneli akustycznych, te panele do przechowywania dodaj\u0105 praktyczny, oszcz\u0119dzaj\u0105cy miejsce akcent, nie rezygnuj\u0105c ze stylu.\r\n\r\nInteligentne przechowywanie. Bezszwowy design. Maksymalna funkcjonalno\u015b\u0107.","product_category-highlighted_media":22271,"product_category-cta":{"product_category_cta":null},"comparrison_image":null,"product_category-some_of_our_combinations":"","hero-media":[24179],"hero-h1":"P\u0142yty","hero-sub_header":""},"_links":{"self":[{"href":"https:\/\/denpanels.com\/pl\/wp-json\/wp\/v2\/pages\/22862","targetHints":{"allow":["GET"]}}],"collection":[{"href":"https:\/\/denpanels.com\/pl\/wp-json\/wp\/v2\/pages"}],"about":[{"href":"https:\/\/denpanels.com\/pl\/wp-json\/wp\/v2\/types\/page"}],"author":[{"embeddable":true,"href":"https:\/\/denpanels.com\/pl\/wp-json\/wp\/v2\/users\/3"}],"replies":[{"embeddable":true,"href":"https:\/\/denpanels.com\/pl\/wp-json\/wp\/v2\/comments?post=22862"}],"version-history":[{"count":2,"href":"https:\/\/denpanels.com\/pl\/wp-json\/wp\/v2\/pages\/22862\/revisions"}],"predecessor-version":[{"id":28235,"href":"https:\/\/denpanels.com\/pl\/wp-json\/wp\/v2\/pages\/22862\/revisions\/28235"}],"up":[{"embeddable":true,"href":"https:\/\/denpanels.com\/pl\/wp-json\/wp\/v2\/pages\/12199"}],"acf:attachment":[{"embeddable":true,"href":"https:\/\/denpanels.com\/pl\/wp-json\/wp\/v2\/media\/24179"}],"wp:attachment":[{"href":"https:\/\/denpanels.com\/pl\/wp-json\/wp\/v2\/media?parent=22862"}],"wp:term":[{"taxonomy":"page-section","embeddable":true,"href":"https:\/\/denpanels.com\/pl\/wp-json\/wp\/v2\/page-section?post=22862"},{"taxonomy":"page-template","embeddable":true,"href":"https:\/\/denpanels.com\/pl\/wp-json\/wp\/v2\/page-template?post=22862"}],"curies":[{"name":"wp","href":"https:\/\/api.w.org\/{rel}","templated":true}]}}