{"id":20620,"date":"2025-01-09T12:11:21","date_gmt":"2025-01-09T11:11:21","guid":{"rendered":"https:\/\/byveno.com\/panele\/akcesoria\/zawieszenie\/finishing-slates\/"},"modified":"2025-02-27T11:40:37","modified_gmt":"2025-02-27T10:40:37","slug":"listwy-wykonczeniowe","status":"publish","type":"page","link":"https:\/\/denpanels.com\/pl\/panele\/akcesoria\/listwy-wykonczeniowe\/","title":{"rendered":"Listwy Wyko\u0144czeniowe"},"content":{"rendered":"","protected":false},"excerpt":{"rendered":"","protected":false},"author":3,"featured_media":0,"parent":12199,"menu_order":0,"comment_status":"closed","ping_status":"closed","template":"","meta":{"_acf_changed":false,"footnotes":""},"page-section":[536,524,525,528,526],"page-template":[497],"class_list":["post-20620","page","type-page","status-publish","hentry","page-section-content-blocks","page-section-datasheet","page-section-hero","page-section-megamenu","page-section-product-category","page-template-category-finishing-slates"],"acf":{"finishing_slats-sub_categories_copy":[516,521],"product_category-selected":451,"product_category-headline_p1":"Listwy wyko\u0144czeniowe:","product_category-headline_p2":"Idealny ostatni akcent","product_category-introduction":"W Denpanels oferujemy listwy wyko\u0144czeniowe, kt\u00f3re zapewniaj\u0105 p\u0142ynne, sp\u00f3jne drewniane wyko\u0144czenie Twojej instalacji paneli akustycznych. Podczas gdy niekt\u00f3rzy preferuj\u0105 czarne kraw\u0119dzie, inni wybieraj\u0105 naturalny wygl\u0105d drewna \u2013 i tu wkraczaj\u0105 nasze listwy wyko\u0144czeniowe!\r\n\r\n<strong>Pasuj\u0105 do Twoich paneli<\/strong> \u2013 wykonane z MDF w pe\u0142nym kolorze, z prawdziwym fornirem drewnianym.  \r\n<strong>\u0141atwy monta\u017c<\/strong> \u2013 wystarczy zastosowa\u0107 klej monta\u017cowy.  \r\n<strong>Niestiandaryzowane rozmiary<\/strong> \u2013 dost\u0119pne w r\u00f3\u017cnych d\u0142ugo\u015bciach i szeroko\u015bciach do 3000 mm.\r\n\r\nWyb\u00f3r odpowiedniego rozmiaru:  \r\nListwa 27 mm \u2013 do paneli montowanych bezpo\u015brednio na \u015bcianie.  \r\nListwa 62 mm \u2013 do paneli montowanych na legarach.\r\n\r\nDzi\u0119ki listwom wyko\u0144czeniowym osi\u0105gniesz efekt solidnego drewna i pi\u0119kne, wypolerowane wyko\u0144czenie w Twoim projekcie Denpanels.\r\n\r\nBezszwowy design. Prosty monta\u017c. Zachwycaj\u0105ce rezultaty.","product_category-highlighted_media":19771,"product_category-cta":{"product_category_cta":null},"comparrison_image":null,"product_category-some_of_our_combinations":18936,"hero-media":[19779],"hero-h1":"Listwy Wyko\u0144czeniowe","hero-sub_header":""},"_links":{"self":[{"href":"https:\/\/denpanels.com\/pl\/wp-json\/wp\/v2\/pages\/20620","targetHints":{"allow":["GET"]}}],"collection":[{"href":"https:\/\/denpanels.com\/pl\/wp-json\/wp\/v2\/pages"}],"about":[{"href":"https:\/\/denpanels.com\/pl\/wp-json\/wp\/v2\/types\/page"}],"author":[{"embeddable":true,"href":"https:\/\/denpanels.com\/pl\/wp-json\/wp\/v2\/users\/3"}],"replies":[{"embeddable":true,"href":"https:\/\/denpanels.com\/pl\/wp-json\/wp\/v2\/comments?post=20620"}],"version-history":[{"count":8,"href":"https:\/\/denpanels.com\/pl\/wp-json\/wp\/v2\/pages\/20620\/revisions"}],"predecessor-version":[{"id":22820,"href":"https:\/\/denpanels.com\/pl\/wp-json\/wp\/v2\/pages\/20620\/revisions\/22820"}],"up":[{"embeddable":true,"href":"https:\/\/denpanels.com\/pl\/wp-json\/wp\/v2\/pages\/12199"}],"acf:attachment":[{"embeddable":true,"href":"https:\/\/denpanels.com\/pl\/wp-json\/wp\/v2\/media\/19779"}],"acf:post":[{"embeddable":true,"href":"https:\/\/denpanels.com\/pl\/wp-json\/wp\/v2\/translation\/18936"}],"acf:term":[{"embeddable":true,"taxonomy":"product-category","href":"https:\/\/denpanels.com\/pl\/wp-json\/wp\/v2\/product-category\/451"},{"embeddable":true,"taxonomy":"product-category","href":"https:\/\/denpanels.com\/pl\/wp-json\/wp\/v2\/product-category\/521"},{"embeddable":true,"taxonomy":"product-category","href":"https:\/\/denpanels.com\/pl\/wp-json\/wp\/v2\/product-category\/516"}],"wp:attachment":[{"href":"https:\/\/denpanels.com\/pl\/wp-json\/wp\/v2\/media?parent=20620"}],"wp:term":[{"taxonomy":"page-section","embeddable":true,"href":"https:\/\/denpanels.com\/pl\/wp-json\/wp\/v2\/page-section?post=20620"},{"taxonomy":"page-template","embeddable":true,"href":"https:\/\/denpanels.com\/pl\/wp-json\/wp\/v2\/page-template?post=20620"}],"curies":[{"name":"wp","href":"https:\/\/api.w.org\/{rel}","templated":true}]}}