{"id":20573,"date":"2025-01-09T12:05:05","date_gmt":"2025-01-09T11:05:05","guid":{"rendered":"https:\/\/byveno.com\/panele\/akcesoria\/zawieszenie-2\/shelves\/"},"modified":"2025-04-16T10:14:07","modified_gmt":"2025-04-16T08:14:07","slug":"przechowywanie","status":"publish","type":"page","link":"https:\/\/denpanels.com\/pl\/panele\/akcesoria\/przechowywanie\/","title":{"rendered":"Przechowywanie"},"content":{"rendered":"<div><\/div>\n<div><\/div>\n<p>&nbsp;<\/p>\n<p>&nbsp;<\/p>\n<ul>\n<li><\/li>\n<li><\/li>\n<li><\/li>\n<li><\/li>\n<\/ul>\n<ul>\n<li><\/li>\n<li><\/li>\n<li><\/li>\n<li><\/li>\n<\/ul>\n<ul>\n<li><\/li>\n<li><\/li>\n<li><\/li>\n<li><\/li>\n<\/ul>\n<ul>\n<li><\/li>\n<li><\/li>\n<li><\/li>\n<li><\/li>\n<\/ul>\n<div><\/div>\n<p><!--more--><\/p>\n","protected":false},"excerpt":{"rendered":"<p>&nbsp; &nbsp;<\/p>\n","protected":false},"author":3,"featured_media":0,"parent":12199,"menu_order":0,"comment_status":"closed","ping_status":"closed","template":"","meta":{"_acf_changed":false,"footnotes":""},"page-section":[524,525,529,528,526],"page-template":[370],"class_list":["post-20573","page","type-page","status-publish","hentry","page-section-datasheet","page-section-hero","page-section-highlighted-inspiration","page-section-megamenu","page-section-product-category","page-template-product-sub-category"],"acf":{"product_category-selected":441,"product_category-headline_p1":"Inteligentne przechowywanie","product_category-headline_p2":"Spe\u0142nia wymagania stylowego designu","product_category-introduction":"W Denpanels przekszta\u0142camy Twoje panele akustyczne w funkcjonalne rozwi\u0105zania do przechowywania dzi\u0119ki naszym eleganckim i praktycznym p\u00f3\u0142kom. Zaprojektowane z my\u015bl\u0105 o \u0142atwym monta\u017cu, te p\u00f3\u0142ki oferuj\u0105 sprytny spos\u00f3b na przechowywanie i wyeksponowanie codziennych niezb\u0119dnik\u00f3w, nie kompromituj\u0105c akustyki.\r\n\r\n<strong>\u0141atwy monta\u017c<\/strong> \u2013 bezproblemowo integruje si\u0119 z Twoimi panelami akustycznymi.  \r\n<strong>Wszechstronny design<\/strong> \u2013 idealne na ro\u015bliny, ksi\u0105\u017cki i dekoracyjne przedmioty.  \r\n<strong>Solidne i trwa\u0142e<\/strong> \u2013 wspiera do 5 kg \/ 11 lbs.\r\n\r\nP\u00f3\u0142ki do przechowywania z haczykami  \r\nDodaj funkcjonalno\u015bci i stylu do swojego przedpokoju, biura lub przestrzeni \u017cyciowej dzi\u0119ki naszym p\u00f3\u0142kom do przechowywania z czterema zintegrowanymi haczykami. Idealne na klucze, torby i inne drobne przedmioty, pomagaj\u0105 utrzyma\u0107 porz\u0105dek w przestrzeni, zachowuj\u0105c optymaln\u0105 akustyk\u0119 pomieszczenia.\r\n\r\nWymiary: 50 x 215 x 70 mm  \r\nNo\u015bno\u015b\u0107: 5 kg \/ 11 lbs\r\n\r\nInteligentne przechowywanie, kt\u00f3re jest proste.","product_category-highlighted_media":20256,"product_category-cta":{"product_category_cta":null},"comparrison_image":null,"product_category-some_of_our_combinations":18936,"hero-media":[12388,22766],"hero-h1":"Przechowywanie","hero-sub_header":""},"_links":{"self":[{"href":"https:\/\/denpanels.com\/pl\/wp-json\/wp\/v2\/pages\/20573","targetHints":{"allow":["GET"]}}],"collection":[{"href":"https:\/\/denpanels.com\/pl\/wp-json\/wp\/v2\/pages"}],"about":[{"href":"https:\/\/denpanels.com\/pl\/wp-json\/wp\/v2\/types\/page"}],"author":[{"embeddable":true,"href":"https:\/\/denpanels.com\/pl\/wp-json\/wp\/v2\/users\/3"}],"replies":[{"embeddable":true,"href":"https:\/\/denpanels.com\/pl\/wp-json\/wp\/v2\/comments?post=20573"}],"version-history":[{"count":6,"href":"https:\/\/denpanels.com\/pl\/wp-json\/wp\/v2\/pages\/20573\/revisions"}],"predecessor-version":[{"id":28238,"href":"https:\/\/denpanels.com\/pl\/wp-json\/wp\/v2\/pages\/20573\/revisions\/28238"}],"up":[{"embeddable":true,"href":"https:\/\/denpanels.com\/pl\/wp-json\/wp\/v2\/pages\/12199"}],"acf:attachment":[{"embeddable":true,"href":"https:\/\/denpanels.com\/pl\/wp-json\/wp\/v2\/media\/22766"},{"embeddable":true,"href":"https:\/\/denpanels.com\/pl\/wp-json\/wp\/v2\/media\/12388"}],"acf:post":[{"embeddable":true,"href":"https:\/\/denpanels.com\/pl\/wp-json\/wp\/v2\/translation\/18936"}],"acf:term":[{"embeddable":true,"taxonomy":"product-category","href":"https:\/\/denpanels.com\/pl\/wp-json\/wp\/v2\/product-category\/441"}],"wp:attachment":[{"href":"https:\/\/denpanels.com\/pl\/wp-json\/wp\/v2\/media?parent=20573"}],"wp:term":[{"taxonomy":"page-section","embeddable":true,"href":"https:\/\/denpanels.com\/pl\/wp-json\/wp\/v2\/page-section?post=20573"},{"taxonomy":"page-template","embeddable":true,"href":"https:\/\/denpanels.com\/pl\/wp-json\/wp\/v2\/page-template?post=20573"}],"curies":[{"name":"wp","href":"https:\/\/api.w.org\/{rel}","templated":true}]}}