{"id":20553,"date":"2025-01-09T12:01:39","date_gmt":"2025-01-09T11:01:39","guid":{"rendered":"https:\/\/byveno.com\/panele\/akcesoria\/zawieszenie-2\/led-light-cover\/"},"modified":"2025-04-16T10:13:35","modified_gmt":"2025-04-16T08:13:35","slug":"led-light-cover","status":"publish","type":"page","link":"https:\/\/denpanels.com\/pl\/panele\/akcesoria\/led-light-cover\/","title":{"rendered":"LED Light Cover"},"content":{"rendered":"","protected":false},"excerpt":{"rendered":"","protected":false},"author":3,"featured_media":0,"parent":12199,"menu_order":0,"comment_status":"closed","ping_status":"closed","template":"","meta":{"_acf_changed":false,"footnotes":""},"page-section":[524,525,529,526],"page-template":[370],"class_list":["post-20553","page","type-page","status-publish","hentry","page-section-datasheet","page-section-hero","page-section-highlighted-inspiration","page-section-product-category","page-template-product-sub-category"],"acf":{"product_category-selected":436,"product_category-headline_p1":"Podkre\u015bl swoje panele akustyczne","product_category-headline_p2":"z os\u0142onami LED","product_category-introduction":"W Denpanels u\u0142atwiamy integracj\u0119 stylowego o\u015bwietlenia z Twoimi panelami akustycznymi dzi\u0119ki naszej os\u0142onie LED.\r\n\r\nZaprojektowana z my\u015bl\u0105 o \u0142atwej instalacji, ta os\u0142ona idealnie pasuje na ta\u015bm\u0119 LED umieszczon\u0105 pomi\u0119dzy listwami, zapewniaj\u0105c r\u00f3wnomierne rozproszenie \u015bwiat\u0142a i p\u0142ynny estetyczny wygl\u0105d, bez konieczno\u015bci modyfikowania samej ta\u015bmy LED.\r\n\r\n<strong>Elegancka i nowoczesna<\/strong> \u2013 podkre\u015bla zar\u00f3wno o\u015bwietlenie, jak i design panelu.  \r\n<strong>\u0141atwy monta\u017c<\/strong> \u2013 wystarczy umie\u015bci\u0107 na ta\u015bmie LED.  \r\n<strong>Idealne dopasowanie<\/strong> \u2013 zaprojektowane do stosowania z panelami akustycznymi Denpanels.\r\n\r\nSzczeg\u00f3\u0142y produktu:  \r\nWymiary: 600 x 45 x 10 mm  \r\nW zestawie: 4 os\u0142ony LED\r\n\r\nTa\u015bma LED nie jest do\u0142\u0105czona.\r\n\r\nStw\u00f3rz pi\u0119knie o\u015bwietlon\u0105 przestrze\u0144 z minimalnym wysi\u0142kiem!","product_category-highlighted_media":20504,"product_category-cta":{"product_category_cta":null},"comparrison_image":null,"product_category-some_of_our_combinations":18936,"hero-media":[20512],"hero-h1":"LED Light Cover","hero-sub_header":""},"_links":{"self":[{"href":"https:\/\/denpanels.com\/pl\/wp-json\/wp\/v2\/pages\/20553","targetHints":{"allow":["GET"]}}],"collection":[{"href":"https:\/\/denpanels.com\/pl\/wp-json\/wp\/v2\/pages"}],"about":[{"href":"https:\/\/denpanels.com\/pl\/wp-json\/wp\/v2\/types\/page"}],"author":[{"embeddable":true,"href":"https:\/\/denpanels.com\/pl\/wp-json\/wp\/v2\/users\/3"}],"replies":[{"embeddable":true,"href":"https:\/\/denpanels.com\/pl\/wp-json\/wp\/v2\/comments?post=20553"}],"version-history":[{"count":4,"href":"https:\/\/denpanels.com\/pl\/wp-json\/wp\/v2\/pages\/20553\/revisions"}],"predecessor-version":[{"id":28237,"href":"https:\/\/denpanels.com\/pl\/wp-json\/wp\/v2\/pages\/20553\/revisions\/28237"}],"up":[{"embeddable":true,"href":"https:\/\/denpanels.com\/pl\/wp-json\/wp\/v2\/pages\/12199"}],"acf:attachment":[{"embeddable":true,"href":"https:\/\/denpanels.com\/pl\/wp-json\/wp\/v2\/media\/20512"}],"acf:post":[{"embeddable":true,"href":"https:\/\/denpanels.com\/pl\/wp-json\/wp\/v2\/translation\/18936"}],"acf:term":[{"embeddable":true,"taxonomy":"product-category","href":"https:\/\/denpanels.com\/pl\/wp-json\/wp\/v2\/product-category\/436"}],"wp:attachment":[{"href":"https:\/\/denpanels.com\/pl\/wp-json\/wp\/v2\/media?parent=20553"}],"wp:term":[{"taxonomy":"page-section","embeddable":true,"href":"https:\/\/denpanels.com\/pl\/wp-json\/wp\/v2\/page-section?post=20553"},{"taxonomy":"page-template","embeddable":true,"href":"https:\/\/denpanels.com\/pl\/wp-json\/wp\/v2\/page-template?post=20553"}],"curies":[{"name":"wp","href":"https:\/\/api.w.org\/{rel}","templated":true}]}}