{"id":20455,"date":"2025-01-09T12:16:51","date_gmt":"2025-01-09T11:16:51","guid":{"rendered":"https:\/\/byveno.com\/panele\/akcesoria\/rozwiazania-montazowe\/mounting-screws\/"},"modified":"2025-02-27T12:01:39","modified_gmt":"2025-02-27T11:01:39","slug":"sruby-montazowe","status":"publish","type":"page","link":"https:\/\/denpanels.com\/pl\/panele\/akcesoria\/sruby-montazowe\/","title":{"rendered":"\u015aruby Monta\u017cowe"},"content":{"rendered":"","protected":false},"excerpt":{"rendered":"","protected":false},"author":3,"featured_media":0,"parent":12199,"menu_order":0,"comment_status":"closed","ping_status":"closed","template":"","meta":{"_acf_changed":false,"footnotes":""},"page-section":[525,529,526],"page-template":[370],"class_list":["post-20455","page","type-page","status-publish","hentry","page-section-hero","page-section-highlighted-inspiration","page-section-product-category","page-template-product-sub-category"],"acf":{"product_category-selected":422,"product_category-headline_p1":"Bezpieczny i bezszwowy monta\u017c","product_category-headline_p2":"dla Twoich paneli","product_category-introduction":"W Denpanels u\u0142atwiamy monta\u017c dzi\u0119ki precyzyjnie zaprojektowanym wkr\u0119tom monta\u017cowym, zapewniaj\u0105c stabiln\u0105 i eleganck\u0105 instalacj\u0119.\r\n\r\n<strong>Idealne dopasowanie<\/strong> \u2013 zaprojektowane, aby bezpiecznie mocowa\u0107 si\u0119 pomi\u0119dzy listwami.  \r\n<strong>Diskretny wygl\u0105d<\/strong> \u2013 dost\u0119pne w czterech kolorach, kt\u00f3re pasuj\u0105 do filcowego podk\u0142adu panelu.  \r\n<strong>Kompletny zestaw<\/strong> \u2013 zawiera bit TX-20 do \u0142atwego monta\u017cu.\r\n\r\nSzczeg\u00f3\u0142y opakowania:  \r\nWymiary: 4,0 x 30 mm  \r\nIlo\u015b\u0107: 50 sztuk  \r\nZawiera: bit TX-20\r\n\r\nDzi\u0119ki wkr\u0119tom monta\u017cowym Denpanels, otrzymujesz wszystko, czego potrzebujesz do profesjonalnej, bezszwowej i niezawodnej instalacji.","product_category-highlighted_media":28345,"product_category-cta":{"product_category_cta":null},"comparrison_image":null,"product_category-some_of_our_combinations":18936,"hero-media":[22740],"hero-h1":"\u015aruby Monta\u017cowe","hero-sub_header":""},"_links":{"self":[{"href":"https:\/\/denpanels.com\/pl\/wp-json\/wp\/v2\/pages\/20455","targetHints":{"allow":["GET"]}}],"collection":[{"href":"https:\/\/denpanels.com\/pl\/wp-json\/wp\/v2\/pages"}],"about":[{"href":"https:\/\/denpanels.com\/pl\/wp-json\/wp\/v2\/types\/page"}],"author":[{"embeddable":true,"href":"https:\/\/denpanels.com\/pl\/wp-json\/wp\/v2\/users\/3"}],"replies":[{"embeddable":true,"href":"https:\/\/denpanels.com\/pl\/wp-json\/wp\/v2\/comments?post=20455"}],"version-history":[{"count":5,"href":"https:\/\/denpanels.com\/pl\/wp-json\/wp\/v2\/pages\/20455\/revisions"}],"predecessor-version":[{"id":22833,"href":"https:\/\/denpanels.com\/pl\/wp-json\/wp\/v2\/pages\/20455\/revisions\/22833"}],"up":[{"embeddable":true,"href":"https:\/\/denpanels.com\/pl\/wp-json\/wp\/v2\/pages\/12199"}],"acf:attachment":[{"embeddable":true,"href":"https:\/\/denpanels.com\/pl\/wp-json\/wp\/v2\/media\/22740"}],"acf:post":[{"embeddable":true,"href":"https:\/\/denpanels.com\/pl\/wp-json\/wp\/v2\/translation\/18936"}],"acf:term":[{"embeddable":true,"taxonomy":"product-category","href":"https:\/\/denpanels.com\/pl\/wp-json\/wp\/v2\/product-category\/422"}],"wp:attachment":[{"href":"https:\/\/denpanels.com\/pl\/wp-json\/wp\/v2\/media?parent=20455"}],"wp:term":[{"taxonomy":"page-section","embeddable":true,"href":"https:\/\/denpanels.com\/pl\/wp-json\/wp\/v2\/page-section?post=20455"},{"taxonomy":"page-template","embeddable":true,"href":"https:\/\/denpanels.com\/pl\/wp-json\/wp\/v2\/page-template?post=20455"}],"curies":[{"name":"wp","href":"https:\/\/api.w.org\/{rel}","templated":true}]}}