{"id":20402,"date":"2025-01-09T12:21:06","date_gmt":"2025-01-09T11:21:06","guid":{"rendered":"https:\/\/byveno.com\/panele\/akcesoria\/rozwiazania-montazowe\/constructions-adhesive\/"},"modified":"2025-02-27T12:05:46","modified_gmt":"2025-02-27T11:05:46","slug":"klej-montazowy","status":"publish","type":"page","link":"https:\/\/denpanels.com\/pl\/panele\/akcesoria\/klej-montazowy\/","title":{"rendered":"Klej Monta\u017cowy"},"content":{"rendered":"","protected":false},"excerpt":{"rendered":"","protected":false},"author":3,"featured_media":0,"parent":12199,"menu_order":0,"comment_status":"closed","ping_status":"closed","template":"","meta":{"_acf_changed":false,"footnotes":""},"page-section":[525,529,528,526],"page-template":[370],"class_list":["post-20402","page","type-page","status-publish","hentry","page-section-hero","page-section-highlighted-inspiration","page-section-megamenu","page-section-product-category","page-template-product-sub-category"],"acf":{"product_category-selected":420,"product_category-headline_p1":"Mocny i niezawodny klej monta\u017cowy","product_category-headline_p2":"do paneli akustycznych","product_category-introduction":"W Denpanels u\u0142atwiamy instalacj\u0119 dzi\u0119ki naszemu wysokiej jako\u015bci klejowi monta\u017cowemu \u2013 zaprojektowanemu, aby zapewni\u0107 mocne, elastyczne i trwa\u0142e mocowanie.\r\n\r\n<strong>Bardzo mocne po\u0142\u0105czenie<\/strong> \u2013 utrzymuje panele na miejscu nawet podczas aplikacji.  \r\n<strong>Trwa\u0142y i elastyczny<\/strong> \u2013 absorbuje ruchy mi\u0119dzy elementami budowlanymi.  \r\n<strong>Wszechstronne zastosowanie<\/strong> \u2013 przylega do drewna, szk\u0142a, betonu, ceg\u0142y, metalu i innych powierzchni.  \r\n<strong>\u0141atwy w u\u017cyciu<\/strong> \u2013 g\u0142adko nak\u0142ada si\u0119 w temperaturach od +5\u00b0C do +40\u00b0C.\r\n\r\nOsi\u0105gnij profesjonalne i trwa\u0142e wyko\u0144czenie bez potrzeby dodatkowego wsparcia.\r\n\r\nZawarto\u015b\u0107: 290 ml na butelk\u0119.","product_category-highlighted_media":22834,"product_category-cta":{"product_category_cta":null},"comparrison_image":null,"product_category-some_of_our_combinations":18936,"hero-media":[14936],"hero-h1":"Klej Monta\u017cowy","hero-sub_header":""},"_links":{"self":[{"href":"https:\/\/denpanels.com\/pl\/wp-json\/wp\/v2\/pages\/20402","targetHints":{"allow":["GET"]}}],"collection":[{"href":"https:\/\/denpanels.com\/pl\/wp-json\/wp\/v2\/pages"}],"about":[{"href":"https:\/\/denpanels.com\/pl\/wp-json\/wp\/v2\/types\/page"}],"author":[{"embeddable":true,"href":"https:\/\/denpanels.com\/pl\/wp-json\/wp\/v2\/users\/3"}],"replies":[{"embeddable":true,"href":"https:\/\/denpanels.com\/pl\/wp-json\/wp\/v2\/comments?post=20402"}],"version-history":[{"count":6,"href":"https:\/\/denpanels.com\/pl\/wp-json\/wp\/v2\/pages\/20402\/revisions"}],"predecessor-version":[{"id":22836,"href":"https:\/\/denpanels.com\/pl\/wp-json\/wp\/v2\/pages\/20402\/revisions\/22836"}],"up":[{"embeddable":true,"href":"https:\/\/denpanels.com\/pl\/wp-json\/wp\/v2\/pages\/12199"}],"acf:attachment":[{"embeddable":true,"href":"https:\/\/denpanels.com\/pl\/wp-json\/wp\/v2\/media\/14936"}],"acf:post":[{"embeddable":true,"href":"https:\/\/denpanels.com\/pl\/wp-json\/wp\/v2\/translation\/18936"}],"acf:term":[{"embeddable":true,"taxonomy":"product-category","href":"https:\/\/denpanels.com\/pl\/wp-json\/wp\/v2\/product-category\/420"}],"wp:attachment":[{"href":"https:\/\/denpanels.com\/pl\/wp-json\/wp\/v2\/media?parent=20402"}],"wp:term":[{"taxonomy":"page-section","embeddable":true,"href":"https:\/\/denpanels.com\/pl\/wp-json\/wp\/v2\/page-section?post=20402"},{"taxonomy":"page-template","embeddable":true,"href":"https:\/\/denpanels.com\/pl\/wp-json\/wp\/v2\/page-template?post=20402"}],"curies":[{"name":"wp","href":"https:\/\/api.w.org\/{rel}","templated":true}]}}