{"id":20357,"date":"2025-01-09T12:14:33","date_gmt":"2025-01-09T11:14:33","guid":{"rendered":"https:\/\/byveno.com\/panele\/akcesoria\/zawieszenie\/oils\/"},"modified":"2025-02-27T11:44:12","modified_gmt":"2025-02-27T10:44:12","slug":"olej","status":"publish","type":"page","link":"https:\/\/denpanels.com\/pl\/panele\/akcesoria\/olej\/","title":{"rendered":"Olej"},"content":{"rendered":"","protected":false},"excerpt":{"rendered":"","protected":false},"author":3,"featured_media":0,"parent":12199,"menu_order":0,"comment_status":"closed","ping_status":"closed","template":"","meta":{"_acf_changed":false,"footnotes":""},"page-section":[525,529,528,526],"page-template":[370],"class_list":["post-20357","page","type-page","status-publish","hentry","page-section-hero","page-section-highlighted-inspiration","page-section-megamenu","page-section-product-category","page-template-product-sub-category"],"acf":{"product_category-selected":374,"product_category-headline_p1":"Chro\u0144, podkre\u015bl i","product_category-headline_p2":"Spersonalizuj swoje panele drewniane","product_category-introduction":"W Denpanels pomagamy Ci przed\u0142u\u017cy\u0107 trwa\u0142o\u015b\u0107, podkre\u015bli\u0107 naturalne pi\u0119kno i spersonalizowa\u0107 Twoje panele dzi\u0119ki naszym olejom piel\u0119gnacyjnym wysokiej jako\u015bci.\r\n\r\n<strong>Odnawia i chroni<\/strong> \u2013 od\u017cywia drewno i zapewnia trwa\u0142e wyko\u0144czenie.  \r\n<strong>Podkre\u015bla tekstur\u0119<\/strong> \u2013 uwydatnia naturalne us\u0142ojenie dla wyrafinowanego wygl\u0105du.  \r\n<strong>Personalizacja<\/strong> \u2013 dost\u0119pne w pi\u0119ciu eleganckich kolorach, aby pasowa\u0142y do Twojego stylu.\r\n\r\nKa\u017cda butelka o pojemno\u015bci 500 ml jest \u0142atwa w aplikacji \u2013 wystarczy post\u0119powa\u0107 zgodnie z instrukcj\u0105, aby uzyska\u0107 najlepsze rezultaty.\r\n\r\nZachowaj. Podkre\u015bl. Spersonalizuj.","product_category-highlighted_media":20385,"product_category-cta":{"product_category_cta":null},"comparrison_image":null,"product_category-some_of_our_combinations":18936,"hero-media":[19805],"hero-h1":"Oleje","hero-sub_header":""},"_links":{"self":[{"href":"https:\/\/denpanels.com\/pl\/wp-json\/wp\/v2\/pages\/20357","targetHints":{"allow":["GET"]}}],"collection":[{"href":"https:\/\/denpanels.com\/pl\/wp-json\/wp\/v2\/pages"}],"about":[{"href":"https:\/\/denpanels.com\/pl\/wp-json\/wp\/v2\/types\/page"}],"author":[{"embeddable":true,"href":"https:\/\/denpanels.com\/pl\/wp-json\/wp\/v2\/users\/3"}],"replies":[{"embeddable":true,"href":"https:\/\/denpanels.com\/pl\/wp-json\/wp\/v2\/comments?post=20357"}],"version-history":[{"count":6,"href":"https:\/\/denpanels.com\/pl\/wp-json\/wp\/v2\/pages\/20357\/revisions"}],"predecessor-version":[{"id":22822,"href":"https:\/\/denpanels.com\/pl\/wp-json\/wp\/v2\/pages\/20357\/revisions\/22822"}],"up":[{"embeddable":true,"href":"https:\/\/denpanels.com\/pl\/wp-json\/wp\/v2\/pages\/12199"}],"acf:attachment":[{"embeddable":true,"href":"https:\/\/denpanels.com\/pl\/wp-json\/wp\/v2\/media\/19805"}],"acf:post":[{"embeddable":true,"href":"https:\/\/denpanels.com\/pl\/wp-json\/wp\/v2\/translation\/18936"}],"acf:term":[{"embeddable":true,"taxonomy":"product-category","href":"https:\/\/denpanels.com\/pl\/wp-json\/wp\/v2\/product-category\/374"}],"wp:attachment":[{"href":"https:\/\/denpanels.com\/pl\/wp-json\/wp\/v2\/media?parent=20357"}],"wp:term":[{"taxonomy":"page-section","embeddable":true,"href":"https:\/\/denpanels.com\/pl\/wp-json\/wp\/v2\/page-section?post=20357"},{"taxonomy":"page-template","embeddable":true,"href":"https:\/\/denpanels.com\/pl\/wp-json\/wp\/v2\/page-template?post=20357"}],"curies":[{"name":"wp","href":"https:\/\/api.w.org\/{rel}","templated":true}]}}