{"id":20336,"date":"2025-01-09T12:08:22","date_gmt":"2025-01-09T11:08:22","guid":{"rendered":"https:\/\/byveno.com\/panele\/akcesoria\/zawieszenie\/frames\/"},"modified":"2026-02-12T10:21:37","modified_gmt":"2026-02-12T09:21:37","slug":"frames","status":"publish","type":"page","link":"https:\/\/denpanels.com\/pl\/panele\/akcesoria\/frames\/","title":{"rendered":"Frames"},"content":{"rendered":"","protected":false},"excerpt":{"rendered":"","protected":false},"author":3,"featured_media":0,"parent":12199,"menu_order":0,"comment_status":"closed","ping_status":"closed","template":"","meta":{"_acf_changed":false,"footnotes":""},"page-section":[524,525,529,528,526],"page-template":[370],"class_list":["post-20336","page","type-page","status-publish","hentry","page-section-datasheet","page-section-hero","page-section-highlighted-inspiration","page-section-megamenu","page-section-product-category","page-template-product-sub-category"],"acf":{"product_category-selected":450,"product_category-headline_p1":"Idealne dopasowanie","product_category-headline_p2":"dla bezb\u0142\u0119dnego wyko\u0144czenia","product_category-introduction":"Szukasz czystego i profesjonalnego sposobu na zintegrowanie gniazdek elektrycznych z panelami akustycznymi?\r\n\r\nRamki firmy Denpanels zosta\u0142y opracowane z my\u015bl\u0105 o stworzeniu precyzyjnego i sp\u00f3jnego rozwi\u0105zania, kt\u00f3re zachowuje zar\u00f3wno wygl\u0105d, jak i w\u0142a\u015bciwo\u015bci akustyczne paneli. Ka\u017cda ramka, zaprojektowana tak, aby idealnie pasowa\u0142a do paneli drewnianych, jest wykonana z p\u0142yty MDF pokrytej fornirem z prawdziwego drewna, kt\u00f3ry pasuje do paneli Denpanels, zapewniaj\u0105c harmonijny i sp\u00f3jny wygl\u0105d.\r\n\r\nRamki s\u0105 przycinane na wymiar, aby pasowa\u0142y do konkretnej instalacji gniazdek, dzi\u0119ki czemu elementy techniczne staj\u0105 si\u0119 naturaln\u0105 i wyrafinowan\u0105 cz\u0119\u015bci\u0105 og\u00f3lnego projektu. Dzi\u0119ki starannemu obramowaniu gniazdek w powierzchni panelu uzyskujesz czyste, sp\u00f3jne wyko\u0144czenie bez uszczerbku dla eleganckiego wygl\u0105du panelu lub jego w\u0142a\u015bciwo\u015bci d\u017awi\u0119koch\u0142onnych.\r\n\r\nPrecyzyjnie wykonane i oparte na wysokiej jako\u015bci du\u0144skim wzornictwie ramki \u0142\u0105cz\u0105 w sobie dba\u0142o\u015b\u0107 o szczeg\u00f3\u0142y, funkcjonalno\u015b\u0107 i sp\u00f3jno\u015b\u0107 wizualn\u0105. Efektem jest przemy\u015blany detal wyko\u0144czeniowy, kt\u00f3ry podnosi walory estetyczne pomieszczenia \u2014 stylowy, zintegrowany i w pe\u0142ni funkcjonalny.","product_category-highlighted_media":29451,"product_category-cta":{"product_category_cta":null},"comparrison_image":29442,"product_category-some_of_our_combinations":18936,"hero-media":[12480],"hero-h1":"Frames","hero-sub_header":""},"_links":{"self":[{"href":"https:\/\/denpanels.com\/pl\/wp-json\/wp\/v2\/pages\/20336","targetHints":{"allow":["GET"]}}],"collection":[{"href":"https:\/\/denpanels.com\/pl\/wp-json\/wp\/v2\/pages"}],"about":[{"href":"https:\/\/denpanels.com\/pl\/wp-json\/wp\/v2\/types\/page"}],"author":[{"embeddable":true,"href":"https:\/\/denpanels.com\/pl\/wp-json\/wp\/v2\/users\/3"}],"replies":[{"embeddable":true,"href":"https:\/\/denpanels.com\/pl\/wp-json\/wp\/v2\/comments?post=20336"}],"version-history":[{"count":5,"href":"https:\/\/denpanels.com\/pl\/wp-json\/wp\/v2\/pages\/20336\/revisions"}],"predecessor-version":[{"id":31017,"href":"https:\/\/denpanels.com\/pl\/wp-json\/wp\/v2\/pages\/20336\/revisions\/31017"}],"up":[{"embeddable":true,"href":"https:\/\/denpanels.com\/pl\/wp-json\/wp\/v2\/pages\/12199"}],"acf:attachment":[{"embeddable":true,"href":"https:\/\/denpanels.com\/pl\/wp-json\/wp\/v2\/media\/12480"}],"acf:post":[{"embeddable":true,"href":"https:\/\/denpanels.com\/pl\/wp-json\/wp\/v2\/translation\/18936"}],"acf:term":[{"embeddable":true,"taxonomy":"product-category","href":"https:\/\/denpanels.com\/pl\/wp-json\/wp\/v2\/product-category\/450"}],"wp:attachment":[{"href":"https:\/\/denpanels.com\/pl\/wp-json\/wp\/v2\/media?parent=20336"}],"wp:term":[{"taxonomy":"page-section","embeddable":true,"href":"https:\/\/denpanels.com\/pl\/wp-json\/wp\/v2\/page-section?post=20336"},{"taxonomy":"page-template","embeddable":true,"href":"https:\/\/denpanels.com\/pl\/wp-json\/wp\/v2\/page-template?post=20336"}],"curies":[{"name":"wp","href":"https:\/\/api.w.org\/{rel}","templated":true}]}}