{"id":20315,"date":"2024-11-28T10:50:59","date_gmt":"2024-11-28T09:50:59","guid":{"rendered":"https:\/\/byveno.com\/panele\/akcesoria\/zawieszenie-2\/hooks-brackets\/"},"modified":"2025-04-16T10:13:04","modified_gmt":"2025-04-16T08:13:04","slug":"haki-mocowanie","status":"publish","type":"page","link":"https:\/\/denpanels.com\/pl\/panele\/akcesoria\/haki-mocowanie\/","title":{"rendered":"Haki &#038; Mocowanie"},"content":{"rendered":"","protected":false},"excerpt":{"rendered":"","protected":false},"author":1,"featured_media":0,"parent":12199,"menu_order":0,"comment_status":"closed","ping_status":"closed","template":"","meta":{"_acf_changed":false,"footnotes":""},"page-section":[524,525,529,526],"page-template":[370],"class_list":["post-20315","page","type-page","status-publish","hentry","page-section-datasheet","page-section-hero","page-section-highlighted-inspiration","page-section-product-category","page-template-product-sub-category"],"acf":{"product_category-selected":430,"product_category-headline_p1":"Podkre\u015bl swoje panele akustyczne","product_category-headline_p2":"dzi\u0119ki inteligentnej i stylowej funkcjonalno\u015bci","product_category-introduction":"W Denpanels u\u0142atwiamy po\u0142\u0105czenie designu i praktyczno\u015bci dzi\u0119ki naszym innowacyjnym haczykom i uchwytom, kt\u00f3re przekszta\u0142caj\u0105 Twoje panele akustyczne w funkcjonalne rozwi\u0105zania do przechowywania.\r\n\r\n- Inteligentne i stylowe \u2013 bezproblemowo integruj\u0105 przechowywanie z designem paneli.  \r\n- \u0141atwy monta\u017c \u2013 dzia\u0142a zar\u00f3wno z poziomymi, jak i pionowymi uk\u0142adami paneli.  \r\n- Mocne i bezpieczne \u2013 wytrzymuje do 5 kg \/ 11 lbs na haczyk.\r\n\r\nU\u017cywaj naszych haczyk\u00f3w do wieszania kurtek, toreb i kluczy lub dostosuj je z uchwytami do p\u00f3\u0142ek, uchwyt\u00f3w lub dodatkowych haczyk\u00f3w, kt\u00f3re pasuj\u0105 do Twojego stylu.\r\n\r\nMonta\u017c jest szybki i intuicyjny:  \r\n- Panele poziome: Zabezpiecz uchwyt za listw\u0105, aby uzyska\u0107 ukryte, stabilne dopasowanie.  \r\n- Panele pionowe: Zamocuj uchwyt pionowy (sprzedawany osobno) na filcu, a nast\u0119pnie zamocuj uchwyt w odpowiednim miejscu, aby uzyska\u0107 elastyczne ustawienie.\r\n\r\nDzi\u0119ki naszym haczykom i uchwytom, Twoje panele akustyczne staj\u0105 si\u0119 czym\u015b wi\u0119cej ni\u017c tylko elementem designu \u2013 staj\u0105 si\u0119 zorganizowan\u0105 i stylow\u0105 cz\u0119\u015bci\u0105 Twojej przestrzeni.\r\n\r\nKa\u017cde opakowanie zawiera 2 sztuki.","product_category-highlighted_media":20247,"product_category-cta":{"product_category_cta":null},"comparrison_image":null,"product_category-some_of_our_combinations":18936,"hero-media":[20238],"hero-h1":"Haki & Mocowanie","hero-sub_header":""},"_links":{"self":[{"href":"https:\/\/denpanels.com\/pl\/wp-json\/wp\/v2\/pages\/20315","targetHints":{"allow":["GET"]}}],"collection":[{"href":"https:\/\/denpanels.com\/pl\/wp-json\/wp\/v2\/pages"}],"about":[{"href":"https:\/\/denpanels.com\/pl\/wp-json\/wp\/v2\/types\/page"}],"author":[{"embeddable":true,"href":"https:\/\/denpanels.com\/pl\/wp-json\/wp\/v2\/users\/1"}],"replies":[{"embeddable":true,"href":"https:\/\/denpanels.com\/pl\/wp-json\/wp\/v2\/comments?post=20315"}],"version-history":[{"count":6,"href":"https:\/\/denpanels.com\/pl\/wp-json\/wp\/v2\/pages\/20315\/revisions"}],"predecessor-version":[{"id":28236,"href":"https:\/\/denpanels.com\/pl\/wp-json\/wp\/v2\/pages\/20315\/revisions\/28236"}],"up":[{"embeddable":true,"href":"https:\/\/denpanels.com\/pl\/wp-json\/wp\/v2\/pages\/12199"}],"acf:attachment":[{"embeddable":true,"href":"https:\/\/denpanels.com\/pl\/wp-json\/wp\/v2\/media\/20238"}],"acf:post":[{"embeddable":true,"href":"https:\/\/denpanels.com\/pl\/wp-json\/wp\/v2\/translation\/18936"}],"acf:term":[{"embeddable":true,"taxonomy":"product-category","href":"https:\/\/denpanels.com\/pl\/wp-json\/wp\/v2\/product-category\/430"}],"wp:attachment":[{"href":"https:\/\/denpanels.com\/pl\/wp-json\/wp\/v2\/media?parent=20315"}],"wp:term":[{"taxonomy":"page-section","embeddable":true,"href":"https:\/\/denpanels.com\/pl\/wp-json\/wp\/v2\/page-section?post=20315"},{"taxonomy":"page-template","embeddable":true,"href":"https:\/\/denpanels.com\/pl\/wp-json\/wp\/v2\/page-template?post=20315"}],"curies":[{"name":"wp","href":"https:\/\/api.w.org\/{rel}","templated":true}]}}