{"id":10897,"date":"2024-07-15T10:28:54","date_gmt":"2024-07-15T08:28:54","guid":{"rendered":"https:\/\/new.byveno.com\/self-adhesive-sticks\/"},"modified":"2025-02-27T11:33:22","modified_gmt":"2025-02-27T10:33:22","slug":"kije","status":"publish","type":"page","link":"https:\/\/denpanels.com\/pl\/panele\/panele-projektowe\/kije\/","title":{"rendered":"Kije"},"content":{"rendered":"","protected":false},"excerpt":{"rendered":"","protected":false},"author":3,"featured_media":0,"parent":10918,"menu_order":4,"comment_status":"closed","ping_status":"closed","template":"","meta":{"_acf_changed":false,"footnotes":""},"page-section":[525,528,526],"page-template":[493],"class_list":["post-10897","page","type-page","status-publish","hentry","page-section-hero","page-section-megamenu","page-section-product-category","page-template-category-sticks"],"acf":{"product_category-selected":341,"product_category-headline_p1":"Denpanels Kije","product_category-headline_p2":"Bez wysi\u0142ku styl i niesko\u0144czona kreatywno\u015b\u0107","product_category-introduction":"W Denpanels oferujemy Sticks \u2013 wszechstronny i stylowy spos\u00f3b na personalizacj\u0119 swoich \u015bcian i sufit\u00f3w z \u0142atwo\u015bci\u0105. Dzi\u0119ki r\u00f3\u017cnorodnym teksturom, kolorom i wyko\u0144czeniom, jedynym ograniczeniem jest Twoja kreatywno\u015b\u0107.\r\n\r\n<strong>Wyrafinowany design<\/strong> \u2013 dost\u0119pne w fornirze drewnianym, linoleum, laminacie i folii.  \r\n<strong>Wysoka jako\u015b\u0107<\/strong> \u2013 wykonane z 9 mm MDF spe\u0142niaj\u0105cego normy \u015brodowiskowe Carb2 i AgBB.  \r\n<strong>\u0141atwy monta\u017c<\/strong> \u2013 samoprzylepna powierzchnia do szybkiego i \u0142atwego monta\u017cu.\r\n\r\nNiezale\u017cnie od tego, czy preferujesz elegancj\u0119 linoleum, ciep\u0142o drewna, czy nowoczesny wygl\u0105d laminatu, Sticks oferuj\u0105 doskona\u0142\u0105 harmoni\u0119 estetyki i funkcjonalno\u015bci dla ka\u017cdego wn\u0119trza \u2013 od nowoczesnego minimalizmu po ponadczasow\u0105 tradycj\u0119.\r\n\r\nProsty monta\u017c. Zachwycaj\u0105ce rezultaty. Nielimitowane mo\u017cliwo\u015bci.","product_category-highlighted_media":22813,"product_category-cta":{"product_category_cta":null},"comparrison_image":null,"product_category-some_of_our_combinations":18936,"hero-media":[22812],"hero-h1":"Kije","hero-sub_header":""},"_links":{"self":[{"href":"https:\/\/denpanels.com\/pl\/wp-json\/wp\/v2\/pages\/10897","targetHints":{"allow":["GET"]}}],"collection":[{"href":"https:\/\/denpanels.com\/pl\/wp-json\/wp\/v2\/pages"}],"about":[{"href":"https:\/\/denpanels.com\/pl\/wp-json\/wp\/v2\/types\/page"}],"author":[{"embeddable":true,"href":"https:\/\/denpanels.com\/pl\/wp-json\/wp\/v2\/users\/3"}],"replies":[{"embeddable":true,"href":"https:\/\/denpanels.com\/pl\/wp-json\/wp\/v2\/comments?post=10897"}],"version-history":[{"count":6,"href":"https:\/\/denpanels.com\/pl\/wp-json\/wp\/v2\/pages\/10897\/revisions"}],"predecessor-version":[{"id":22816,"href":"https:\/\/denpanels.com\/pl\/wp-json\/wp\/v2\/pages\/10897\/revisions\/22816"}],"up":[{"embeddable":true,"href":"https:\/\/denpanels.com\/pl\/wp-json\/wp\/v2\/pages\/10918"}],"acf:attachment":[{"embeddable":true,"href":"https:\/\/denpanels.com\/pl\/wp-json\/wp\/v2\/media\/22812"}],"acf:post":[{"embeddable":true,"href":"https:\/\/denpanels.com\/pl\/wp-json\/wp\/v2\/translation\/18936"}],"acf:term":[{"embeddable":true,"taxonomy":"product-category","href":"https:\/\/denpanels.com\/pl\/wp-json\/wp\/v2\/product-category\/341"}],"wp:attachment":[{"href":"https:\/\/denpanels.com\/pl\/wp-json\/wp\/v2\/media?parent=10897"}],"wp:term":[{"taxonomy":"page-section","embeddable":true,"href":"https:\/\/denpanels.com\/pl\/wp-json\/wp\/v2\/page-section?post=10897"},{"taxonomy":"page-template","embeddable":true,"href":"https:\/\/denpanels.com\/pl\/wp-json\/wp\/v2\/page-template?post=10897"}],"curies":[{"name":"wp","href":"https:\/\/api.w.org\/{rel}","templated":true}]}}