{"id":10780,"date":"2024-07-15T10:19:12","date_gmt":"2024-07-15T08:19:12","guid":{"rendered":"https:\/\/new.byveno.com\/clear-panels\/"},"modified":"2025-02-27T11:19:32","modified_gmt":"2025-02-27T10:19:32","slug":"panele-clear","status":"publish","type":"page","link":"https:\/\/denpanels.com\/pl\/panele\/panele-projektowe\/panele-clear\/","title":{"rendered":"Panele Clear"},"content":{"rendered":"","protected":false},"excerpt":{"rendered":"","protected":false},"author":3,"featured_media":0,"parent":10918,"menu_order":1,"comment_status":"closed","ping_status":"closed","template":"","meta":{"_acf_changed":false,"footnotes":""},"page-section":[524,525,528,526],"page-template":[495],"class_list":["post-10780","page","type-page","status-publish","hentry","page-section-datasheet","page-section-hero","page-section-megamenu","page-section-product-category","page-template-category-clear-panels"],"acf":{"product_category-selected":334,"product_category-headline_p1":"Panele Clear","product_category-headline_p2":"\u2013 Naturalna elegancja","product_category-introduction":"Uwielbiasz wygl\u0105d prawdziwego drewna w swoim wn\u0119trzu? Panele Clear od Denpanels pozwalaj\u0105 stworzy\u0107 nowoczesn\u0105 i eleganck\u0105 atmosfer\u0119, jednocze\u015bnie dodaj\u0105c ciep\u0142a i naturalnego pi\u0119kna ka\u017cdemu pomieszczeniu \u2014 niezale\u017cnie od tego, czy to salon, kuchnia, czy biuro.\r\n\r\n<ul>\r\n    <li><strong>Wyrafinowany design<\/strong> \u2013 solidne j\u0105dro MDF z prawdziwym fornirem drewnianym dla ekskluzywnego wyko\u0144czenia.<\/li>\r\n    <li><strong>Opcje personalizacji<\/strong> \u2013 dost\u0119pne w d\u0119bie, orzechu ameryka\u0144skim i d\u0119bie w\u0119dzonym, z czarnym lub br\u0105zowym rdzeniem MDF.<\/li>\r\n    <li><strong>Bezszwowa integracja<\/strong> \u2013 zaprojektowane, aby uzupe\u0142nia\u0107 nasze panele akustyczne, zachowuj\u0105c jednolity wygl\u0105d.<\/li>\r\n    <li><strong>\u0141atwy monta\u017c i konserwacja<\/strong> \u2013 szybki monta\u017c przy minimalnym u\u017cyciu narz\u0119dzi i \u0142atwe czyszczenie wilgotn\u0105 \u015bciereczk\u0105.<\/li>\r\n<\/ul>\r\n\r\nChcesz poprawi\u0107 wygl\u0105d i trwa\u0142o\u015b\u0107 swoich paneli Clear? Dodaj naturalne oleje, aby zachowa\u0107 i wzbogaci\u0107 unikaln\u0105 tekstur\u0119 drewna na lata.\r\n\r\n<i>Bez wysi\u0142ku elegancji. Personalizowany design. Ponadczasowa jako\u015b\u0107.<\/i>","product_category-highlighted_media":27195,"product_category-cta":{"product_category_cta":null},"comparrison_image":null,"product_category-some_of_our_combinations":18936,"hero-media":[6566],"hero-h1":"Panele Clear","hero-sub_header":""},"_links":{"self":[{"href":"https:\/\/denpanels.com\/pl\/wp-json\/wp\/v2\/pages\/10780","targetHints":{"allow":["GET"]}}],"collection":[{"href":"https:\/\/denpanels.com\/pl\/wp-json\/wp\/v2\/pages"}],"about":[{"href":"https:\/\/denpanels.com\/pl\/wp-json\/wp\/v2\/types\/page"}],"author":[{"embeddable":true,"href":"https:\/\/denpanels.com\/pl\/wp-json\/wp\/v2\/users\/3"}],"replies":[{"embeddable":true,"href":"https:\/\/denpanels.com\/pl\/wp-json\/wp\/v2\/comments?post=10780"}],"version-history":[{"count":5,"href":"https:\/\/denpanels.com\/pl\/wp-json\/wp\/v2\/pages\/10780\/revisions"}],"predecessor-version":[{"id":22794,"href":"https:\/\/denpanels.com\/pl\/wp-json\/wp\/v2\/pages\/10780\/revisions\/22794"}],"up":[{"embeddable":true,"href":"https:\/\/denpanels.com\/pl\/wp-json\/wp\/v2\/pages\/10918"}],"acf:attachment":[{"embeddable":true,"href":"https:\/\/denpanels.com\/pl\/wp-json\/wp\/v2\/media\/6566"}],"acf:post":[{"embeddable":true,"href":"https:\/\/denpanels.com\/pl\/wp-json\/wp\/v2\/translation\/18936"}],"acf:term":[{"embeddable":true,"taxonomy":"product-category","href":"https:\/\/denpanels.com\/pl\/wp-json\/wp\/v2\/product-category\/334"}],"wp:attachment":[{"href":"https:\/\/denpanels.com\/pl\/wp-json\/wp\/v2\/media?parent=10780"}],"wp:term":[{"taxonomy":"page-section","embeddable":true,"href":"https:\/\/denpanels.com\/pl\/wp-json\/wp\/v2\/page-section?post=10780"},{"taxonomy":"page-template","embeddable":true,"href":"https:\/\/denpanels.com\/pl\/wp-json\/wp\/v2\/page-template?post=10780"}],"curies":[{"name":"wp","href":"https:\/\/api.w.org\/{rel}","templated":true}]}}