{"id":10404,"date":"2024-07-15T10:05:41","date_gmt":"2024-07-15T08:05:41","guid":{"rendered":"https:\/\/new.byveno.com\/60x60-design-panels\/"},"modified":"2025-02-27T11:24:30","modified_gmt":"2025-02-27T10:24:30","slug":"panele-akustyczne-projektowe","status":"publish","type":"page","link":"https:\/\/denpanels.com\/pl\/panele\/panele-projektowe\/panele-akustyczne-projektowe\/","title":{"rendered":"Panele akustyczne projektowe"},"content":{"rendered":"","protected":false},"excerpt":{"rendered":"","protected":false},"author":3,"featured_media":0,"parent":10918,"menu_order":2,"comment_status":"closed","ping_status":"closed","template":"","meta":{"_acf_changed":false,"footnotes":""},"page-section":[524,525,528,526],"page-template":[491],"class_list":["post-10404","page","type-page","status-publish","hentry","page-section-datasheet","page-section-hero","page-section-megamenu","page-section-product-category","page-template-category-acoustic-design-panels"],"acf":{"product_category-selected":327,"product_category-headline_p1":"Uwolnij kreatywno\u015b\u0107 z","product_category-headline_p2":"Panele akustyczne Denpanels","product_category-introduction":"W Denpanels oferujemy panele projektowe w rozmiarach 60\u00d760 i 60\u00d7120 cm, kt\u00f3re oferuj\u0105 niesko\u0144czone mo\u017cliwo\u015bci tworzenia unikalnych wzor\u00f3w i stylowych wn\u0119trz.\r\n\r\n<strong>Personalizowane uk\u0142ady<\/strong> \u2013 aran\u017cuj w r\u00f3\u017cnych konfiguracjach, aby uzyska\u0107 wyj\u0105tkowy wygl\u0105d.\r\n<strong>Wyj\u0105tkowe wyko\u0144czenia<\/strong> \u2013 zaprojektowane zar\u00f3wno pod k\u0105tem estetyki, jak i korzy\u015bci akustycznych.\r\n\r\nNiezale\u017cnie od tego, czy wzbogacasz ma\u0142\u0105 \u015bcian\u0119, czy projektujesz odwa\u017cny element dekoracyjny, nasze wszechstronne panele projektowe dodaj\u0105 charakteru, stylu i komfortu akustycznego do ka\u017cdej przestrzeni.\r\n\r\nDu\u0144ski design. Niesko\u0144czona kreatywno\u015b\u0107. Zr\u00f3wnowa\u017cona jako\u015b\u0107.","product_category-highlighted_media":19572,"product_category-cta":{"product_category_cta":null},"comparrison_image":null,"product_category-some_of_our_combinations":18936,"hero-media":[22795],"hero-h1":"Panele akustyczne projektowe","hero-sub_header":""},"_links":{"self":[{"href":"https:\/\/denpanels.com\/pl\/wp-json\/wp\/v2\/pages\/10404","targetHints":{"allow":["GET"]}}],"collection":[{"href":"https:\/\/denpanels.com\/pl\/wp-json\/wp\/v2\/pages"}],"about":[{"href":"https:\/\/denpanels.com\/pl\/wp-json\/wp\/v2\/types\/page"}],"author":[{"embeddable":true,"href":"https:\/\/denpanels.com\/pl\/wp-json\/wp\/v2\/users\/3"}],"replies":[{"embeddable":true,"href":"https:\/\/denpanels.com\/pl\/wp-json\/wp\/v2\/comments?post=10404"}],"version-history":[{"count":11,"href":"https:\/\/denpanels.com\/pl\/wp-json\/wp\/v2\/pages\/10404\/revisions"}],"predecessor-version":[{"id":22805,"href":"https:\/\/denpanels.com\/pl\/wp-json\/wp\/v2\/pages\/10404\/revisions\/22805"}],"up":[{"embeddable":true,"href":"https:\/\/denpanels.com\/pl\/wp-json\/wp\/v2\/pages\/10918"}],"acf:attachment":[{"embeddable":true,"href":"https:\/\/denpanels.com\/pl\/wp-json\/wp\/v2\/media\/22795"}],"acf:post":[{"embeddable":true,"href":"https:\/\/denpanels.com\/pl\/wp-json\/wp\/v2\/translation\/18936"}],"acf:term":[{"embeddable":true,"taxonomy":"product-category","href":"https:\/\/denpanels.com\/pl\/wp-json\/wp\/v2\/product-category\/327"}],"wp:attachment":[{"href":"https:\/\/denpanels.com\/pl\/wp-json\/wp\/v2\/media?parent=10404"}],"wp:term":[{"taxonomy":"page-section","embeddable":true,"href":"https:\/\/denpanels.com\/pl\/wp-json\/wp\/v2\/page-section?post=10404"},{"taxonomy":"page-template","embeddable":true,"href":"https:\/\/denpanels.com\/pl\/wp-json\/wp\/v2\/page-template?post=10404"}],"curies":[{"name":"wp","href":"https:\/\/api.w.org\/{rel}","templated":true}]}}