{"id":10334,"date":"2024-07-10T13:55:56","date_gmt":"2024-07-10T11:55:56","guid":{"rendered":"https:\/\/new.byveno.com\/wall-tiles-system\/"},"modified":"2025-02-27T11:29:44","modified_gmt":"2025-02-27T10:29:44","slug":"plytki-scienne","status":"publish","type":"page","link":"https:\/\/denpanels.com\/pl\/panele\/panele-projektowe\/plytki-scienne\/","title":{"rendered":"P\u0142ytki \u015bcienne"},"content":{"rendered":"","protected":false},"excerpt":{"rendered":"","protected":false},"author":1,"featured_media":0,"parent":10918,"menu_order":3,"comment_status":"closed","ping_status":"closed","template":"","meta":{"_acf_changed":false,"footnotes":""},"page-section":[524,525,528,526],"page-template":[496],"class_list":["post-10334","page","type-page","status-publish","hentry","page-section-datasheet","page-section-hero","page-section-megamenu","page-section-product-category","page-template-category-wall-tiles"],"acf":{"product_category-selected":278,"product_category-headline_p1":"System P\u0142ytek \u015aciennych Denpanels:","product_category-headline_p2":"Gdzie tradycja spotyka si\u0119 z kreatywno\u015bci\u0105","product_category-introduction":"W Denpanels prezentujemy System P\u0142ytek \u015aciennych \u2013 po\u0142\u0105czenie klasycznego designu i nowoczesnej kreatywno\u015bci, idealne do przekszta\u0142cania ka\u017cdej przestrzeni.\r\n\r\n<strong>Wszechstronny wyb\u00f3r<\/strong> \u2013 dost\u0119pny w fornire, heksagonach, rombach, linoleum i filcu.  \r\n<strong>Niesko\u0144czona personalizacja<\/strong> \u2013 \u0142\u0105cz i dopasowuj tekstury, aby uzyska\u0107 unikalny, tr\u00f3jwymiarowy efekt.  \r\n<strong>Stylowy design, nie tylko akustyczny<\/strong> \u2013 zaprojektowane g\u0142\u00f3wnie pod k\u0105tem wizualnej atrakcyjno\u015bci, a nie poch\u0142aniania d\u017awi\u0119ku.\r\n\r\n<strong>Zainspirowane geometri\u0105 natury<\/strong>  \r\nCzerp inspiracj\u0119 z naturalnej elegancji heksagon\u00f3w dzi\u0119ki naszym modu\u0142owym panelom MDF w kszta\u0142cie heksagon\u00f3w. Dost\u0119pne w r\u00f3\u017cnych powierzchniach i kolorach, pozwalaj\u0105 na tworzenie spersonalizowanych wzor\u00f3w, kt\u00f3re odzwierciedlaj\u0105 Tw\u00f3j styl \u2013 od odwa\u017cnych i dramatycznych po subtelne i wyrafinowane.\r\n\r\nIdealne do dom\u00f3w, biur i przestrzeni tw\u00f3rczych, P\u0142ytki \u015acienne Denpanels oferuj\u0105 \u0142atwy spos\u00f3b na dodanie g\u0142\u0119bi, charakteru i elastyczno\u015bci designu do ka\u017cdego wn\u0119trza.\r\n\r\nInnowacyjny design. Nielimitowana kreatywno\u015b\u0107. \u0141atwa transformacja.","product_category-highlighted_media":22807,"product_category-cta":{"product_category_cta":null},"comparrison_image":null,"product_category-some_of_our_combinations":18936,"hero-media":[22806],"hero-h1":"System P\u0142ytek \u015aciennych","hero-sub_header":""},"_links":{"self":[{"href":"https:\/\/denpanels.com\/pl\/wp-json\/wp\/v2\/pages\/10334","targetHints":{"allow":["GET"]}}],"collection":[{"href":"https:\/\/denpanels.com\/pl\/wp-json\/wp\/v2\/pages"}],"about":[{"href":"https:\/\/denpanels.com\/pl\/wp-json\/wp\/v2\/types\/page"}],"author":[{"embeddable":true,"href":"https:\/\/denpanels.com\/pl\/wp-json\/wp\/v2\/users\/1"}],"replies":[{"embeddable":true,"href":"https:\/\/denpanels.com\/pl\/wp-json\/wp\/v2\/comments?post=10334"}],"version-history":[{"count":5,"href":"https:\/\/denpanels.com\/pl\/wp-json\/wp\/v2\/pages\/10334\/revisions"}],"predecessor-version":[{"id":22811,"href":"https:\/\/denpanels.com\/pl\/wp-json\/wp\/v2\/pages\/10334\/revisions\/22811"}],"up":[{"embeddable":true,"href":"https:\/\/denpanels.com\/pl\/wp-json\/wp\/v2\/pages\/10918"}],"acf:attachment":[{"embeddable":true,"href":"https:\/\/denpanels.com\/pl\/wp-json\/wp\/v2\/media\/22806"}],"acf:post":[{"embeddable":true,"href":"https:\/\/denpanels.com\/pl\/wp-json\/wp\/v2\/translation\/18936"}],"acf:term":[{"embeddable":true,"taxonomy":"product-category","href":"https:\/\/denpanels.com\/pl\/wp-json\/wp\/v2\/product-category\/278"}],"wp:attachment":[{"href":"https:\/\/denpanels.com\/pl\/wp-json\/wp\/v2\/media?parent=10334"}],"wp:term":[{"taxonomy":"page-section","embeddable":true,"href":"https:\/\/denpanels.com\/pl\/wp-json\/wp\/v2\/page-section?post=10334"},{"taxonomy":"page-template","embeddable":true,"href":"https:\/\/denpanels.com\/pl\/wp-json\/wp\/v2\/page-template?post=10334"}],"curies":[{"name":"wp","href":"https:\/\/api.w.org\/{rel}","templated":true}]}}