{"id":9797,"date":"2024-06-06T12:03:39","date_gmt":"2024-06-06T10:03:39","guid":{"rendered":"https:\/\/new.byveno.com\/nordic-swan-ecolabel\/"},"modified":"2024-11-28T14:54:41","modified_gmt":"2024-11-28T13:54:41","slug":"nordic-swan-ecolabel","status":"publish","type":"page","link":"https:\/\/denpanels.com\/it\/nordic-swan-ecolabel\/","title":{"rendered":"Nordic Swan Ecolabel"},"content":{"rendered":"<div>\n<p>    <video src=\"\/wp-content\/uploads\/Nordic-Swan-Ecolabel.mp4\"><\/video><\/p>\n<\/div>\n<div>\n<h1>Nordic Swan Ecolabel<\/h1>\n<\/div>\n<h2>Un punto di riferimento cruciale<\/h2>\n<h2>per la sostenibilit\u00e0 e la qualit\u00e0<\/h2>\n<div>\n<p>Nell&#8217;odierno settore delle costruzioni, il marchio Nordic Swan Ecolabel \u00e8 diventato un punto di riferimento fondamentale per la sostenibilit\u00e0 e la qualit\u00e0. Questo emblema si \u00e8 affermato come standard riconosciuto per la responsabilit\u00e0 ambientale, la sostenibilit\u00e0 e la consapevolezza dei consumatori, non solo in Danimarca ma in tutta la regione nordica.<\/p>\n<p>Come possiamo garantire che gli spazi che creiamo siano esteticamente attraenti, funzionali e allo stesso tempo rispettosi dell&#8217;ambiente?<\/p>\n<p>Il marchio Nordic Swan Ecolabel offre la risposta. In tutta la regione nordica, l&#8217;importanza del marchio Nordic Swan Ecolabel sta crescendo. Solo in Danimarca, il 95% della popolazione conosce il marchio e il 67% lo cerca attivamente quando prende decisioni di acquisto. Queste cifre riflettono una tendenza nordica pi\u00f9 ampia, in cui sia i consumatori privati che le aziende danno sempre pi\u00f9 priorit\u00e0 alla sostenibilit\u00e0 e alle considerazioni ambientali.<\/p>\n<p>Un&#8217;acustica scadente pu\u00f2 ridurre notevolmente l&#8217;esperienza di qualsiasi spazio, dai luoghi di lavoro alle aree pubbliche e alle abitazioni private. Tuttavia, scegliendo i nostri pannelli acustici certificati Nordic Swan Ecolabel, non si affronta solo il problema dell&#8217;acustica, ma si segnala anche un impegno nei confronti del pianeta. Negli ambienti professionali dove la produttivit\u00e0 e la soddisfazione dei dipendenti sono fondamentali, le soluzioni Nordic Swan Ecolabel diventano un fattore chiave. Queste soluzioni non solo affrontano le sfide acustiche, ma dimostrano anche la dedizione dell&#8217;azienda alla sostenibilit\u00e0.<\/p>\n<\/div>\n<p>\n    <a href=\"https:\/\/fog-veno.com\/it\/the-nordic-swan-ecolabel-it\/\" rel=\"nofollow noopener\" target=\"_blank\">Per saperne di pi\u00f9 sulla nostra certificazione<\/a>\n<\/p>\n<p><img decoding=\"async\" src=\"\/wp-content\/uploads\/Render-1.jpg\" alt=\"\" title=\"\"><\/p>\n<h2>\n<p>I vantaggi dei pannelli acustici con marchio nordic swan ecolabel<\/p>\n<\/h2>\n<div>\n<p>Il marchio Nordic Swan Ecolabel si allinea agli Obiettivi di Sviluppo Sostenibile delle Nazioni Unite, concentrandosi sulla produzione sostenibile e sul consumo responsabile. Ecco come si distinguono i nostri pannelli acustici certificati Nordic Swan Ecolabel:<\/p>\n<ul>\n<li><strong>Longevit\u00e0<\/strong>: La combinazione di qualit\u00e0 e sostenibilit\u00e0 garantisce una soluzione duratura.<\/li>\n<li><strong>Sostenibilit\u00e0<\/strong>: I pannelli supportano un processo di costruzione pi\u00f9 ecologico, riducendo al minimo i rifiuti e promuovendo un&#8217;economia circolare. Sono creati nel rispetto della natura, dalla silvicoltura responsabile al riciclaggio dei materiali.<\/li>\n<li><strong>Salute<\/strong>: L&#8217;assenza di sostanze chimiche nocive fa s\u00ec che gli spazi in cui sono installati i pannelli diventino pi\u00f9 salubri, riducendo i rischi per la salute di chi vive, lavora o visita questi spazi.<\/li>\n<li><strong>Sostegno alle iniziative globali<\/strong>: Scegliendo il marchio Nordic Swan Ecolabel, sostenete anche gli Obiettivi di Sviluppo Sostenibile delle Nazioni Unite, in particolare gli obiettivi 12 (Consumo e produzione responsabili) e 15 (Vita sulla terra).<\/li>\n<\/ul>\n<\/div>\n<div>\n<p>        <img decoding=\"async\" src=\"\/wp-content\/uploads\/nordicsvanecolabel-logo.png\" alt=\"\" title=\"\"><\/p>\n<h2>Cercare <\/h2>\n<p>l&#8217;Ecolabel Nordic Swan<\/p>\n<div>\n<p>Il futuro delle costruzioni \u00e8 verde, incentrato sulla funzionalit\u00e0 e orientato all&#8217;utente. Integrare l&#8217;acustica fin dall&#8217;inizio non \u00e8 solo necessario per un&#8217;esperienza utente ottimale, ma fa anche parte della grande responsabilit\u00e0 che abbiamo nei confronti del nostro pianeta e dei suoi abitanti. I pannelli acustici certificati con l&#8217;Ecolabel Nordic Swan di BY VEN\u00d8 offrono una soluzione che affronta non solo la qualit\u00e0 del suono, ma anche la sostenibilit\u00e0 e la salute dei nostri ambienti costruiti.<\/p>\n<\/div>\n<p><a href=\"https:\/\/www.svanemaerket.dk\/en\" rel=\"nofollow noopener\" target=\"_blank\">Leggi di pi\u00f9 sull&#8217;Ecolabel Nordic Swan<\/a><\/p>\n<\/div>\n<p><!--more--><br \/>\n<!-- {\"type\":\"layout\",\"children\":[{\"type\":\"section\",\"props\":{\"\":\"linear-gradient(180deg, rgba(75,93,99,1) 0%, rgba(75,93,99,0.7217480742296919) 31%, rgba(75,93,99,0.14751838235294112) 100%);\",\"animation\":\"scale-up\",\"animation_delay\":\"200\",\"divider_height\":\"120\",\"divider_layers_gap\":\"5\",\"divider_layers_opacity\":\"0.5\",\"divider_position\":\"top\",\"divider_responsive\":true,\"divider_shadow_blur_radius\":\"5\",\"divider_shadow_color\":\"#00000080\",\"divider_shadow_offset_x\":\"0\",\"divider_shadow_offset_y\":\"5\",\"divider_width\":\"100\",\"header_transparent\":true,\"header_transparent_noplaceholder\":true,\"height_viewport\":35,\"image_effect\":\"parallax\",\"image_parallax_bgy\":\"100\",\"image_position\":\"center-center\",\"image_size\":\"cover\",\"image_width\":1920,\"media_background\":\"#4B5D63\",\"media_blend_mode\":\"multiply\",\"padding\":\"none\",\"padding_custom_bottom\":\"70\",\"padding_custom_top\":\"70\",\"style\":\"secondary\",\"style_custom_color\":\"#ccc\",\"text_color\":\"light\",\"title_breakpoint\":\"xl\",\"title_position\":\"top-left\",\"title_rotation\":\"left\",\"vertical_align\":\"middle\",\"width\":\"\"},\"children\":[{\"type\":\"row\",\"props\":{\"divider\":false,\"parallax\":true},\"children\":[{\"type\":\"column\",\"props\":{\"image_position\":\"center-center\",\"position_sticky_breakpoint\":\"m\"},\"children\":[{\"type\":\"slideshow\",\"props\":{\"blend\":false,\"class\":\"gradientoverlay\",\"css\":\".el-element {\\n    margin-bottom: 0px !important;\\n}\",\"image_loading\":true,\"image_width\":\"1920\",\"link_style\":\"default\",\"link_text\":\"Read more\",\"margin\":\"default\",\"meta_align\":\"below-title\",\"meta_element\":\"div\",\"meta_style\":\"text-meta\",\"nav\":\"\",\"nav_align\":\"center\",\"nav_below\":true,\"nav_breakpoint\":\"s\",\"nav_position\":\"bottom-center\",\"nav_position_margin\":\"medium\",\"overlay_animation\":\"parallax\",\"overlay_position\":\"center-left\",\"position\":\"relative\",\"show_content\":false,\"show_link\":false,\"show_meta\":false,\"show_thumbnail\":false,\"show_title\":false,\"slidenav\":\"bottom-left\",\"slidenav_breakpoint\":\"s\",\"slidenav_hover\":true,\"slidenav_large\":true,\"slidenav_margin\":\"medium\",\"slidenav_outside_breakpoint\":\"xl\",\"slideshow_animation\":\"fade\",\"slideshow_autoplay\":true,\"slideshow_autoplay_interval\":\"6\",\"slideshow_autoplay_pause\":true,\"slideshow_height\":\"viewport\",\"slideshow_height_offset_top\":false,\"slideshow_height_viewport\":80,\"slideshow_kenburns\":\"alternate\",\"slideshow_kenburns_duration\":\"20\",\"slideshow_min_height\":300,\"slideshow_parallax\":false,\"slideshow_parallax_easing\":\"0.3\",\"slideshow_ratio\":\"16:9\",\"text_color\":\"light\",\"thumbnav_height\":\"75\",\"thumbnav_nowrap\":true,\"thumbnav_svg_color\":\"emphasis\",\"thumbnav_width\":\"100\",\"title_element\":\"h3\"},\"children\":[{\"type\":\"slideshow_item\",\"props\":{\"video\":\"wp-content\\\/uploads\\\/Nordic-Swan-Ecolabel.mp4\"}}]},{\"type\":\"panel\",\"props\":{\"content_column_breakpoint\":\"m\",\"icon_width\":80,\"image_align\":\"top\",\"image_grid_breakpoint\":\"m\",\"image_grid_width\":\"1-2\",\"image_svg_color\":\"emphasis\",\"link_style\":\"default\",\"link_text\":\"Read more\",\"margin\":\"default\",\"margin_remove_bottom\":true,\"meta\":\"\",\"meta_align\":\"below-title\",\"meta_element\":\"div\",\"meta_style\":\"h4\",\"position\":\"absolute\",\"position_bottom\":\"5vh\",\"position_z_index\":\"3\",\"text_align\":\"center\",\"title\":\"Nordic Swan Ecolabel\",\"title_align\":\"top\",\"title_element\":\"h1\",\"title_grid_breakpoint\":\"m\",\"title_grid_width\":\"1-2\",\"title_hover_style\":\"reset\",\"title_style\":\"heading-medium\"}}]}]}],\"name\":\"Hero med slider\"},{\"type\":\"section\",\"props\":{\"animation_delay\":\"200\",\"image_position\":\"center-center\",\"style\":\"default\",\"title_breakpoint\":\"xl\",\"title_position\":\"top-left\",\"title_rotation\":\"left\",\"vertical_align\":\"middle\",\"width\":\"default\"},\"children\":[{\"type\":\"row\",\"children\":[{\"type\":\"column\",\"props\":{\"image_position\":\"center-center\",\"position_sticky_breakpoint\":\"m\",\"style\":\"tile-default\",\"vertical_align\":\"middle\"},\"children\":[{\"type\":\"headline\",\"props\":{\"content\":\"Un punto di riferimento cruciale\",\"margin_remove_bottom\":true,\"title_element\":\"h2\",\"title_style\":\"heading-medium\"}},{\"type\":\"headline\",\"props\":{\"content\":\"per la sostenibilit\\u00e0 e la qualit\\u00e0\",\"margin_remove_bottom\":false,\"margin_remove_top\":true,\"title_color\":\"primary\",\"title_element\":\"h2\",\"title_style\":\"heading-medium\"}},{\"type\":\"text\",\"props\":{\"column_breakpoint\":\"m\",\"content\":\"\n\n<p>Nell'odierno settore delle costruzioni, il marchio Nordic Swan Ecolabel \\u00e8 diventato un punto di riferimento fondamentale per la sostenibilit\\u00e0 e la qualit\\u00e0. Questo emblema si \\u00e8 affermato come standard riconosciuto per la responsabilit\\u00e0 ambientale, la sostenibilit\\u00e0 e la consapevolezza dei consumatori, non solo in Danimarca ma in tutta la regione nordica.<\\\/p>\\n\n\n<p>Come possiamo garantire che gli spazi che creiamo siano esteticamente attraenti, funzionali e allo stesso tempo rispettosi dell'ambiente?<\\\/p>\\n\n\n<p>Il marchio Nordic Swan Ecolabel offre la risposta. In tutta la regione nordica, l'importanza del marchio Nordic Swan Ecolabel sta crescendo. Solo in Danimarca, il 95% della popolazione conosce il marchio e il 67% lo cerca attivamente quando prende decisioni di acquisto. Queste cifre riflettono una tendenza nordica pi\\u00f9 ampia, in cui sia i consumatori privati che le aziende danno sempre pi\\u00f9 priorit\\u00e0 alla sostenibilit\\u00e0 e alle considerazioni ambientali.<\\\/p>\\n\n\n<p>Un'acustica scadente pu\\u00f2 ridurre notevolmente l'esperienza di qualsiasi spazio, dai luoghi di lavoro alle aree pubbliche e alle abitazioni private. Tuttavia, scegliendo i nostri pannelli acustici certificati Nordic Swan Ecolabel, non si affronta solo il problema dell'acustica, ma si segnala anche un impegno nei confronti del pianeta. Negli ambienti professionali dove la produttivit\\u00e0 e la soddisfazione dei dipendenti sono fondamentali, le soluzioni Nordic Swan Ecolabel diventano un fattore chiave. Queste soluzioni non solo affrontano le sfide acustiche, ma dimostrano anche la dedizione dell'azienda alla sostenibilit\\u00e0.<\\\/p>\",\"margin\":\"default\"}},{\"type\":\"button\",\"props\":{\"grid_column_gap\":\"small\",\"grid_row_gap\":\"small\",\"margin\":\"default\"},\"children\":[{\"type\":\"button_item\",\"props\":{\"button_style\":\"primary\",\"content\":\"Per saperne di pi\\u00f9 sulla nostra certificazione\",\"icon_align\":\"left\",\"link\":\"https:\\\/\\\/fog-veno.com\\\/it\\\/the-nordic-swan-ecolabel-it\\\/\"}}]}]}]}],\"name\":\"Intro\"},{\"type\":\"section\",\"props\":{\"image_position\":\"center-center\",\"padding_remove_horizontal\":false,\"padding_remove_top\":false,\"style\":\"muted\",\"title_breakpoint\":\"xl\",\"title_position\":\"top-left\",\"title_rotation\":\"left\",\"vertical_align\":\"middle\",\"width\":\"default\"},\"children\":[{\"type\":\"row\",\"props\":{\"layout\":\"1-2,1-2\"},\"children\":[{\"type\":\"column\",\"props\":{\"image_position\":\"center-center\",\"position_sticky_breakpoint\":\"m\",\"vertical_align\":\"middle\",\"width_medium\":\"1-2\"},\"children\":[{\"type\":\"image\",\"props\":{\"image\":\"wp-content\\\/uploads\\\/Render-1.jpg\",\"image_height\":960,\"image_svg_color\":\"emphasis\",\"image_width\":1280,\"margin\":\"default\"}}]},{\"type\":\"column\",\"props\":{\"image_position\":\"center-center\",\"position_sticky_breakpoint\":\"m\",\"vertical_align\":\"middle\",\"width_medium\":\"1-2\"},\"children\":[{\"type\":\"headline\",\"props\":{\"content\":\"\n\n<p>I vantaggi dei pannelli acustici con marchio nordic swan ecolabel<\\\/p>\",\"title_element\":\"h2\",\"title_style\":\"h1\"}},{\"type\":\"text\",\"props\":{\"column_breakpoint\":\"m\",\"content\":\"\n\n<p>Il marchio Nordic Swan Ecolabel si allinea agli Obiettivi di Sviluppo Sostenibile delle Nazioni Unite, concentrandosi sulla produzione sostenibile e sul consumo responsabile. Ecco come si distinguono i nostri pannelli acustici certificati Nordic Swan Ecolabel:<\\\/p>\\n\n\n<ul>\\n\n\n<li><strong>Longevit\\u00e0<\\\/strong>: La combinazione di qualit\\u00e0 e sostenibilit\\u00e0 garantisce una soluzione duratura.<\\\/li>\\n\n\n<li><strong>Sostenibilit\\u00e0<\\\/strong>: I pannelli supportano un processo di costruzione pi\\u00f9 ecologico, riducendo al minimo i rifiuti e promuovendo un'economia circolare. Sono creati nel rispetto della natura, dalla silvicoltura responsabile al riciclaggio dei materiali.<\\\/li>\\n\n\n<li><strong>Salute<\\\/strong>: L'assenza di sostanze chimiche nocive fa s\\u00ec che gli spazi in cui sono installati i pannelli diventino pi\\u00f9 salubri, riducendo i rischi per la salute di chi vive, lavora o visita questi spazi.<\\\/li>\\n\n\n<li><strong>Sostegno alle iniziative globali<\\\/strong>: Scegliendo il marchio Nordic Swan Ecolabel, sostenete anche gli Obiettivi di Sviluppo Sostenibile delle Nazioni Unite, in particolare gli obiettivi 12 (Consumo e produzione responsabili) e 15 (Vita sulla terra).<\\\/li>\\n<\\\/ul>\",\"margin\":\"default\"}}]}]}]},{\"type\":\"section\",\"props\":{\"image_position\":\"center-center\",\"style\":\"default\",\"title_breakpoint\":\"xl\",\"title_position\":\"top-left\",\"title_rotation\":\"left\",\"vertical_align\":\"middle\",\"width\":\"default\"},\"children\":[{\"type\":\"row\",\"children\":[{\"type\":\"column\",\"props\":{\"image_position\":\"center-center\",\"position_sticky_breakpoint\":\"m\"},\"children\":[{\"type\":\"panel\",\"props\":{\"content\":\"\n\n<p>Il futuro delle costruzioni \\u00e8 verde, incentrato sulla funzionalit\\u00e0 e orientato all'utente. Integrare l'acustica fin dall'inizio non \\u00e8 solo necessario per un'esperienza utente ottimale, ma fa anche parte della grande responsabilit\\u00e0 che abbiamo nei confronti del nostro pianeta e dei suoi abitanti. I pannelli acustici certificati con l'Ecolabel Nordic Swan di BY VEN\\u00d8 offrono una soluzione che affronta non solo la qualit\\u00e0 del suono, ma anche la sostenibilit\\u00e0 e la salute dei nostri ambienti costruiti.<\\\/p>\",\"content_column_breakpoint\":\"m\",\"icon_width\":80,\"image\":\"wp-content\\\/uploads\\\/nordicsvanecolabel-logo.png\",\"image_align\":\"right\",\"image_grid_breakpoint\":\"m\",\"image_grid_width\":\"1-2\",\"image_height\":640,\"image_svg_color\":\"emphasis\",\"image_vertical_align\":true,\"image_width\":640,\"link\":\"https:\\\/\\\/www.svanemaerket.dk\\\/en\",\"link_style\":\"default\",\"link_target\":true,\"link_text\":\"Leggi di pi\\u00f9 sull'Ecolabel Nordic Swan\",\"margin\":\"default\",\"meta\":\"l'Ecolabel Nordic Swan\",\"meta_align\":\"below-title\",\"meta_color\":\"primary\",\"meta_element\":\"div\",\"meta_margin\":\"remove\",\"meta_style\":\"h1\",\"title\":\"Cercare \",\"title_align\":\"top\",\"title_element\":\"h2\",\"title_grid_breakpoint\":\"m\",\"title_grid_width\":\"1-2\",\"title_hover_style\":\"reset\",\"title_style\":\"h1\"}}]}]}],\"name\":\"Panel med rigtige indstillinger\"}],\"version\":\"4.4.5\",\"yooessentialsVersion\":\"2.2.14\"} --><\/p>\n","protected":false},"excerpt":{"rendered":"<p>Nordic Swan Ecolabel Un punto di riferimento cruciale per la sostenibilit\u00e0 e la qualit\u00e0 Nell&#8217;odierno settore delle costruzioni, il marchio Nordic Swan Ecolabel \u00e8 diventato un punto di riferimento fondamentale per la sostenibilit\u00e0 e la qualit\u00e0. Questo emblema si \u00e8 affermato come standard riconosciuto per la responsabilit\u00e0 ambientale, la sostenibilit\u00e0 e la consapevolezza dei consumatori, [&hellip;]<\/p>\n","protected":false},"author":3,"featured_media":0,"parent":0,"menu_order":0,"comment_status":"closed","ping_status":"closed","template":"","meta":{"_acf_changed":false,"footnotes":""},"page-section":[],"page-template":[111],"class_list":["post-9797","page","type-page","status-publish","hentry","page-template-about-us"],"acf":[],"_links":{"self":[{"href":"https:\/\/denpanels.com\/it\/wp-json\/wp\/v2\/pages\/9797","targetHints":{"allow":["GET"]}}],"collection":[{"href":"https:\/\/denpanels.com\/it\/wp-json\/wp\/v2\/pages"}],"about":[{"href":"https:\/\/denpanels.com\/it\/wp-json\/wp\/v2\/types\/page"}],"author":[{"embeddable":true,"href":"https:\/\/denpanels.com\/it\/wp-json\/wp\/v2\/users\/3"}],"replies":[{"embeddable":true,"href":"https:\/\/denpanels.com\/it\/wp-json\/wp\/v2\/comments?post=9797"}],"version-history":[{"count":7,"href":"https:\/\/denpanels.com\/it\/wp-json\/wp\/v2\/pages\/9797\/revisions"}],"predecessor-version":[{"id":9837,"href":"https:\/\/denpanels.com\/it\/wp-json\/wp\/v2\/pages\/9797\/revisions\/9837"}],"wp:attachment":[{"href":"https:\/\/denpanels.com\/it\/wp-json\/wp\/v2\/media?parent=9797"}],"wp:term":[{"taxonomy":"page-section","embeddable":true,"href":"https:\/\/denpanels.com\/it\/wp-json\/wp\/v2\/page-section?post=9797"},{"taxonomy":"page-template","embeddable":true,"href":"https:\/\/denpanels.com\/it\/wp-json\/wp\/v2\/page-template?post=9797"}],"curies":[{"name":"wp","href":"https:\/\/api.w.org\/{rel}","templated":true}]}}