{"id":8065,"date":"2024-07-11T14:10:27","date_gmt":"2024-07-11T12:10:27","guid":{"rendered":"https:\/\/new.byveno.com\/responsibility\/"},"modified":"2025-03-05T11:38:53","modified_gmt":"2025-03-05T10:38:53","slug":"responsabilita","status":"publish","type":"page","link":"https:\/\/denpanels.com\/it\/responsabilita\/","title":{"rendered":"Responsabilit\u00e0"},"content":{"rendered":"","protected":false},"excerpt":{"rendered":"","protected":false},"author":3,"featured_media":0,"parent":0,"menu_order":0,"comment_status":"closed","ping_status":"closed","template":"","meta":{"_acf_changed":false,"footnotes":""},"page-section":[525],"page-template":[543],"class_list":["post-8065","page","type-page","status-publish","hentry","page-section-hero","page-template-page-responsibility"],"acf":{"responsibility-intro_section":{"responsibility_intro-headline":"Dedizione a","responsibility_intro-headline_p2":"Produzione Responsabile","responsibility_intro-content":"Da Denpanels, la responsabilit\u00e0 non \u00e8 solo un concetto alla moda; \u00e8 una vera ambizione. Intrecciamo attentamente considerazioni ambientali in ogni fase della nostra catena del valore, dal concetto al cliente finale. Il nostro focus su prodotti di qualit\u00e0 durevoli, come i nostri pannelli acustici eleganti e senza tempo, riflette la nostra dedizione a soluzioni intelligenti e pi\u00f9 sostenibili.\r\n\r\nIl nostro impegno per la responsabilit\u00e0 \u00e8 certificato attraverso diversi canali. L'uso di legno certificato FSC\u00ae nei nostri pannelli garantisce una produzione responsabile ed ecologicamente consapevole. La nostra collaborazione con il Nordic Swan Ecolabel rafforza la nostra dedizione a ridurre gli sprechi e a evitare sostanze chimiche tossiche. Ci impegniamo attivamente per gli Obiettivi di Sviluppo Sostenibile delle Nazioni Unite e allineiamo i nostri sforzi con iniziative globali per un mondo migliore.\r\n\r\nDa Denpanels, il consumo e la produzione responsabili non sono solo ideali, ma pratiche quotidiane. Il nostro rigoroso controllo qualit\u00e0 assicura che solo prodotti di altissima qualit\u00e0 raggiungano i nostri clienti. In caso di difetti di fabbricazione, il nostro impegno nel riparare e riciclare i materiali dimostra la nostra dedizione a ridurre gli sprechi e a evitare un consumo inutile di risorse.\r\n\r\nIn riconoscimento dell'effetto che l'inquinamento da plastica ha sulla vita acquatica, Denpanels contribuisce a un'economia circolare riciclando materiali nei nostri pannelli acustici. Il feltro PET utilizzato nei pannelli, che consiste in almeno il 50% di bottiglie di plastica riciclate, \u00e8 una testimonianza del nostro impegno per la conservazione della vita acquatica. Inoltre, come azienda certificata FSC\u00ae, garantiamo che i nostri pannelli in legno contribuiscano a mantenere un equilibrio sano nelle foreste del mondo e nella vita terrestre."},"responsibility-background_image":22165,"responsibility-certificates":{"certificate":[{"responsibility_certificates-logo":5831,"responsibility_certificates-title":"Forest Stewardship council","responsibility_certificates-description":"Produciamo i nostri pannelli acustici con legno certificato FSC\u00ae proveniente da foreste gestite responsabilmente e da altre fonti controllate.\r\n\r\nForest Stewardship Council\u00ae \u00e8 uno schema internazionale e non profit di certificazione per legno e carta. Il logo FSC\u00ae pu\u00f2 essere visto su prodotti in legno e carta, in modo che tu possa acquistare questi prodotti con la tranquillit\u00e0 che provengono da fonti responsabili. Nelle foreste certificate FSC\u00ae, gli alberi vengono abbattuti a un ritmo che non supera la capacit\u00e0 della foresta di rigenerarsi. Inoltre, FSC\u00ae garantisce che le comunit\u00e0 locali, la biodiversit\u00e0 e i lavoratori forestali siano trattati con rispetto.\r\n\r\nNon esitare a contattarci se hai domande riguardo alla nostra certificazione FSC\u00ae o al nostro impegno per la sostenibilit\u00e0.","responsibility_certificates-cta_link":"","responsibility_certificates-cta_text":""},{"responsibility_certificates-logo":24188,"responsibility_certificates-title":"Nordic Swan Ecolabel","responsibility_certificates-description":"Il Nordic Swan Ecolabel non \u00e8 solo un altro marchio o certificazione. \u00c8 l'etichetta ambientale ufficiale dei Paesi Nordici ed \u00e8 riconosciuta come una delle certificazioni ambientali pi\u00f9 rigorose e ambiziose al mondo. Il Nordic Swan Ecolabel funge da stella guida per i consumatori, rendendo pi\u00f9 facile adottare uno stile di vita pi\u00f9 verde. In tutta la regione nordica, l'importanza del Nordic Swan Ecolabel \u00e8 in crescita.\r\n\r\nSolo in Danimarca, il 95% della popolazione \u00e8 familiare con il marchio, e il 67% lo cerca attivamente quando prende decisioni di acquisto; ora pu\u00f2 essere trovato anche sui pannelli acustici. Ben il 68% dei danesi \u00e8 attivamente impegnato in azioni personali per proteggere l'ambiente. I licenziatari del Nordic Swan Ecolabel possono utilizzare l'ecocompatibilit\u00e0 come un vantaggio competitivo strategico, supportando una societ\u00e0 pi\u00f9 sostenibile.","responsibility_certificates-cta_link":"","responsibility_certificates-cta_text":""},{"responsibility_certificates-logo":4714,"responsibility_certificates-title":"Testato per la qualit\u00e0 dell'aria","responsibility_certificates-description":"Quando scegli i pannelli acustici di Denpanels, testati per il clima interno e approvati secondo lo standard tedesco AgBB, ottieni pi\u00f9 di un semplice miglioramento del suono nella tua casa. Ottieni una soluzione che contribuisce attivamente a un ambiente interno pi\u00f9 sano e pulito.\r\n\r\nL'approvazione AgBB garantisce che i pannelli siano privi di emissioni dannose, permettendoti di godere di un ambiente confortevole e salutare senza preoccupazioni. Con i pannelli acustici Denpanels, ottieni sia un'acustica ottimale che la certezza che l'aria che respiri sia la pi\u00f9 pulita possibile. \u00c8 un investimento sia nel comfort che nella salute.","responsibility_certificates-cta_link":"","responsibility_certificates-cta_text":""}]},"hero-media":"","hero-h1":"","hero-sub_header":""},"_links":{"self":[{"href":"https:\/\/denpanels.com\/it\/wp-json\/wp\/v2\/pages\/8065","targetHints":{"allow":["GET"]}}],"collection":[{"href":"https:\/\/denpanels.com\/it\/wp-json\/wp\/v2\/pages"}],"about":[{"href":"https:\/\/denpanels.com\/it\/wp-json\/wp\/v2\/types\/page"}],"author":[{"embeddable":true,"href":"https:\/\/denpanels.com\/it\/wp-json\/wp\/v2\/users\/3"}],"replies":[{"embeddable":true,"href":"https:\/\/denpanels.com\/it\/wp-json\/wp\/v2\/comments?post=8065"}],"version-history":[{"count":17,"href":"https:\/\/denpanels.com\/it\/wp-json\/wp\/v2\/pages\/8065\/revisions"}],"predecessor-version":[{"id":24194,"href":"https:\/\/denpanels.com\/it\/wp-json\/wp\/v2\/pages\/8065\/revisions\/24194"}],"wp:attachment":[{"href":"https:\/\/denpanels.com\/it\/wp-json\/wp\/v2\/media?parent=8065"}],"wp:term":[{"taxonomy":"page-section","embeddable":true,"href":"https:\/\/denpanels.com\/it\/wp-json\/wp\/v2\/page-section?post=8065"},{"taxonomy":"page-template","embeddable":true,"href":"https:\/\/denpanels.com\/it\/wp-json\/wp\/v2\/page-template?post=8065"}],"curies":[{"name":"wp","href":"https:\/\/api.w.org\/{rel}","templated":true}]}}