{"id":7629,"date":"2024-05-23T15:21:12","date_gmt":"2024-05-23T13:21:12","guid":{"rendered":"https:\/\/new.byveno.com\/about\/"},"modified":"2025-02-24T08:10:49","modified_gmt":"2025-02-24T07:10:49","slug":"a-proposito-di","status":"publish","type":"page","link":"https:\/\/denpanels.com\/it\/a-proposito-di\/","title":{"rendered":"A Proposito Di"},"content":{"rendered":"","protected":false},"excerpt":{"rendered":"","protected":false},"author":1,"featured_media":0,"parent":0,"menu_order":0,"comment_status":"closed","ping_status":"closed","template":"","meta":{"_acf_changed":false,"footnotes":""},"page-section":[536,525,526],"page-template":[111],"class_list":["post-7629","page","type-page","status-publish","hentry","page-section-content-blocks","page-section-hero","page-section-product-category","page-template-about-us"],"acf":{"product_category-selected":false,"product_category-headline_p1":"Chi siamo","product_category-headline_p2":"Denpanels","product_category-introduction":"Denpanels \u00e8 stata fondata con l\u2019obiettivo di creare un marchio che non solo si adatti al mercato europeo, ma che celebri anche la sua diversit\u00e0 e le sue ricche tradizioni di design. Con radici in Danimarca e come parte di Fog & Ven\u00f8, Denpanels si \u00e8 rapidamente affermata come simbolo di maestria artigianale e innovazione estetica.\r\n\r\nMa siamo pi\u00f9 di semplici superfici belle \u2013 siamo qui per chi ama creare. Che tu stia costruendo da zero, rinnovando o semplicemente aggiungendo un tocco personale a uno spazio, i nostri pannelli sono progettati per essere facili da lavorare. Montali, tagliali, pitturali o combinali in nuovi modi \u2013 la scelta \u00e8 tua!\r\n\r\nDa Denpanels, il nostro obiettivo \u00e8 rendere facile per te creare qualcosa che ti faccia sentire a tuo agio. Allo stesso tempo, ci assumiamo la responsabilit\u00e0 scegliendo materiali sostenibili, riducendo gli sprechi e garantendo prodotti che durano per anni.\r\n\r\nQuindi, che tu sia un esperto di fai-da-te o semplicemente ami metterti all\u2019opera \u2013 prendi i tuoi strumenti e costruiamo insieme qualcosa di grande!","product_category-highlighted_media":22331,"product_category-cta":{"product_category_cta":[{"product_category_cta-link":{"title":"Pannelli","url":"https:\/\/denpanels.com\/it\/pannelli\/","target":""},"product_category_cta-link_text":21266,"product_category_cta-button_look":"uk-button-secondary","product_category_cta-button_icon":"chevron-right"}]},"comparrison_image":null,"product_category-some_of_our_combinations":18935,"hero-media":[22154],"hero-h1":"Denpanels","hero-sub_header":"Elegante stile europeo"},"_links":{"self":[{"href":"https:\/\/denpanels.com\/it\/wp-json\/wp\/v2\/pages\/7629","targetHints":{"allow":["GET"]}}],"collection":[{"href":"https:\/\/denpanels.com\/it\/wp-json\/wp\/v2\/pages"}],"about":[{"href":"https:\/\/denpanels.com\/it\/wp-json\/wp\/v2\/types\/page"}],"author":[{"embeddable":true,"href":"https:\/\/denpanels.com\/it\/wp-json\/wp\/v2\/users\/1"}],"replies":[{"embeddable":true,"href":"https:\/\/denpanels.com\/it\/wp-json\/wp\/v2\/comments?post=7629"}],"version-history":[{"count":25,"href":"https:\/\/denpanels.com\/it\/wp-json\/wp\/v2\/pages\/7629\/revisions"}],"predecessor-version":[{"id":22164,"href":"https:\/\/denpanels.com\/it\/wp-json\/wp\/v2\/pages\/7629\/revisions\/22164"}],"acf:attachment":[{"embeddable":true,"href":"https:\/\/denpanels.com\/it\/wp-json\/wp\/v2\/media\/22154"}],"acf:post":[{"embeddable":true,"href":"https:\/\/denpanels.com\/it\/wp-json\/wp\/v2\/translation\/18935"}],"wp:attachment":[{"href":"https:\/\/denpanels.com\/it\/wp-json\/wp\/v2\/media?parent=7629"}],"wp:term":[{"taxonomy":"page-section","embeddable":true,"href":"https:\/\/denpanels.com\/it\/wp-json\/wp\/v2\/page-section?post=7629"},{"taxonomy":"page-template","embeddable":true,"href":"https:\/\/denpanels.com\/it\/wp-json\/wp\/v2\/page-template?post=7629"}],"curies":[{"name":"wp","href":"https:\/\/api.w.org\/{rel}","templated":true}]}}