{"id":28748,"date":"2025-06-05T08:51:11","date_gmt":"2025-06-05T06:51:11","guid":{"rendered":"https:\/\/denpanels.com\/?page_id=28748"},"modified":"2025-09-03T12:11:57","modified_gmt":"2025-09-03T10:11:57","slug":"nordic-outdoor-pannelli","status":"publish","type":"page","link":"https:\/\/denpanels.com\/it\/trova-il-tuo-stile\/nordic-outdoor-pannelli\/","title":{"rendered":"Nordic Outdoor Pannelli"},"content":{"rendered":"","protected":false},"excerpt":{"rendered":"","protected":false},"author":1,"featured_media":0,"parent":8126,"menu_order":3,"comment_status":"closed","ping_status":"closed","template":"","meta":{"_acf_changed":false,"footnotes":""},"page-section":[525,530,528,526],"page-template":[765],"class_list":["post-28748","page","type-page","status-publish","hentry","page-section-hero","page-section-main-category","page-section-megamenu","page-section-product-category","page-template-category-outdoor-panels"],"acf":{"outdoorpanels_products":[{"outdoorpanels_products-images":[28584,28593,28620,28602,28611],"outdoorpanels_products-info":{"outdoorpanels_products-name":"Nordic Outdoor pannello decorativo","outdoorpanels_products-description":"I Nordic Outdoor pannelli decorativi sono stati sviluppati per spazi esterni coperti come terrazze, tettoie e balconi. Combinano estetica e funzionalit\u00e0 e sono realizzati con listelli durevoli in ThermoWood montati su feltro resistente all\u2019umidit\u00e0. I pannelli decorativi creano un aspetto armonioso e uniforme, aggiungendo profondit\u00e0 e calore ai tuoi spazi esterni coperti.","outdoorpanels_products-usp_headline":"Perch\u00e9 scegliere i Nordic Outdoor pannelli decorativi?","outdoorpanels_products-usp":[{"outdoorpanels_products-usp_text":"Ideale per spazi esterni coperti \u2013 crea un look esclusivo"},{"outdoorpanels_products-usp_text":"Soluzione che fa risparmiare tempo"},{"outdoorpanels_products-usp_text":"Installazione facile senza bisogno di attrezzi speciali"}]},"outdoorpanels_products-datasheet":{"outdoorpanels_products-button_text":18956,"category_datasheet-issuu_link":"https:\/\/issuu.com\/fogveno\/docs\/it_nordic_outdoor_design_panel?fr=xKAE9_zMzMw"},"outdoorpanels_products-installation":{"outdoorpanels_products_installation-button_cta":28630,"outdoorpanels_products_installation-headline":28630,"outdoorpanels_products_installation-guide":"Installazione passo dopo passo\r\n\r\nPreparazione: Assicurarsi che la parete sia piatta e stabile. Installare una membrana antivento se necessario. Leggere la guida di installazione inclusa nella confezione.\r\n\r\nInstallazione dei listelli: Utilizzare listelli di legno adatti con la corretta spaziatura. Usare un minimo di 15 viti per facciata Nordic Outdoor PRO per pannello (\u00d84,0 x 30 mm). I pannelli devono essere montati con il lato rivestito di feltro rivolto verso i listelli.\r\n\r\nFissaggio dei pannelli: Fissare i pannelli utilizzando le viti per facciata Nordic Outdoor PRO.\r\n\r\nRegolazione del pannello: Se \u00e8 necessario regolare la larghezza o la lunghezza dei pannelli, si consiglia di utilizzare un seghetto alternativo o una sega circolare per il taglio.\r\n\r\n","outdoorpanels_products_installation-video_url":"https:\/\/youtu.be\/xeJ2UGuPZbQ"}},{"outdoorpanels_products-images":[28647,28656,28683,28674,28665],"outdoorpanels_products-info":{"outdoorpanels_products-name":"Nordic Outdoor Pannello FLEX","outdoorpanels_products-description":"I Nordic Outdoor Pannelli FLEX sono una soluzione di rivestimento robusta ed estetica, progettata per un\u2019installazione rapida e precisa. Il pannello \u00e8 composto da listelli in ThermoWood montati su un supporto dello stesso materiale \u2013 questo supporto \u00e8 una parte visibile e integrata del design. Crea un aspetto armonioso e uniforme tra i listelli, aggiungendo profondit\u00e0 e calore alla facciata.","outdoorpanels_products-usp_headline":"Perch\u00e9 scegliere i Nordic Outdoor Pannelli FLEX?","outdoorpanels_products-usp":[{"outdoorpanels_products-usp_text":"Supporto visibile dietro il pannello"},{"outdoorpanels_products-usp_text":"Risparmia tempo: installazione rapida e regolazione flessibile"},{"outdoorpanels_products-usp_text":"Resistente all\u2019umidit\u00e0, alla muffa e alle variazioni di temperatura"}]},"outdoorpanels_products-datasheet":{"outdoorpanels_products-button_text":18956,"category_datasheet-issuu_link":"https:\/\/issuu.com\/fogveno\/docs\/it_nordic_outdoor_flex_panel?fr=xKAE9_zMzMw"},"outdoorpanels_products-installation":{"outdoorpanels_products_installation-button_cta":28630,"outdoorpanels_products_installation-headline":28630,"outdoorpanels_products_installation-guide":"Installazione passo dopo passo\r\n\r\nPreparazione: Assicurarsi che gli elementi edilizi circostanti siano correttamente realizzati e offrano protezione e supporto adeguati per il rivestimento. Garantire il drenaggio dell\u2019acqua, la ventilazione e lo spazio per i movimenti strutturali. Il rivestimento non deve essere a diretto contatto con il terreno (distanza minima di 200 mm dal suolo).\r\n\r\nFissaggio dei pannelli: Utilizzare chiodi a gambo anellato o viti per facciata Nordic Outdoor FLEX. Si consiglia di preforare le estremit\u00e0 dei profili per evitare fessurazioni.\r\n\r\nMontaggio dei pannelli: Iniziare dal basso e procedere verso l\u2019alto. Controllare continuamente l\u2019allineamento verticale e orizzontale.\r\n\r\nRegolazione dei pannelli: Utilizzare un seghetto alternativo o una sega circolare per tagli precisi.","outdoorpanels_products_installation-video_url":"https:\/\/youtu.be\/xeJ2UGuPZbQ"}},{"outdoorpanels_products-images":[28692,28710,28737,28728,28701,28719],"outdoorpanels_products-info":{"outdoorpanels_products-name":"Nordic Outdoor Pannello PRO","outdoorpanels_products-description":"I Nordic Outdoor Pannelli PRO sono una soluzione per facciate estetica e resistente alle intemperie. Il pannello \u00e8 realizzato con pannelli in lana di roccia e listelli esclusivi in ThermoWood, garantendo lunga durata, minima manutenzione e resistenza all\u2019umidit\u00e0 e alle variazioni di temperatura.","outdoorpanels_products-usp_headline":"Perch\u00e9 scegliere i Nordic Outdoor Pannelli PRO?","outdoorpanels_products-usp":[{"outdoorpanels_products-usp_text":"Costruzione unica con pannelli in lana di roccia e listelli in ThermoWood"},{"outdoorpanels_products-usp_text":"Facciata durevole e resistente alle intemperie con minima manutenzione"},{"outdoorpanels_products-usp_text":"Installazione facile senza bisogno di attrezzi speciali"}]},"outdoorpanels_products-datasheet":{"outdoorpanels_products-button_text":18956,"category_datasheet-issuu_link":"https:\/\/issuu.com\/fogveno\/docs\/it_nordic_outdoor_pro_panel?fr=xKAE9_zMzMw"},"outdoorpanels_products-installation":{"outdoorpanels_products_installation-button_cta":28630,"outdoorpanels_products_installation-headline":28630,"outdoorpanels_products_installation-guide":"Installazione passo dopo passo\r\n\r\nPreparazione: Pulire e preparare la superficie. Leggere la guida di installazione inclusa nella confezione. Installare una barriera antivento se necessario.\r\n\r\nMontaggio dei listelli: Installare i listelli con una distanza massima di C\/C 300 mm. Assicurare una corretta ventilazione.\r\n\r\nFissaggio dei pannelli: Montare i pannelli utilizzando viti per facciata, con almeno 10 viti per m\u00b2.\r\n\r\nFinitura: Verificare che tutti i pannelli siano correttamente allineati. Installare una rete antinsetti nella parte superiore e inferiore se necessario.","outdoorpanels_products_installation-video_url":"https:\/\/youtu.be\/KEGL-QCWLq8"}},{"outdoorpanels_products-images":[30162],"outdoorpanels_products-info":{"outdoorpanels_products-name":"Pannelli Nordic Outdoor FR PRO","outdoorpanels_products-description":"I Pannelli Nordic Outdoor FR PRO sono progettati per aree esterne semiaperte e coperte, dove sicurezza ed estetica sono fondamentali. Realizzati con pannelli in lana di roccia ignifuga e listelli in ThermoWood, i pannelli combinano il design nordico con una resistenza al fuoco certificata (B-s2,d0). Offrono prestazioni durature con una manutenzione minima, rendendoli ideali sia per nuove costruzioni che per ristrutturazioni.","outdoorpanels_products-usp_headline":"Perch\u00e9 scegliere i Pannelli Nordic Outdoor FR PRO?","outdoorpanels_products-usp":[{"outdoorpanels_products-usp_text":"Soluzione ignifuga (B-s2,d0) per uso esterno"},{"outdoorpanels_products-usp_text":"Combina sicurezza ed estetica del design nordico"},{"outdoorpanels_products-usp_text":"Installazione facile e veloce"}]},"outdoorpanels_products-datasheet":{"outdoorpanels_products-button_text":18956,"category_datasheet-issuu_link":"https:\/\/issuu.com\/fogveno\/docs\/it_nordic_outdoor_fr_pro_panel?fr=xKAE9_zMzMw"},"outdoorpanels_products-installation":{"outdoorpanels_products_installation-button_cta":"","outdoorpanels_products_installation-headline":"","outdoorpanels_products_installation-guide":"","outdoorpanels_products_installation-video_url":""}}],"product_category-selected":false,"product_category-headline_p1":"REAL WOOD,","product_category-headline_p2":"REAL ACOUSTIC IMPROVEMENTS","product_category-introduction":"All BY VEN\u00d8 acoustic panels are much more than just a visual product. You get a product that makes the room\u2019s acoustics and level of reverberation significantly better!\r\n\r\nOur Danish-made acoustic panels break the sound and absorb the sound wave, so it dies out when it hits the panels.\r\n\r\nThis means that the sound wave is eliminated and the reverberation time is shortened, which will improve the indoor climate and the feeling of well-being in the room, whether we are talking about private, commercial or public buildings.\r\n\r\nThe combination of the slat structure and the acoustic polyester felt divides the sound waves and absorbs them when they hit the panel. This means that the sound is not reflected back into the room, but is absorbed into the panel.\r\n\r\nThe panel is made of slats of black MDF with a surface of real wood veneer, which is attached to a 9mm \/ 0.35 in black polyester felt of recycled plastic. Our wood panels are also made from materials from responsibly managed FSC\u2122certified forests and other controlled sources.","product_category-highlighted_media":"","product_category-cta":{"product_category_cta":null},"comparrison_image":"","product_category-some_of_our_combinations":"","hero-media":[28557,28566,28575],"hero-h1":"Nordic Outdoor Pannelli","hero-sub_header":""},"_links":{"self":[{"href":"https:\/\/denpanels.com\/it\/wp-json\/wp\/v2\/pages\/28748","targetHints":{"allow":["GET"]}}],"collection":[{"href":"https:\/\/denpanels.com\/it\/wp-json\/wp\/v2\/pages"}],"about":[{"href":"https:\/\/denpanels.com\/it\/wp-json\/wp\/v2\/types\/page"}],"author":[{"embeddable":true,"href":"https:\/\/denpanels.com\/it\/wp-json\/wp\/v2\/users\/1"}],"replies":[{"embeddable":true,"href":"https:\/\/denpanels.com\/it\/wp-json\/wp\/v2\/comments?post=28748"}],"version-history":[{"count":4,"href":"https:\/\/denpanels.com\/it\/wp-json\/wp\/v2\/pages\/28748\/revisions"}],"predecessor-version":[{"id":30180,"href":"https:\/\/denpanels.com\/it\/wp-json\/wp\/v2\/pages\/28748\/revisions\/30180"}],"up":[{"embeddable":true,"href":"https:\/\/denpanels.com\/it\/wp-json\/wp\/v2\/pages\/8126"}],"acf:attachment":[{"embeddable":true,"href":"https:\/\/denpanels.com\/it\/wp-json\/wp\/v2\/media\/28575"},{"embeddable":true,"href":"https:\/\/denpanels.com\/it\/wp-json\/wp\/v2\/media\/28566"},{"embeddable":true,"href":"https:\/\/denpanels.com\/it\/wp-json\/wp\/v2\/media\/28557"}],"wp:attachment":[{"href":"https:\/\/denpanels.com\/it\/wp-json\/wp\/v2\/media?parent=28748"}],"wp:term":[{"taxonomy":"page-section","embeddable":true,"href":"https:\/\/denpanels.com\/it\/wp-json\/wp\/v2\/page-section?post=28748"},{"taxonomy":"page-template","embeddable":true,"href":"https:\/\/denpanels.com\/it\/wp-json\/wp\/v2\/page-template?post=28748"}],"curies":[{"name":"wp","href":"https:\/\/api.w.org\/{rel}","templated":true}]}}