{"id":10896,"date":"2024-07-15T10:28:54","date_gmt":"2024-07-15T08:28:54","guid":{"rendered":"https:\/\/new.byveno.com\/self-adhesive-sticks\/"},"modified":"2025-02-24T08:42:30","modified_gmt":"2025-02-24T07:42:30","slug":"bastoni","status":"publish","type":"page","link":"https:\/\/denpanels.com\/it\/trova-il-tuo-stile\/pannelli-di-design\/bastoni\/","title":{"rendered":"Bastoni"},"content":{"rendered":"","protected":false},"excerpt":{"rendered":"","protected":false},"author":3,"featured_media":0,"parent":10917,"menu_order":4,"comment_status":"closed","ping_status":"closed","template":"","meta":{"_acf_changed":false,"footnotes":""},"page-section":[525,528,526],"page-template":[493],"class_list":["post-10896","page","type-page","status-publish","hentry","page-section-hero","page-section-megamenu","page-section-product-category","page-template-category-sticks"],"acf":{"product_category-selected":340,"product_category-headline_p1":"Denpanels Bastoni:","product_category-headline_p2":"Stile senza sforzo e creativit\u00e0 senza limiti","product_category-introduction":"Da Denpanels, ti presentiamo Sticks \u2013 un modo versatile ed elegante per personalizzare facilmente le tue pareti e soffitti. Con una variet\u00e0 di texture, colori e finiture, la tua creativit\u00e0 \u00e8 l'unico limite.\r\n\r\n<strong>Design raffinato<\/strong> \u2013 disponibile in impiallacciatura in legno, linoleum, laminato e foglia.  \r\n<strong>Qualit\u00e0 premium<\/strong> \u2013 realizzato in MDF da 9 mm che soddisfa gli standard ambientali Carb2 e AgBB.  \r\n<strong>Installazione senza problemi<\/strong> \u2013 retro adesivo per un montaggio rapido e facile.\r\n\r\nChe tu preferisca l'eleganza del linoleum, il calore del legno o l'aspetto elegante del laminato, Sticks offre una fusione perfetta di estetica e praticit\u00e0 per ogni interno \u2013 dal minimalismo moderno alla tradizione senza tempo.\r\n\r\nInstallazione semplice. Risultati sorprendenti. Possibilit\u00e0 illimitate.","product_category-highlighted_media":22177,"product_category-cta":{"product_category_cta":null},"comparrison_image":null,"product_category-some_of_our_combinations":18935,"hero-media":[22176],"hero-h1":"Bastoni","hero-sub_header":""},"_links":{"self":[{"href":"https:\/\/denpanels.com\/it\/wp-json\/wp\/v2\/pages\/10896","targetHints":{"allow":["GET"]}}],"collection":[{"href":"https:\/\/denpanels.com\/it\/wp-json\/wp\/v2\/pages"}],"about":[{"href":"https:\/\/denpanels.com\/it\/wp-json\/wp\/v2\/types\/page"}],"author":[{"embeddable":true,"href":"https:\/\/denpanels.com\/it\/wp-json\/wp\/v2\/users\/3"}],"replies":[{"embeddable":true,"href":"https:\/\/denpanels.com\/it\/wp-json\/wp\/v2\/comments?post=10896"}],"version-history":[{"count":6,"href":"https:\/\/denpanels.com\/it\/wp-json\/wp\/v2\/pages\/10896\/revisions"}],"predecessor-version":[{"id":22180,"href":"https:\/\/denpanels.com\/it\/wp-json\/wp\/v2\/pages\/10896\/revisions\/22180"}],"up":[{"embeddable":true,"href":"https:\/\/denpanels.com\/it\/wp-json\/wp\/v2\/pages\/10917"}],"acf:attachment":[{"embeddable":true,"href":"https:\/\/denpanels.com\/it\/wp-json\/wp\/v2\/media\/22176"}],"acf:post":[{"embeddable":true,"href":"https:\/\/denpanels.com\/it\/wp-json\/wp\/v2\/translation\/18935"}],"acf:term":[{"embeddable":true,"taxonomy":"product-category","href":"https:\/\/denpanels.com\/it\/wp-json\/wp\/v2\/product-category\/340"}],"wp:attachment":[{"href":"https:\/\/denpanels.com\/it\/wp-json\/wp\/v2\/media?parent=10896"}],"wp:term":[{"taxonomy":"page-section","embeddable":true,"href":"https:\/\/denpanels.com\/it\/wp-json\/wp\/v2\/page-section?post=10896"},{"taxonomy":"page-template","embeddable":true,"href":"https:\/\/denpanels.com\/it\/wp-json\/wp\/v2\/page-template?post=10896"}],"curies":[{"name":"wp","href":"https:\/\/api.w.org\/{rel}","templated":true}]}}