{"id":10403,"date":"2024-07-15T10:05:41","date_gmt":"2024-07-15T08:05:41","guid":{"rendered":"https:\/\/new.byveno.com\/60x60-design-panels\/"},"modified":"2025-02-21T13:49:15","modified_gmt":"2025-02-21T12:49:15","slug":"pannelli-di-design-acustico","status":"publish","type":"page","link":"https:\/\/denpanels.com\/it\/trova-il-tuo-stile\/pannelli-di-design\/pannelli-di-design-acustico\/","title":{"rendered":"Pannelli di Design Acustico"},"content":{"rendered":"","protected":false},"excerpt":{"rendered":"","protected":false},"author":3,"featured_media":0,"parent":10917,"menu_order":2,"comment_status":"closed","ping_status":"closed","template":"","meta":{"_acf_changed":false,"footnotes":""},"page-section":[524,525,528,526],"page-template":[491],"class_list":["post-10403","page","type-page","status-publish","hentry","page-section-datasheet","page-section-hero","page-section-megamenu","page-section-product-category","page-template-category-acoustic-design-panels"],"acf":{"product_category-selected":326,"product_category-headline_p1":"Libera la creativit\u00e0 con","product_category-headline_p2":"Pannelli Design Denpanels","product_category-introduction":"Da Denpanels, ti offriamo i Pannelli Design nelle misure 60\u00d760 e 60\u00d7120 cm, con infinite possibilit\u00e0 per creare motivi unici e interni eleganti.\r\n\r\n<strong>Layout personalizzabili<\/strong> \u2013 disponili in molteplici configurazioni per un aspetto distintivo.  \r\n<strong>Finiture premium<\/strong> \u2013 progettati per un'eleganza estetica e benefici acustici.\r\n\r\nChe si tratti di migliorare una piccola parete decorativa o progettare un pezzo d'arredo audace, i nostri versatili Pannelli Design aggiungono carattere, stile e comfort acustico a qualsiasi spazio.\r\n\r\nDesign danese. Creativit\u00e0 senza limiti. Qualit\u00e0 sostenibile.","product_category-highlighted_media":19571,"product_category-cta":{"product_category_cta":null},"comparrison_image":null,"product_category-some_of_our_combinations":18935,"hero-media":[22151],"hero-h1":"Pannelli di Design Acustico","hero-sub_header":""},"_links":{"self":[{"href":"https:\/\/denpanels.com\/it\/wp-json\/wp\/v2\/pages\/10403","targetHints":{"allow":["GET"]}}],"collection":[{"href":"https:\/\/denpanels.com\/it\/wp-json\/wp\/v2\/pages"}],"about":[{"href":"https:\/\/denpanels.com\/it\/wp-json\/wp\/v2\/types\/page"}],"author":[{"embeddable":true,"href":"https:\/\/denpanels.com\/it\/wp-json\/wp\/v2\/users\/3"}],"replies":[{"embeddable":true,"href":"https:\/\/denpanels.com\/it\/wp-json\/wp\/v2\/comments?post=10403"}],"version-history":[{"count":12,"href":"https:\/\/denpanels.com\/it\/wp-json\/wp\/v2\/pages\/10403\/revisions"}],"predecessor-version":[{"id":22153,"href":"https:\/\/denpanels.com\/it\/wp-json\/wp\/v2\/pages\/10403\/revisions\/22153"}],"up":[{"embeddable":true,"href":"https:\/\/denpanels.com\/it\/wp-json\/wp\/v2\/pages\/10917"}],"acf:attachment":[{"embeddable":true,"href":"https:\/\/denpanels.com\/it\/wp-json\/wp\/v2\/media\/22151"}],"acf:post":[{"embeddable":true,"href":"https:\/\/denpanels.com\/it\/wp-json\/wp\/v2\/translation\/18935"}],"acf:term":[{"embeddable":true,"taxonomy":"product-category","href":"https:\/\/denpanels.com\/it\/wp-json\/wp\/v2\/product-category\/326"}],"wp:attachment":[{"href":"https:\/\/denpanels.com\/it\/wp-json\/wp\/v2\/media?parent=10403"}],"wp:term":[{"taxonomy":"page-section","embeddable":true,"href":"https:\/\/denpanels.com\/it\/wp-json\/wp\/v2\/page-section?post=10403"},{"taxonomy":"page-template","embeddable":true,"href":"https:\/\/denpanels.com\/it\/wp-json\/wp\/v2\/page-template?post=10403"}],"curies":[{"name":"wp","href":"https:\/\/api.w.org\/{rel}","templated":true}]}}