{"id":30772,"date":"2026-02-02T15:45:49","date_gmt":"2026-02-02T14:45:49","guid":{"rendered":"https:\/\/denpanels.com\/metallic-panels\/"},"modified":"2026-02-03T11:52:18","modified_gmt":"2026-02-03T10:52:18","slug":"metallic-panelek","status":"publish","type":"page","link":"https:\/\/denpanels.com\/hu\/metallic-panelek\/","title":{"rendered":"Metallic Panelek"},"content":{"rendered":"","protected":false},"excerpt":{"rendered":"","protected":false},"author":3,"featured_media":0,"parent":0,"menu_order":0,"comment_status":"closed","ping_status":"closed","template":"","meta":{"_acf_changed":false,"footnotes":""},"page-section":[535,524,525,530,526,532,527,534],"page-template":[945],"class_list":["post-30772","page","type-page","status-publish","hentry","page-section-category-options","page-section-datasheet","page-section-hero","page-section-main-category","page-section-product-category","page-section-specific-products","page-section-sub-category","page-section-the-panels-construction","page-template-category-metallic"],"acf":{"product_category-selected":942,"product_category-headline_p1":"Adjon mer\u00e9sz, modern megjelen\u00e9st","product_category-headline_p2":"enteri\u0151rj\u00e9nek","product_category-introduction":"Eleg\u00e1ns \u00e9s modern falburkolati megold\u00e1st keres exkluz\u00edv, ipari karakterrel? A Denpanels met\u00e1l paneljei a sz\u00e1lcsiszolt ac\u00e9l megjelen\u00e9s\u00e9t kifinomult met\u00e1l \u00e1rnyalatokkal \u00f6tv\u00f6zik, \u00edgy olyan teret alak\u00edthat ki, amely egyszerre st\u00edlusos \u00e9s nyugodt hat\u00e1s\u00fa.\r\n\r\nT\u00f6k\u00e9letes v\u00e1laszt\u00e1s otthonokba, irod\u00e1kba \u00e9s k\u00f6z\u00f6ss\u00e9gi terekbe is: ezek a panelek jav\u00edtj\u00e1k a helyis\u00e9g akusztik\u00e1j\u00e1t, mik\u00f6zben letisztult, eleg\u00e1ns megjelen\u00e9st biztos\u00edtanak \u2013 a mindennapi haszn\u00e1latra tervezett fel\u00fclettel.\r\n\r\n<strong>A Denpanels met\u00e1l paneljeivel \u00d6n a k\u00f6vetkez\u0151ket kapja:<\/strong>\r\n\r\n<ul>\r\n  <li>Modern sz\u00e1lcsiszolt ac\u00e9l hat\u00e1s \u2013 minimalista \u00e9s exkluz\u00edv megjelen\u00e9s\u00e9rt<\/li>\r\n  <li>6 met\u00e1l sz\u00edn \u2013 Aluminium, Bronze, Copper, Gold, Inox \u00e9s Titan<\/li>\r\n  <li>Jobb akusztika \u2013 hangelnyel\u00e9s \u00e9s cs\u00f6kkentett visszhang<\/li>\r\n  <li>K\u00f6nny\u0171 karbantart\u00e1s \u2013 tart\u00f3s lamin\u00e1lt fel\u00fclet, amely egyszer\u0171en tiszt\u00e1n tarthat\u00f3<\/li>\r\n  <li>Kev\u00e9sb\u00e9 l\u00e1that\u00f3 ujjlenyomatok \u2013 rendezett \u00e9s egys\u00e9ges megjelen\u00e9s<\/li>\r\n  <li>D\u00e1n diz\u00e1jn \u00e9s min\u0151s\u00e9g \u2013 a funkcionalit\u00e1s \u00e9s az eszt\u00e9tika jegy\u00e9ben k\u00e9\r\n","product_category-highlighted_media":30760,"product_category-cta":{"product_category_cta":null},"comparrison_image":"","product_category-some_of_our_combinations":24320,"hero-media":[30729],"hero-h1":"Metallic Panelek","hero-sub_header":""},"_links":{"self":[{"href":"https:\/\/denpanels.com\/hu\/wp-json\/wp\/v2\/pages\/30772","targetHints":{"allow":["GET"]}}],"collection":[{"href":"https:\/\/denpanels.com\/hu\/wp-json\/wp\/v2\/pages"}],"about":[{"href":"https:\/\/denpanels.com\/hu\/wp-json\/wp\/v2\/types\/page"}],"author":[{"embeddable":true,"href":"https:\/\/denpanels.com\/hu\/wp-json\/wp\/v2\/users\/3"}],"replies":[{"embeddable":true,"href":"https:\/\/denpanels.com\/hu\/wp-json\/wp\/v2\/comments?post=30772"}],"version-history":[{"count":3,"href":"https:\/\/denpanels.com\/hu\/wp-json\/wp\/v2\/pages\/30772\/revisions"}],"predecessor-version":[{"id":30810,"href":"https:\/\/denpanels.com\/hu\/wp-json\/wp\/v2\/pages\/30772\/revisions\/30810"}],"acf:attachment":[{"embeddable":true,"href":"https:\/\/denpanels.com\/hu\/wp-json\/wp\/v2\/media\/30729"}],"acf:post":[{"embeddable":true,"href":"https:\/\/denpanels.com\/hu\/wp-json\/wp\/v2\/translation\/24320"}],"acf:term":[{"embeddable":true,"taxonomy":"product-category","href":"https:\/\/denpanels.com\/hu\/wp-json\/wp\/v2\/product-category\/942"}],"wp:attachment":[{"href":"https:\/\/denpanels.com\/hu\/wp-json\/wp\/v2\/media?parent=30772"}],"wp:term":[{"taxonomy":"page-section","embeddable":true,"href":"https:\/\/denpanels.com\/hu\/wp-json\/wp\/v2\/page-section?post=30772"},{"taxonomy":"page-template","embeddable":true,"href":"https:\/\/denpanels.com\/hu\/wp-json\/wp\/v2\/page-template?post=30772"}],"curies":[{"name":"wp","href":"https:\/\/api.w.org\/{rel}","templated":true}]}}