{"id":29398,"date":"2025-06-17T14:52:19","date_gmt":"2025-06-17T12:52:19","guid":{"rendered":"https:\/\/denpanels.com\/faq\/"},"modified":"2025-06-25T08:23:01","modified_gmt":"2025-06-25T06:23:01","slug":"faq","status":"publish","type":"page","link":"https:\/\/denpanels.com\/hu\/faq\/","title":{"rendered":"FAQ"},"content":{"rendered":"","protected":false},"excerpt":{"rendered":"","protected":false},"author":1,"featured_media":0,"parent":0,"menu_order":0,"comment_status":"closed","ping_status":"closed","template":"","meta":{"_acf_changed":false,"footnotes":""},"page-section":[536,525,526],"page-template":[766],"class_list":["post-29398","page","type-page","status-publish","hentry","page-section-content-blocks","page-section-hero","page-section-product-category","page-template-faq"],"acf":{"product_category-selected":false,"product_category-headline_p1":"Nem tal\u00e1lom","product_category-headline_p2":"mit keres?","product_category-introduction":"B\u00e1rmikor sz\u00edvesen l\u00e1tjuk, ha kapcsolatba l\u00e9p vel\u00fcnk - mi seg\u00edt\u00fcnk.\r\n\r\n<strong>Kapcsolat<\/strong>\r\ndenpanels@fog-veno.com\r\n(+45) 88 77 83 70\r\n\r\n<strong>Telefonos nyitvatart\u00e1s (CET)<\/strong>\r\nH\u00e9tf\u0151 08:00 - 16:00\r\nKedd 08:00 - 16:00\r\nSzerda 08:00 - 16:00\r\nCs\u00fct\u00f6rt\u00f6k 08:00 - 16:00\r\nP\u00e9ntek 08:00 - 14:00","product_category-highlighted_media":29417,"product_category-cta":{"product_category_cta":null},"comparrison_image":null,"product_category-some_of_our_combinations":"","hero-media":[29292],"hero-h1":"FAQ","hero-sub_header":""},"_links":{"self":[{"href":"https:\/\/denpanels.com\/hu\/wp-json\/wp\/v2\/pages\/29398","targetHints":{"allow":["GET"]}}],"collection":[{"href":"https:\/\/denpanels.com\/hu\/wp-json\/wp\/v2\/pages"}],"about":[{"href":"https:\/\/denpanels.com\/hu\/wp-json\/wp\/v2\/types\/page"}],"author":[{"embeddable":true,"href":"https:\/\/denpanels.com\/hu\/wp-json\/wp\/v2\/users\/1"}],"replies":[{"embeddable":true,"href":"https:\/\/denpanels.com\/hu\/wp-json\/wp\/v2\/comments?post=29398"}],"version-history":[{"count":1,"href":"https:\/\/denpanels.com\/hu\/wp-json\/wp\/v2\/pages\/29398\/revisions"}],"predecessor-version":[{"id":29407,"href":"https:\/\/denpanels.com\/hu\/wp-json\/wp\/v2\/pages\/29398\/revisions\/29407"}],"acf:attachment":[{"embeddable":true,"href":"https:\/\/denpanels.com\/hu\/wp-json\/wp\/v2\/media\/29292"}],"wp:attachment":[{"href":"https:\/\/denpanels.com\/hu\/wp-json\/wp\/v2\/media?parent=29398"}],"wp:term":[{"taxonomy":"page-section","embeddable":true,"href":"https:\/\/denpanels.com\/hu\/wp-json\/wp\/v2\/page-section?post=29398"},{"taxonomy":"page-template","embeddable":true,"href":"https:\/\/denpanels.com\/hu\/wp-json\/wp\/v2\/page-template?post=29398"}],"curies":[{"name":"wp","href":"https:\/\/api.w.org\/{rel}","templated":true}]}}