{"id":25291,"date":"2024-06-06T12:03:39","date_gmt":"2024-06-06T10:03:39","guid":{"rendered":"https:\/\/denpanels.com\/nordic-swan-ecolabel\/"},"modified":"2025-03-13T08:46:08","modified_gmt":"2025-03-13T07:46:08","slug":"nordic-swan-ecolabel","status":"publish","type":"page","link":"https:\/\/denpanels.com\/hu\/nordic-swan-ecolabel\/","title":{"rendered":"Nordic Swan Ecolabel"},"content":{"rendered":"<div>\n<p>        <video src=\"\/wp-content\/uploads\/Nordic-Swan-Ecolabel.mp4\"><\/video><\/p>\n<\/div>\n<div>\n<h1>Nordic Swan Ecolabel<\/h1>\n<\/div>\n<h2>Egy kulcsfontoss\u00e1g\u00fa m\u00e9rf\u00f6ldk\u0151<\/h2>\n<h2>a fenntarthat\u00f3s\u00e1g \u00e9s min\u0151s\u00e9g ter\u00e9n<\/h2>\n<div>\n<p>A mai \u00e9p\u00edt\u0151iparban a Nordic Swan \u00f6koc\u00edmke kulcsfontoss\u00e1g\u00fa m\u00e9rf\u00f6ldk\u0151v\u00e9 v\u00e1lt a fenntarthat\u00f3s\u00e1g \u00e9s a min\u0151s\u00e9g ter\u00e9n. Ez az embl\u00e9ma elismert szabv\u00e1nny\u00e1 n\u0151tte ki mag\u00e1t a k\u00f6rnyezeti felel\u0151ss\u00e9gv\u00e1llal\u00e1s, a fenntarthat\u00f3s\u00e1g \u00e9s a fogyaszt\u00f3i tudatoss\u00e1g ter\u00e9n, nemcsak D\u00e1ni\u00e1ban, hanem az eg\u00e9sz \u00e9szaki r\u00e9gi\u00f3ban.<\/p>\n<p>Hogyan biztos\u00edthatjuk, hogy az \u00e1ltalunk l\u00e9trehozott terek egyszerre legyenek eszt\u00e9tikailag vonz\u00f3ak, funkcion\u00e1lisak \u00e9s k\u00f6rnyezetbar\u00e1tok?<\/p>\n<p>A Nordic Swan \u00f6koc\u00edmke erre ad v\u00e1laszt. Az \u00e9szaki r\u00e9gi\u00f3ban egyre n\u00f6vekv\u0151 jelent\u0151s\u00e9ggel b\u00edr ez a min\u0151s\u00edt\u00e9s. Csak D\u00e1ni\u00e1ban a lakoss\u00e1g 95%-a ismeri a c\u00edmk\u00e9t, \u00e9s 67%-uk akt\u00edvan keresi is, amikor v\u00e1s\u00e1rl\u00e1si d\u00f6nt\u00e9seket hoz. Ezek az adatok sz\u00e9lesebb k\u00f6r\u0171 \u00e9szaki trendet t\u00fckr\u00f6znek, amelyben mind a mag\u00e1nfogyaszt\u00f3k, mind a v\u00e1llalkoz\u00e1sok egyre ink\u00e1bb el\u0151t\u00e9rbe helyezik a fenntarthat\u00f3s\u00e1got \u00e9s a k\u00f6rnyezeti szempontokat.<\/p>\n<p>A rossz akusztika jelent\u0151sen ronthatja b\u00e1rmely t\u00e9r \u00e9lm\u00e9ny\u00e9t, legyen sz\u00f3 munkahelyekr\u0151l, k\u00f6z\u00f6ss\u00e9gi terekr\u0151l vagy mag\u00e1nlak\u00e1sokr\u00f3l. Azonban a Nordic Swan \u00f6koc\u00edmk\u00e9vel ell\u00e1tott akusztikai panelek v\u00e1laszt\u00e1s\u00e1val nemcsak az akusztikai kih\u00edv\u00e1sokra k\u00edn\u00e1l megold\u00e1st, hanem egy\u00e9rtelm\u0171 elk\u00f6telezetts\u00e9get is mutat a bolyg\u00f3 ir\u00e1nt. Professzion\u00e1lis k\u00f6rnyezetekben, ahol a termel\u00e9kenys\u00e9g \u00e9s az alkalmazottak el\u00e9gedetts\u00e9ge kulcsfontoss\u00e1g\u00fa, a Nordic Swan min\u0151s\u00edt\u00e9s\u0171 megold\u00e1sok kiemelked\u0151 szerepet t\u00f6ltenek be. Ezek a megold\u00e1sok nemcsak az akusztikai probl\u00e9m\u00e1kra ny\u00fajtanak v\u00e1laszt, hanem a v\u00e1llalat fenntarthat\u00f3s\u00e1g ir\u00e1nti elhivatotts\u00e1g\u00e1t is bizony\u00edtj\u00e1k.<\/p>\n<\/div>\n<p><p>\n        <a href=\"https:\/\/fog-veno.com\/en\/nordic-swan-ecolabel\/\" rel=\"nofollow noopener\" target=\"_blank\">Tudjon meg t\u00f6bbet tan\u00fas\u00edtv\u00e1nyunkr\u00f3l<\/a>\n    <\/p>\n<\/p>\n<p><img decoding=\"async\" src=\"\/wp-content\/uploads\/Render-1.jpg\" alt=\"\" title=\"\"><\/p>\n<h2>\n<p>A Nordic Swan \u00f6koc\u00edmk\u00e9vel ell\u00e1tott akusztikai panelek el\u0151nyei<\/p>\n<\/h2>\n<div>\n<p>A Nordic Swan \u00f6koc\u00edmke \u00f6sszhangban van az ENSZ fenntarthat\u00f3 fejl\u0151d\u00e9si c\u00e9ljaival, k\u00fcl\u00f6n\u00f6s tekintettel a fenntarthat\u00f3 termel\u00e9sre \u00e9s a felel\u0151s fogyaszt\u00e1sra. \u00cdme, hogyan emelkednek ki a Nordic Swan \u00f6koc\u00edmk\u00e9vel tan\u00fas\u00edtott akusztikai paneljeink:<\/p>\n<ul>\n<li><strong>Hossz\u00fa \u00e9lettartam<\/strong>: A min\u0151s\u00e9g \u00e9s a fenntarthat\u00f3s\u00e1g kombin\u00e1ci\u00f3ja tart\u00f3s megold\u00e1st biztos\u00edt.<\/li>\n<li><strong>Fenntarthat\u00f3s\u00e1g<\/strong>: A panelek hozz\u00e1j\u00e1rulnak a k\u00f6rnyezetbar\u00e1t \u00e9p\u00edtkez\u00e9shez, minimaliz\u00e1lj\u00e1k a hullad\u00e9kot, \u00e9s t\u00e1mogatj\u00e1k a k\u00f6rforg\u00e1sos gazdas\u00e1got. Felel\u0151s erd\u0151gazd\u00e1lkod\u00e1sb\u00f3l sz\u00e1rmaz\u00f3 alapanyagokkal \u00e9s anyagok \u00fajrahasznos\u00edt\u00e1s\u00e1val k\u00e9sz\u00fclnek.<\/li>\n<li><strong>Eg\u00e9szs\u00e9g<\/strong>: A k\u00e1ros vegyi anyagok hi\u00e1nya biztos\u00edtja, hogy a panelek be\u00e9p\u00edt\u00e9s\u00e9vel eg\u00e9szs\u00e9gesebb bels\u0151 terek j\u00f6jjenek l\u00e9tre, cs\u00f6kkentve az eg\u00e9szs\u00e9g\u00fcgyi kock\u00e1zatokat az ott \u00e9l\u0151k, dolgoz\u00f3k vagy l\u00e1togat\u00f3k sz\u00e1m\u00e1ra.<\/li>\n<li><strong>Glob\u00e1lis kezdem\u00e9nyez\u00e9sek t\u00e1mogat\u00e1sa<\/strong>: A Nordic Swan \u00f6koc\u00edmke v\u00e1laszt\u00e1s\u00e1val \u00d6n is t\u00e1mogatja az ENSZ fenntarthat\u00f3 fejl\u0151d\u00e9si c\u00e9ljait, k\u00fcl\u00f6n\u00f6sen a 12-es (Felel\u0151s fogyaszt\u00e1s \u00e9s termel\u00e9s) \u00e9s a 15-\u00f6s (Sz\u00e1razf\u00f6ldi \u00f6kosziszt\u00e9m\u00e1k v\u00e9delme) c\u00e9lokat.<\/li>\n<\/ul>\n<\/div>\n<div>\n<p>        <img decoding=\"async\" src=\"\/wp-content\/uploads\/nordicsvanecolabel-logo.png\" alt=\"\" title=\"\"><\/p>\n<h2>Keresse<\/h2>\n<p>a Nordic Swan Ecolabel min\u0151s\u00edt\u00e9st<\/p>\n<div>\n<p>Az \u00e9p\u00edt\u0151ipar j\u00f6v\u0151je z\u00f6ld, funkcionalit\u00e1sk\u00f6zpont\u00fa \u00e9s felhaszn\u00e1l\u00f3bar\u00e1t. Az akusztika kezdetekt\u0151l val\u00f3 be\u00e9p\u00edt\u00e9se nemcsak az optim\u00e1lis felhaszn\u00e1l\u00f3i \u00e9lm\u00e9ny \u00e9rdek\u00e9ben sz\u00fcks\u00e9ges, hanem r\u00e9sze annak a nagyobb felel\u0151ss\u00e9gnek is, amelyet bolyg\u00f3nk \u00e9s annak lak\u00f3i ir\u00e1nt v\u00e1llalunk. A BY VEN\u00d8 Nordic Swan Ecolabel min\u0151s\u00edt\u00e9ssel rendelkez\u0151 akusztikai paneljei olyan megold\u00e1st k\u00edn\u00e1lnak, amely nemcsak a hangmin\u0151s\u00e9get jav\u00edtja, hanem hozz\u00e1j\u00e1rul a fenntarthat\u00f3s\u00e1ghoz \u00e9s az \u00e9p\u00edtett k\u00f6rnyezet\u00fcnk eg\u00e9szs\u00e9g\u00e9hez is.<\/p>\n<\/div>\n<p><a href=\"https:\/\/www.svanemaerket.dk\/en\" rel=\"nofollow noopener\" target=\"_blank\">Tudjon meg t\u00f6bbet a Nordic Swan Ecolabel min\u0151s\u00edt\u00e9sr\u0151l<\/a><\/p>\n<\/div>\n<p><!--more--><br \/>\n<!-- {\"type\":\"layout\",\"children\":[{\"type\":\"section\",\"props\":{\"\":\"linear-gradient(180deg, rgba(75,93,99,1) 0%, rgba(75,93,99,0.7217480742296919) 31%, rgba(75,93,99,0.14751838235294112) 100%);\",\"animation\":\"scale-up\",\"animation_delay\":\"200\",\"divider_height\":\"120\",\"divider_layers_gap\":\"5\",\"divider_layers_opacity\":\"0.5\",\"divider_position\":\"top\",\"divider_responsive\":true,\"divider_shadow_blur_radius\":\"5\",\"divider_shadow_color\":\"#00000080\",\"divider_shadow_offset_x\":\"0\",\"divider_shadow_offset_y\":\"5\",\"divider_width\":\"100\",\"header_transparent\":true,\"header_transparent_noplaceholder\":true,\"height_viewport\":35,\"image_effect\":\"parallax\",\"image_parallax_bgy\":\"100\",\"image_position\":\"center-center\",\"image_size\":\"cover\",\"image_width\":1920,\"media_background\":\"#4B5D63\",\"media_blend_mode\":\"multiply\",\"padding\":\"none\",\"padding_custom_bottom\":\"70\",\"padding_custom_top\":\"70\",\"style\":\"secondary\",\"style_custom_color\":\"#ccc\",\"text_color\":\"light\",\"title_breakpoint\":\"xl\",\"title_position\":\"top-left\",\"title_rotation\":\"left\",\"vertical_align\":\"middle\",\"width\":\"\"},\"children\":[{\"type\":\"row\",\"props\":{\"divider\":false,\"parallax\":true},\"children\":[{\"type\":\"column\",\"props\":{\"image_position\":\"center-center\",\"position_sticky_breakpoint\":\"m\"},\"children\":[{\"type\":\"slideshow\",\"props\":{\"blend\":false,\"class\":\"gradientoverlay\",\"css\":\".el-element {\\n    margin-bottom: 0px !important;\\n}\",\"image_loading\":true,\"image_width\":\"1920\",\"link_style\":\"default\",\"link_text\":\"Read more\",\"margin\":\"default\",\"meta_align\":\"below-title\",\"meta_element\":\"div\",\"meta_style\":\"text-meta\",\"nav\":\"\",\"nav_align\":\"center\",\"nav_below\":true,\"nav_breakpoint\":\"s\",\"nav_position\":\"bottom-center\",\"nav_position_margin\":\"medium\",\"overlay_animation\":\"parallax\",\"overlay_position\":\"center-left\",\"position\":\"relative\",\"show_content\":false,\"show_link\":false,\"show_meta\":false,\"show_thumbnail\":false,\"show_title\":false,\"slidenav\":\"bottom-left\",\"slidenav_breakpoint\":\"s\",\"slidenav_hover\":true,\"slidenav_large\":true,\"slidenav_margin\":\"medium\",\"slidenav_outside_breakpoint\":\"xl\",\"slideshow_animation\":\"fade\",\"slideshow_autoplay\":true,\"slideshow_autoplay_interval\":\"6\",\"slideshow_autoplay_pause\":true,\"slideshow_height\":\"viewport\",\"slideshow_height_offset_top\":false,\"slideshow_height_viewport\":80,\"slideshow_kenburns\":\"alternate\",\"slideshow_kenburns_duration\":\"20\",\"slideshow_min_height\":300,\"slideshow_parallax\":false,\"slideshow_parallax_easing\":\"0.3\",\"slideshow_ratio\":\"16:9\",\"text_color\":\"light\",\"thumbnav_height\":\"75\",\"thumbnav_nowrap\":true,\"thumbnav_svg_color\":\"emphasis\",\"thumbnav_width\":\"100\",\"title_element\":\"h3\",\"title_hover_style\":\"reset\"},\"children\":[{\"type\":\"slideshow_item\",\"props\":{\"video\":\"wp-content\\\/uploads\\\/Nordic-Swan-Ecolabel.mp4\"}}]},{\"type\":\"panel\",\"props\":{\"content_column_breakpoint\":\"m\",\"icon_width\":80,\"image_align\":\"top\",\"image_grid_breakpoint\":\"m\",\"image_grid_width\":\"1-2\",\"image_svg_color\":\"emphasis\",\"link_style\":\"default\",\"link_text\":\"Read more\",\"margin\":\"default\",\"margin_remove_bottom\":true,\"meta\":\"\",\"meta_align\":\"below-title\",\"meta_element\":\"div\",\"meta_style\":\"h4\",\"position\":\"absolute\",\"position_bottom\":\"5vh\",\"position_z_index\":\"3\",\"text_align\":\"center\",\"title\":\"Nordic Swan Ecolabel\",\"title_align\":\"top\",\"title_element\":\"h1\",\"title_grid_breakpoint\":\"m\",\"title_grid_width\":\"1-2\",\"title_hover_style\":\"reset\",\"title_style\":\"heading-medium\"}}]}]}],\"name\":\"Hero med slider\"},{\"type\":\"section\",\"props\":{\"animation_delay\":\"200\",\"image_position\":\"center-center\",\"style\":\"default\",\"title_breakpoint\":\"xl\",\"title_position\":\"top-left\",\"title_rotation\":\"left\",\"vertical_align\":\"middle\",\"width\":\"default\"},\"children\":[{\"type\":\"row\",\"children\":[{\"type\":\"column\",\"props\":{\"image_position\":\"center-center\",\"position_sticky_breakpoint\":\"m\",\"style\":\"tile-default\",\"vertical_align\":\"middle\"},\"children\":[{\"type\":\"headline\",\"props\":{\"content\":\"Egy kulcsfontoss\\u00e1g\\u00fa m\\u00e9rf\\u00f6ldk\\u0151\",\"margin_remove_bottom\":true,\"title_element\":\"h2\",\"title_style\":\"heading-medium\"}},{\"type\":\"headline\",\"props\":{\"content\":\"a fenntarthat\\u00f3s\\u00e1g \\u00e9s min\\u0151s\\u00e9g ter\\u00e9n\",\"margin_remove_bottom\":false,\"margin_remove_top\":true,\"title_color\":\"primary\",\"title_element\":\"h2\",\"title_style\":\"heading-medium\"}},{\"type\":\"text\",\"props\":{\"column_breakpoint\":\"m\",\"content\":\"\n\n<p>A mai \\u00e9p\\u00edt\\u0151iparban a Nordic Swan \\u00f6koc\\u00edmke kulcsfontoss\\u00e1g\\u00fa m\\u00e9rf\\u00f6ldk\\u0151v\\u00e9 v\\u00e1lt a fenntarthat\\u00f3s\\u00e1g \\u00e9s a min\\u0151s\\u00e9g ter\\u00e9n. Ez az embl\\u00e9ma elismert szabv\\u00e1nny\\u00e1 n\\u0151tte ki mag\\u00e1t a k\\u00f6rnyezeti felel\\u0151ss\\u00e9gv\\u00e1llal\\u00e1s, a fenntarthat\\u00f3s\\u00e1g \\u00e9s a fogyaszt\\u00f3i tudatoss\\u00e1g ter\\u00e9n, nemcsak D\\u00e1ni\\u00e1ban, hanem az eg\\u00e9sz \\u00e9szaki r\\u00e9gi\\u00f3ban.<\\\/p>\\n\\n\n\n<p>Hogyan biztos\\u00edthatjuk, hogy az \\u00e1ltalunk l\\u00e9trehozott terek egyszerre legyenek eszt\\u00e9tikailag vonz\\u00f3ak, funkcion\\u00e1lisak \\u00e9s k\\u00f6rnyezetbar\\u00e1tok?<\\\/p>\\n\\n\n\n<p>A Nordic Swan \\u00f6koc\\u00edmke erre ad v\\u00e1laszt. Az \\u00e9szaki r\\u00e9gi\\u00f3ban egyre n\\u00f6vekv\\u0151 jelent\\u0151s\\u00e9ggel b\\u00edr ez a min\\u0151s\\u00edt\\u00e9s. Csak D\\u00e1ni\\u00e1ban a lakoss\\u00e1g 95%-a ismeri a c\\u00edmk\\u00e9t, \\u00e9s 67%-uk akt\\u00edvan keresi is, amikor v\\u00e1s\\u00e1rl\\u00e1si d\\u00f6nt\\u00e9seket hoz. Ezek az adatok sz\\u00e9lesebb k\\u00f6r\\u0171 \\u00e9szaki trendet t\\u00fckr\\u00f6znek, amelyben mind a mag\\u00e1nfogyaszt\\u00f3k, mind a v\\u00e1llalkoz\\u00e1sok egyre ink\\u00e1bb el\\u0151t\\u00e9rbe helyezik a fenntarthat\\u00f3s\\u00e1got \\u00e9s a k\\u00f6rnyezeti szempontokat.<\\\/p>\\n\\n\n\n<p>A rossz akusztika jelent\\u0151sen ronthatja b\\u00e1rmely t\\u00e9r \\u00e9lm\\u00e9ny\\u00e9t, legyen sz\\u00f3 munkahelyekr\\u0151l, k\\u00f6z\\u00f6ss\\u00e9gi terekr\\u0151l vagy mag\\u00e1nlak\\u00e1sokr\\u00f3l. Azonban a Nordic Swan \\u00f6koc\\u00edmk\\u00e9vel ell\\u00e1tott akusztikai panelek v\\u00e1laszt\\u00e1s\\u00e1val nemcsak az akusztikai kih\\u00edv\\u00e1sokra k\\u00edn\\u00e1l megold\\u00e1st, hanem egy\\u00e9rtelm\\u0171 elk\\u00f6telezetts\\u00e9get is mutat a bolyg\\u00f3 ir\\u00e1nt. Professzion\\u00e1lis k\\u00f6rnyezetekben, ahol a termel\\u00e9kenys\\u00e9g \\u00e9s az alkalmazottak el\\u00e9gedetts\\u00e9ge kulcsfontoss\\u00e1g\\u00fa, a Nordic Swan min\\u0151s\\u00edt\\u00e9s\\u0171 megold\\u00e1sok kiemelked\\u0151 szerepet t\\u00f6ltenek be. Ezek a megold\\u00e1sok nemcsak az akusztikai probl\\u00e9m\\u00e1kra ny\\u00fajtanak v\\u00e1laszt, hanem a v\\u00e1llalat fenntarthat\\u00f3s\\u00e1g ir\\u00e1nti elhivatotts\\u00e1g\\u00e1t is bizony\\u00edtj\\u00e1k.<\\\/p>\\n\",\"margin\":\"default\"}},{\"type\":\"button\",\"props\":{\"grid_column_gap\":\"small\",\"grid_row_gap\":\"small\",\"margin\":\"default\"},\"children\":[{\"type\":\"button_item\",\"props\":{\"button_style\":\"primary\",\"content\":\"Tudjon meg t\\u00f6bbet tan\\u00fas\\u00edtv\\u00e1nyunkr\\u00f3l\",\"dialog_layout\":\"modal\",\"dialog_offcanvas_flip\":true,\"icon_align\":\"left\",\"link\":\"https:\\\/\\\/fog-veno.com\\\/en\\\/nordic-swan-ecolabel\\\/\"}}]}]}]}],\"name\":\"Intro\"},{\"type\":\"section\",\"props\":{\"image_position\":\"center-center\",\"padding_remove_horizontal\":false,\"padding_remove_top\":false,\"style\":\"muted\",\"title_breakpoint\":\"xl\",\"title_position\":\"top-left\",\"title_rotation\":\"left\",\"vertical_align\":\"middle\",\"width\":\"default\"},\"children\":[{\"type\":\"row\",\"props\":{\"layout\":\"1-2,1-2\"},\"children\":[{\"type\":\"column\",\"props\":{\"image_position\":\"center-center\",\"position_sticky_breakpoint\":\"m\",\"vertical_align\":\"middle\",\"width_medium\":\"1-2\"},\"children\":[{\"type\":\"image\",\"props\":{\"image\":\"wp-content\\\/uploads\\\/Render-1.jpg\",\"image_height\":960,\"image_svg_color\":\"emphasis\",\"image_width\":1280,\"margin\":\"default\"}}]},{\"type\":\"column\",\"props\":{\"image_position\":\"center-center\",\"position_sticky_breakpoint\":\"m\",\"vertical_align\":\"middle\",\"width_medium\":\"1-2\"},\"children\":[{\"type\":\"headline\",\"props\":{\"content\":\"\n\n<p>A Nordic Swan \\u00f6koc\\u00edmk\\u00e9vel ell\\u00e1tott akusztikai panelek el\\u0151nyei<\\\/p>\\n\",\"title_element\":\"h2\",\"title_style\":\"h1\"}},{\"type\":\"text\",\"props\":{\"column_breakpoint\":\"m\",\"content\":\"\n\n<p>A Nordic Swan \\u00f6koc\\u00edmke \\u00f6sszhangban van az ENSZ fenntarthat\\u00f3 fejl\\u0151d\\u00e9si c\\u00e9ljaival, k\\u00fcl\\u00f6n\\u00f6s tekintettel a fenntarthat\\u00f3 termel\\u00e9sre \\u00e9s a felel\\u0151s fogyaszt\\u00e1sra. \\u00cdme, hogyan emelkednek ki a Nordic Swan \\u00f6koc\\u00edmk\\u00e9vel tan\\u00fas\\u00edtott akusztikai paneljeink:<\\\/p>\\n\n\n<ul>\\n\n\n<li><strong>Hossz\\u00fa \\u00e9lettartam<\\\/strong>: A min\\u0151s\\u00e9g \\u00e9s a fenntarthat\\u00f3s\\u00e1g kombin\\u00e1ci\\u00f3ja tart\\u00f3s megold\\u00e1st biztos\\u00edt.<\\\/li>\\n\n\n<li><strong>Fenntarthat\\u00f3s\\u00e1g<\\\/strong>: A panelek hozz\\u00e1j\\u00e1rulnak a k\\u00f6rnyezetbar\\u00e1t \\u00e9p\\u00edtkez\\u00e9shez, minimaliz\\u00e1lj\\u00e1k a hullad\\u00e9kot, \\u00e9s t\\u00e1mogatj\\u00e1k a k\\u00f6rforg\\u00e1sos gazdas\\u00e1got. Felel\\u0151s erd\\u0151gazd\\u00e1lkod\\u00e1sb\\u00f3l sz\\u00e1rmaz\\u00f3 alapanyagokkal \\u00e9s anyagok \\u00fajrahasznos\\u00edt\\u00e1s\\u00e1val k\\u00e9sz\\u00fclnek.<\\\/li>\\n\n\n<li><strong>Eg\\u00e9szs\\u00e9g<\\\/strong>: A k\\u00e1ros vegyi anyagok hi\\u00e1nya biztos\\u00edtja, hogy a panelek be\\u00e9p\\u00edt\\u00e9s\\u00e9vel eg\\u00e9szs\\u00e9gesebb bels\\u0151 terek j\\u00f6jjenek l\\u00e9tre, cs\\u00f6kkentve az eg\\u00e9szs\\u00e9g\\u00fcgyi kock\\u00e1zatokat az ott \\u00e9l\\u0151k, dolgoz\\u00f3k vagy l\\u00e1togat\\u00f3k sz\\u00e1m\\u00e1ra.<\\\/li>\\n\n\n<li><strong>Glob\\u00e1lis kezdem\\u00e9nyez\\u00e9sek t\\u00e1mogat\\u00e1sa<\\\/strong>: A Nordic Swan \\u00f6koc\\u00edmke v\\u00e1laszt\\u00e1s\\u00e1val \\u00d6n is t\\u00e1mogatja az ENSZ fenntarthat\\u00f3 fejl\\u0151d\\u00e9si c\\u00e9ljait, k\\u00fcl\\u00f6n\\u00f6sen a 12-es (Felel\\u0151s fogyaszt\\u00e1s \\u00e9s termel\\u00e9s) \\u00e9s a 15-\\u00f6s (Sz\\u00e1razf\\u00f6ldi \\u00f6kosziszt\\u00e9m\\u00e1k v\\u00e9delme) c\\u00e9lokat.<\\\/li>\\n<\\\/ul>\\n\",\"margin\":\"default\"}}]}]}]},{\"type\":\"section\",\"props\":{\"image_position\":\"center-center\",\"style\":\"default\",\"title_breakpoint\":\"xl\",\"title_position\":\"top-left\",\"title_rotation\":\"left\",\"vertical_align\":\"middle\",\"width\":\"default\"},\"children\":[{\"type\":\"row\",\"children\":[{\"type\":\"column\",\"props\":{\"image_position\":\"center-center\",\"position_sticky_breakpoint\":\"m\"},\"children\":[{\"type\":\"panel\",\"props\":{\"content\":\"\n\n<p>Az \\u00e9p\\u00edt\\u0151ipar j\\u00f6v\\u0151je z\\u00f6ld, funkcionalit\\u00e1sk\\u00f6zpont\\u00fa \\u00e9s felhaszn\\u00e1l\\u00f3bar\\u00e1t. Az akusztika kezdetekt\\u0151l val\\u00f3 be\\u00e9p\\u00edt\\u00e9se nemcsak az optim\\u00e1lis felhaszn\\u00e1l\\u00f3i \\u00e9lm\\u00e9ny \\u00e9rdek\\u00e9ben sz\\u00fcks\\u00e9ges, hanem r\\u00e9sze annak a nagyobb felel\\u0151ss\\u00e9gnek is, amelyet bolyg\\u00f3nk \\u00e9s annak lak\\u00f3i ir\\u00e1nt v\\u00e1llalunk. A BY VEN\\u00d8 Nordic Swan Ecolabel min\\u0151s\\u00edt\\u00e9ssel rendelkez\\u0151 akusztikai paneljei olyan megold\\u00e1st k\\u00edn\\u00e1lnak, amely nemcsak a hangmin\\u0151s\\u00e9get jav\\u00edtja, hanem hozz\\u00e1j\\u00e1rul a fenntarthat\\u00f3s\\u00e1ghoz \\u00e9s az \\u00e9p\\u00edtett k\\u00f6rnyezet\\u00fcnk eg\\u00e9szs\\u00e9g\\u00e9hez is.<\\\/p>\\n\",\"content_column_breakpoint\":\"m\",\"icon_width\":80,\"image\":\"wp-content\\\/uploads\\\/nordicsvanecolabel-logo.png\",\"image_align\":\"right\",\"image_grid_breakpoint\":\"m\",\"image_grid_width\":\"1-2\",\"image_height\":640,\"image_svg_color\":\"emphasis\",\"image_vertical_align\":true,\"image_width\":640,\"link\":\"https:\\\/\\\/www.svanemaerket.dk\\\/en\",\"link_style\":\"default\",\"link_target\":true,\"link_text\":\"Tudjon meg t\\u00f6bbet a Nordic Swan Ecolabel min\\u0151s\\u00edt\\u00e9sr\\u0151l\",\"margin\":\"default\",\"meta\":\"a Nordic Swan Ecolabel min\\u0151s\\u00edt\\u00e9st\",\"meta_align\":\"below-title\",\"meta_color\":\"primary\",\"meta_element\":\"div\",\"meta_margin\":\"remove\",\"meta_style\":\"h1\",\"title\":\"Keresse\",\"title_align\":\"top\",\"title_element\":\"h2\",\"title_grid_breakpoint\":\"m\",\"title_grid_width\":\"1-2\",\"title_hover_style\":\"reset\",\"title_style\":\"h1\"}}]}]}],\"name\":\"Panel med rigtige indstillinger\"}],\"version\":\"4.5.7\",\"yooessentialsVersion\":\"2.3.8\"} --><\/p>\n","protected":false},"excerpt":{"rendered":"<p>Nordic Swan Ecolabel Egy kulcsfontoss\u00e1g\u00fa m\u00e9rf\u00f6ldk\u0151 a fenntarthat\u00f3s\u00e1g \u00e9s min\u0151s\u00e9g ter\u00e9n A mai \u00e9p\u00edt\u0151iparban a Nordic Swan \u00f6koc\u00edmke kulcsfontoss\u00e1g\u00fa m\u00e9rf\u00f6ldk\u0151v\u00e9 v\u00e1lt a fenntarthat\u00f3s\u00e1g \u00e9s a min\u0151s\u00e9g ter\u00e9n. Ez az embl\u00e9ma elismert szabv\u00e1nny\u00e1 n\u0151tte ki mag\u00e1t a k\u00f6rnyezeti felel\u0151ss\u00e9gv\u00e1llal\u00e1s, a fenntarthat\u00f3s\u00e1g \u00e9s a fogyaszt\u00f3i tudatoss\u00e1g ter\u00e9n, nemcsak D\u00e1ni\u00e1ban, hanem az eg\u00e9sz \u00e9szaki r\u00e9gi\u00f3ban. Hogyan biztos\u00edthatjuk, hogy [&hellip;]<\/p>\n","protected":false},"author":3,"featured_media":0,"parent":0,"menu_order":0,"comment_status":"closed","ping_status":"closed","template":"","meta":{"_acf_changed":false,"footnotes":""},"page-section":[],"page-template":[111],"class_list":["post-25291","page","type-page","status-publish","hentry","page-template-about-us"],"acf":[],"_links":{"self":[{"href":"https:\/\/denpanels.com\/hu\/wp-json\/wp\/v2\/pages\/25291","targetHints":{"allow":["GET"]}}],"collection":[{"href":"https:\/\/denpanels.com\/hu\/wp-json\/wp\/v2\/pages"}],"about":[{"href":"https:\/\/denpanels.com\/hu\/wp-json\/wp\/v2\/types\/page"}],"author":[{"embeddable":true,"href":"https:\/\/denpanels.com\/hu\/wp-json\/wp\/v2\/users\/3"}],"replies":[{"embeddable":true,"href":"https:\/\/denpanels.com\/hu\/wp-json\/wp\/v2\/comments?post=25291"}],"version-history":[{"count":1,"href":"https:\/\/denpanels.com\/hu\/wp-json\/wp\/v2\/pages\/25291\/revisions"}],"predecessor-version":[{"id":25297,"href":"https:\/\/denpanels.com\/hu\/wp-json\/wp\/v2\/pages\/25291\/revisions\/25297"}],"wp:attachment":[{"href":"https:\/\/denpanels.com\/hu\/wp-json\/wp\/v2\/media?parent=25291"}],"wp:term":[{"taxonomy":"page-section","embeddable":true,"href":"https:\/\/denpanels.com\/hu\/wp-json\/wp\/v2\/page-section?post=25291"},{"taxonomy":"page-template","embeddable":true,"href":"https:\/\/denpanels.com\/hu\/wp-json\/wp\/v2\/page-template?post=25291"}],"curies":[{"name":"wp","href":"https:\/\/api.w.org\/{rel}","templated":true}]}}