{"id":24937,"date":"2024-06-06T14:21:16","date_gmt":"2024-06-06T12:21:16","guid":{"rendered":"https:\/\/denpanels.com\/accessories\/"},"modified":"2025-03-10T09:20:10","modified_gmt":"2025-03-10T08:20:10","slug":"kiegeszitok","status":"publish","type":"page","link":"https:\/\/denpanels.com\/hu\/panelek\/kiegeszitok\/","title":{"rendered":"Kieg\u00e9sz\u00edt\u0151k"},"content":{"rendered":"","protected":false},"excerpt":{"rendered":"","protected":false},"author":3,"featured_media":0,"parent":24951,"menu_order":12,"comment_status":"closed","ping_status":"closed","template":"","meta":{"_acf_changed":false,"footnotes":""},"page-section":[525,528],"page-template":[481],"class_list":["post-24937","page","type-page","status-publish","hentry","page-section-hero","page-section-megamenu","page-template-category-accessories"],"acf":{"finish":{"accessories_label_finish":24267,"accessories_finish-categories":[24845,24863,24871]},"suspension":{"accessories_label_suspension":24155,"accessories_suspension-categories":[24895,24889,24876,24884]},"mounting_solutions":{"accessories_label_mounting_solutions":24259,"accessories_mounting_solutions_categories":[24898,24906]},"accessories_label-more_info":24328,"hero-media":[24879,24944,24849,24864],"hero-h1":"Kieg\u00e9sz\u00edt\u0151k","hero-sub_header":""},"_links":{"self":[{"href":"https:\/\/denpanels.com\/hu\/wp-json\/wp\/v2\/pages\/24937","targetHints":{"allow":["GET"]}}],"collection":[{"href":"https:\/\/denpanels.com\/hu\/wp-json\/wp\/v2\/pages"}],"about":[{"href":"https:\/\/denpanels.com\/hu\/wp-json\/wp\/v2\/types\/page"}],"author":[{"embeddable":true,"href":"https:\/\/denpanels.com\/hu\/wp-json\/wp\/v2\/users\/3"}],"replies":[{"embeddable":true,"href":"https:\/\/denpanels.com\/hu\/wp-json\/wp\/v2\/comments?post=24937"}],"version-history":[{"count":2,"href":"https:\/\/denpanels.com\/hu\/wp-json\/wp\/v2\/pages\/24937\/revisions"}],"predecessor-version":[{"id":24946,"href":"https:\/\/denpanels.com\/hu\/wp-json\/wp\/v2\/pages\/24937\/revisions\/24946"}],"up":[{"embeddable":true,"href":"https:\/\/denpanels.com\/hu\/wp-json\/wp\/v2\/pages\/24951"}],"acf:attachment":[{"embeddable":true,"href":"https:\/\/denpanels.com\/hu\/wp-json\/wp\/v2\/media\/24864"},{"embeddable":true,"href":"https:\/\/denpanels.com\/hu\/wp-json\/wp\/v2\/media\/24849"},{"embeddable":true,"href":"https:\/\/denpanels.com\/hu\/wp-json\/wp\/v2\/media\/24944"},{"embeddable":true,"href":"https:\/\/denpanels.com\/hu\/wp-json\/wp\/v2\/media\/24879"}],"acf:post":[{"embeddable":true,"href":"https:\/\/denpanels.com\/hu\/wp-json\/wp\/v2\/translation\/24328"}],"wp:attachment":[{"href":"https:\/\/denpanels.com\/hu\/wp-json\/wp\/v2\/media?parent=24937"}],"wp:term":[{"taxonomy":"page-section","embeddable":true,"href":"https:\/\/denpanels.com\/hu\/wp-json\/wp\/v2\/page-section?post=24937"},{"taxonomy":"page-template","embeddable":true,"href":"https:\/\/denpanels.com\/hu\/wp-json\/wp\/v2\/page-template?post=24937"}],"curies":[{"name":"wp","href":"https:\/\/api.w.org\/{rel}","templated":true}]}}