{"id":24906,"date":"2025-01-09T12:21:06","date_gmt":"2025-01-09T11:21:06","guid":{"rendered":"https:\/\/denpanels.com\/adhesive\/"},"modified":"2025-03-10T08:59:28","modified_gmt":"2025-03-10T07:59:28","slug":"epito-ragaszto","status":"publish","type":"page","link":"https:\/\/denpanels.com\/hu\/panelek\/kiegeszitok\/epito-ragaszto\/","title":{"rendered":"\u00c9p\u00edt\u0151 ragaszt\u00f3"},"content":{"rendered":"","protected":false},"excerpt":{"rendered":"","protected":false},"author":3,"featured_media":0,"parent":24937,"menu_order":0,"comment_status":"closed","ping_status":"closed","template":"","meta":{"_acf_changed":false,"footnotes":""},"page-section":[525,529,528,526],"page-template":[370],"class_list":["post-24906","page","type-page","status-publish","hentry","page-section-hero","page-section-highlighted-inspiration","page-section-megamenu","page-section-product-category","page-template-product-sub-category"],"acf":{"product_category-selected":667,"product_category-headline_p1":"Er\u0151s \u00e9s megb\u00edzhat\u00f3 r\u00f6gz\u00edt\u0151ragaszt\u00f3","product_category-headline_p2":"Akusztikai panelekh\u00f6z","product_category-introduction":"A Denpanels-n\u00e9l egyszer\u0171v\u00e9 tessz\u00fck a telep\u00edt\u00e9st nagy teljes\u00edtm\u00e9ny\u0171 r\u00f6gz\u00edt\u0151ragaszt\u00f3nkkal \u2013 amely er\u0151s, rugalmas \u00e9s tart\u00f3s r\u00f6gz\u00edt\u00e9st biztos\u00edt.\r\n\r\n<strong>Extra er\u0151s k\u00f6t\u00e9s<\/strong> \u2013 biztos\u00edtja a panelek r\u00f6gz\u00edt\u00e9s\u00e9t m\u00e9g nedves \u00e1llapotban is.\r\n<strong>Tart\u00f3s \u00e9s rugalmas<\/strong> \u2013 elnyeli az \u00e9p\u00edt\u00e9si elemek k\u00f6z\u00f6tti mozg\u00e1sokat.\r\n<strong>Sokoldal\u00fa alkalmaz\u00e1s<\/strong> \u2013 tapad f\u00e1ra, \u00fcvegre, betonra, t\u00e9gl\u00e1ra, f\u00e9mre \u00e9s m\u00e1s fel\u00fcletekre.\r\n<strong>Egyszer\u0171 haszn\u00e1lat<\/strong> \u2013 k\u00f6nnyed\u00e9n alkalmazhat\u00f3 +5\u00b0C \u00e9s +40\u00b0C k\u00f6z\u00f6tti h\u0151m\u00e9rs\u00e9kleten.\r\n\r\n\u00c9rd el a professzion\u00e1lis \u00e9s tart\u00f3s befejez\u00e9st an\u00e9lk\u00fcl, hogy tov\u00e1bbi t\u00e1maszt\u00e9kokra lenne sz\u00fcks\u00e9g.\r\n\r\nTartalom: 290 ml \/ flakon.","product_category-highlighted_media":24909,"product_category-cta":{"product_category_cta":null},"comparrison_image":null,"product_category-some_of_our_combinations":24320,"hero-media":[24391],"hero-h1":"\u00c9p\u00edt\u0151 ragaszt\u00f3","hero-sub_header":""},"_links":{"self":[{"href":"https:\/\/denpanels.com\/hu\/wp-json\/wp\/v2\/pages\/24906","targetHints":{"allow":["GET"]}}],"collection":[{"href":"https:\/\/denpanels.com\/hu\/wp-json\/wp\/v2\/pages"}],"about":[{"href":"https:\/\/denpanels.com\/hu\/wp-json\/wp\/v2\/types\/page"}],"author":[{"embeddable":true,"href":"https:\/\/denpanels.com\/hu\/wp-json\/wp\/v2\/users\/3"}],"replies":[{"embeddable":true,"href":"https:\/\/denpanels.com\/hu\/wp-json\/wp\/v2\/comments?post=24906"}],"version-history":[{"count":3,"href":"https:\/\/denpanels.com\/hu\/wp-json\/wp\/v2\/pages\/24906\/revisions"}],"predecessor-version":[{"id":24911,"href":"https:\/\/denpanels.com\/hu\/wp-json\/wp\/v2\/pages\/24906\/revisions\/24911"}],"up":[{"embeddable":true,"href":"https:\/\/denpanels.com\/hu\/wp-json\/wp\/v2\/pages\/24937"}],"acf:attachment":[{"embeddable":true,"href":"https:\/\/denpanels.com\/hu\/wp-json\/wp\/v2\/media\/24391"}],"acf:post":[{"embeddable":true,"href":"https:\/\/denpanels.com\/hu\/wp-json\/wp\/v2\/translation\/24320"}],"acf:term":[{"embeddable":true,"taxonomy":"product-category","href":"https:\/\/denpanels.com\/hu\/wp-json\/wp\/v2\/product-category\/667"}],"wp:attachment":[{"href":"https:\/\/denpanels.com\/hu\/wp-json\/wp\/v2\/media?parent=24906"}],"wp:term":[{"taxonomy":"page-section","embeddable":true,"href":"https:\/\/denpanels.com\/hu\/wp-json\/wp\/v2\/page-section?post=24906"},{"taxonomy":"page-template","embeddable":true,"href":"https:\/\/denpanels.com\/hu\/wp-json\/wp\/v2\/page-template?post=24906"}],"curies":[{"name":"wp","href":"https:\/\/api.w.org\/{rel}","templated":true}]}}