{"id":24898,"date":"2025-01-09T12:16:51","date_gmt":"2025-01-09T11:16:51","guid":{"rendered":"https:\/\/denpanels.com\/screws\/"},"modified":"2025-03-10T08:56:30","modified_gmt":"2025-03-10T07:56:30","slug":"rogzito-csavarok","status":"publish","type":"page","link":"https:\/\/denpanels.com\/hu\/panelek\/kiegeszitok\/rogzito-csavarok\/","title":{"rendered":"R\u00f6gz\u00edt\u0151 csavarok"},"content":{"rendered":"","protected":false},"excerpt":{"rendered":"","protected":false},"author":3,"featured_media":0,"parent":24937,"menu_order":0,"comment_status":"closed","ping_status":"closed","template":"","meta":{"_acf_changed":false,"footnotes":""},"page-section":[525,529,526],"page-template":[370],"class_list":["post-24898","page","type-page","status-publish","hentry","page-section-hero","page-section-highlighted-inspiration","page-section-product-category","page-template-product-sub-category"],"acf":{"product_category-selected":683,"product_category-headline_p1":"Biztons\u00e1gos \u00e9s z\u00f6kken\u0151mentes telep\u00edt\u00e9s","product_category-headline_p2":"A paneleidhez","product_category-introduction":"A Denpanels-n\u00e9l egyszer\u0171v\u00e9 \u00e9s diszkr\u00e9tt\u00e9 tessz\u00fck a r\u00f6gz\u00edt\u00e9st a prec\u00edzen tervezett r\u00f6gz\u00edt\u0151 csavarokkal, amelyek biztos\u00edtj\u00e1k a tart\u00f3s \u00e9s eleg\u00e1ns telep\u00edt\u00e9st.\r\n\r\n<strong>T\u00f6k\u00e9letes illeszked\u00e9s<\/strong> \u2013 \u00fagy tervezt\u00fck, hogy biztons\u00e1gosan r\u00f6gz\u00edtse a l\u00e9ceken.\r\n<strong>Diszkr\u00e9t megjelen\u00e9s<\/strong> \u2013 n\u00e9gy sz\u00ednben el\u00e9rhet\u0151, hogy illeszkedjen a panel filc h\u00e1tlapj\u00e1hoz.\r\n<strong>Komplett szett<\/strong> \u2013 tartalmaz egy TX-20 bitet a k\u00f6nny\u0171 telep\u00edt\u00e9shez.\r\n\r\nCsomag adataink:\r\nM\u00e9retek: 4.0 x 30 mm\r\nMennyis\u00e9g: 50 db\r\nTartalmazza: TX-20 bit\r\n\r\nA Denpanels R\u00f6gz\u00edt\u0151 Csavarokkal mindent megkapsz, amire sz\u00fcks\u00e9ged van egy professzion\u00e1lis, z\u00f6kken\u0151mentes \u00e9s megb\u00edzhat\u00f3 telep\u00edt\u00e9shez.","product_category-highlighted_media":28343,"product_category-cta":{"product_category_cta":null},"comparrison_image":null,"product_category-some_of_our_combinations":24320,"hero-media":[24593],"hero-h1":"R\u00f6gz\u00edt\u0151 csavarok","hero-sub_header":""},"_links":{"self":[{"href":"https:\/\/denpanels.com\/hu\/wp-json\/wp\/v2\/pages\/24898","targetHints":{"allow":["GET"]}}],"collection":[{"href":"https:\/\/denpanels.com\/hu\/wp-json\/wp\/v2\/pages"}],"about":[{"href":"https:\/\/denpanels.com\/hu\/wp-json\/wp\/v2\/types\/page"}],"author":[{"embeddable":true,"href":"https:\/\/denpanels.com\/hu\/wp-json\/wp\/v2\/users\/3"}],"replies":[{"embeddable":true,"href":"https:\/\/denpanels.com\/hu\/wp-json\/wp\/v2\/comments?post=24898"}],"version-history":[{"count":3,"href":"https:\/\/denpanels.com\/hu\/wp-json\/wp\/v2\/pages\/24898\/revisions"}],"predecessor-version":[{"id":24904,"href":"https:\/\/denpanels.com\/hu\/wp-json\/wp\/v2\/pages\/24898\/revisions\/24904"}],"up":[{"embeddable":true,"href":"https:\/\/denpanels.com\/hu\/wp-json\/wp\/v2\/pages\/24937"}],"acf:attachment":[{"embeddable":true,"href":"https:\/\/denpanels.com\/hu\/wp-json\/wp\/v2\/media\/24593"}],"acf:post":[{"embeddable":true,"href":"https:\/\/denpanels.com\/hu\/wp-json\/wp\/v2\/translation\/24320"}],"acf:term":[{"embeddable":true,"taxonomy":"product-category","href":"https:\/\/denpanels.com\/hu\/wp-json\/wp\/v2\/product-category\/683"}],"wp:attachment":[{"href":"https:\/\/denpanels.com\/hu\/wp-json\/wp\/v2\/media?parent=24898"}],"wp:term":[{"taxonomy":"page-section","embeddable":true,"href":"https:\/\/denpanels.com\/hu\/wp-json\/wp\/v2\/page-section?post=24898"},{"taxonomy":"page-template","embeddable":true,"href":"https:\/\/denpanels.com\/hu\/wp-json\/wp\/v2\/page-template?post=24898"}],"curies":[{"name":"wp","href":"https:\/\/api.w.org\/{rel}","templated":true}]}}