{"id":24895,"date":"2025-03-11T08:56:57","date_gmt":"2025-03-11T07:56:57","guid":{"rendered":"https:\/\/denpanels.com\/?page_id=24895"},"modified":"2025-04-15T13:01:48","modified_gmt":"2025-04-15T11:01:48","slug":"tablak","status":"publish","type":"page","link":"https:\/\/denpanels.com\/hu\/panelek\/kiegeszitok\/tablak\/","title":{"rendered":"T\u00e1bl\u00e1k"},"content":{"rendered":"","protected":false},"excerpt":{"rendered":"","protected":false},"author":3,"featured_media":0,"parent":24937,"menu_order":0,"comment_status":"closed","ping_status":"closed","template":"","meta":{"_acf_changed":false,"footnotes":""},"page-section":[524,525,528,526],"page-template":[370],"class_list":["post-24895","page","type-page","status-publish","hentry","page-section-datasheet","page-section-hero","page-section-megamenu","page-section-product-category","page-template-product-sub-category"],"acf":{"product_category-selected":682,"product_category-headline_p1":"Okos t\u00e1rol\u00e1s","product_category-headline_p2":"Megfelel a st\u00edlusos diz\u00e1jnnak","product_category-introduction":"Friss\u00edtsd fel a Denpanels akusztikai paneleit funkcion\u00e1lis \u00e9s st\u00edlusos t\u00e1rol\u00f3 megold\u00e1sokkal, amelyek rendezetten \u00e9s eleg\u00e1nsan tartj\u00e1k a teret. A z\u00f6kken\u0151mentes integr\u00e1ci\u00f3ra tervezett t\u00e1rol\u00f3 t\u00e1bl\u00e1k a praktik\u00e1t modern eszt\u00e9tik\u00e1val \u00f6tv\u00f6zik.\r\n\r\n<strong>Fekete t\u00e1rol\u00f3 r\u00e1cs 4 horggal<\/strong> \u2013 tart\u00f3s f\u00e9m r\u00e1cs, amely t\u00f6k\u00e9letes kulcsok, kieg\u00e9sz\u00edt\u0151k vagy irodai kell\u00e9kek akaszt\u00e1s\u00e1ra.\r\n<strong>Fekete m\u00e1gneses t\u00e1bla polccal<\/strong> \u2013 m\u00e1gneses fel\u00fclet be\u00e9p\u00edtett polccal, ide\u00e1lis jegyzetekhez, eml\u00e9keztet\u0151kh\u00f6z \u00e9s apr\u00f3 dolgokhoz.\r\n<strong>Fekete eml\u00e9kt\u00e1bla<\/strong> \u2013 letisztult, minimalista t\u00e1bla feladatok feljegyz\u00e9s\u00e9re vagy dekor\u00e1ci\u00f3 kiemel\u00e9s\u00e9re.\r\n\r\nK\u00f6nnyen telep\u00edthet\u0151ek, \u00e9s \u00fagy lettek tervezve, hogy t\u00f6k\u00e9letesen illeszkedjenek akusztikai paneleidhez, \u00edgy praktikus, helytakar\u00e9kos megold\u00e1st k\u00edn\u00e1lnak an\u00e9lk\u00fcl, hogy kompromisszumot kellene k\u00f6tni\u00fck a st\u00edlus ter\u00e9n.\r\n\r\nOkos t\u00e1rol\u00e1s. Z\u00f6kken\u0151mentes diz\u00e1jn. Maxim\u00e1lis funkcionalit\u00e1s.","product_category-highlighted_media":22271,"product_category-cta":{"product_category_cta":null},"comparrison_image":null,"product_category-some_of_our_combinations":"","hero-media":[24177],"hero-h1":"T\u00e1bl\u00e1k","hero-sub_header":""},"_links":{"self":[{"href":"https:\/\/denpanels.com\/hu\/wp-json\/wp\/v2\/pages\/24895","targetHints":{"allow":["GET"]}}],"collection":[{"href":"https:\/\/denpanels.com\/hu\/wp-json\/wp\/v2\/pages"}],"about":[{"href":"https:\/\/denpanels.com\/hu\/wp-json\/wp\/v2\/types\/page"}],"author":[{"embeddable":true,"href":"https:\/\/denpanels.com\/hu\/wp-json\/wp\/v2\/users\/3"}],"replies":[{"embeddable":true,"href":"https:\/\/denpanels.com\/hu\/wp-json\/wp\/v2\/comments?post=24895"}],"version-history":[{"count":2,"href":"https:\/\/denpanels.com\/hu\/wp-json\/wp\/v2\/pages\/24895\/revisions"}],"predecessor-version":[{"id":28073,"href":"https:\/\/denpanels.com\/hu\/wp-json\/wp\/v2\/pages\/24895\/revisions\/28073"}],"up":[{"embeddable":true,"href":"https:\/\/denpanels.com\/hu\/wp-json\/wp\/v2\/pages\/24937"}],"acf:attachment":[{"embeddable":true,"href":"https:\/\/denpanels.com\/hu\/wp-json\/wp\/v2\/media\/24177"}],"acf:term":[{"embeddable":true,"taxonomy":"product-category","href":"https:\/\/denpanels.com\/hu\/wp-json\/wp\/v2\/product-category\/682"}],"wp:attachment":[{"href":"https:\/\/denpanels.com\/hu\/wp-json\/wp\/v2\/media?parent=24895"}],"wp:term":[{"taxonomy":"page-section","embeddable":true,"href":"https:\/\/denpanels.com\/hu\/wp-json\/wp\/v2\/page-section?post=24895"},{"taxonomy":"page-template","embeddable":true,"href":"https:\/\/denpanels.com\/hu\/wp-json\/wp\/v2\/page-template?post=24895"}],"curies":[{"name":"wp","href":"https:\/\/api.w.org\/{rel}","templated":true}]}}