{"id":24889,"date":"2025-01-09T12:05:05","date_gmt":"2025-01-09T11:05:05","guid":{"rendered":"https:\/\/denpanels.com\/storage\/"},"modified":"2025-04-15T13:08:18","modified_gmt":"2025-04-15T11:08:18","slug":"tarolas","status":"publish","type":"page","link":"https:\/\/denpanels.com\/hu\/panelek\/kiegeszitok\/tarolas\/","title":{"rendered":"T\u00e1rol\u00e1s"},"content":{"rendered":"<div><\/div>\n<div><\/div>\n<p>&nbsp;<\/p>\n<p>&nbsp;<\/p>\n<ul>\n<li><\/li>\n<li><\/li>\n<li><\/li>\n<li><\/li>\n<\/ul>\n<ul>\n<li><\/li>\n<li><\/li>\n<li><\/li>\n<li><\/li>\n<\/ul>\n<ul>\n<li><\/li>\n<li><\/li>\n<li><\/li>\n<li><\/li>\n<\/ul>\n<ul>\n<li><\/li>\n<li><\/li>\n<li><\/li>\n<li><\/li>\n<\/ul>\n<div><\/div>\n<p><!--more--><\/p>\n","protected":false},"excerpt":{"rendered":"<p>&nbsp; &nbsp;<\/p>\n","protected":false},"author":3,"featured_media":0,"parent":24937,"menu_order":0,"comment_status":"closed","ping_status":"closed","template":"","meta":{"_acf_changed":false,"footnotes":""},"page-section":[524,525,529,528,526],"page-template":[370],"class_list":["post-24889","page","type-page","status-publish","hentry","page-section-datasheet","page-section-hero","page-section-highlighted-inspiration","page-section-megamenu","page-section-product-category","page-template-product-sub-category"],"acf":{"product_category-selected":666,"product_category-headline_p1":"Okos t\u00e1rol\u00e1s","product_category-headline_p2":"Megfelel a st\u00edlusos diz\u00e1jnnak","product_category-introduction":"A Denpanels-n\u00e9l akusztikai paneleidet funkcion\u00e1lis t\u00e1rol\u00f3 megold\u00e1sokk\u00e1 alak\u00edtjuk, a letisztult \u00e9s praktikus polcainkkal. Az egyszer\u0171 r\u00f6gz\u00edt\u00e9sre tervezett polcok okos m\u00f3dot k\u00edn\u00e1lnak a mindennapi dolgok t\u00e1rol\u00e1s\u00e1ra \u00e9s bemutat\u00e1s\u00e1ra an\u00e9lk\u00fcl, hogy kompromisszumot kellene k\u00f6tni az akusztik\u00e1val.\r\n\r\n<strong>Er\u0151fesz\u00edt\u00e9s n\u00e9lk\u00fcli telep\u00edt\u00e9s<\/strong> \u2013 z\u00f6kken\u0151mentesen illeszkedik akusztikai paneleidhez.\r\n<strong>Sokoldal\u00fa design<\/strong> \u2013 t\u00f6k\u00e9letes n\u00f6v\u00e9nyek, k\u00f6nyvek \u00e9s dekorat\u00edv t\u00e1rgyak sz\u00e1m\u00e1ra.\r\n<strong>Er\u0151s \u00e9s tart\u00f3s<\/strong> \u2013 ak\u00e1r 5 kg \/ 11 lbs s\u00falyt is elb\u00edr.\r\n\r\nT\u00e1rol\u00f3polcok horgokkal\r\nAdj funkcionalit\u00e1st \u00e9s st\u00edlust az el\u0151szob\u00e1dhoz, irod\u00e1dhoz vagy nappalidhoz a t\u00e1rol\u00f3polcainkkal, amelyek n\u00e9gy integr\u00e1lt horgot tartalmaznak. Ide\u00e1lis kulcsok, t\u00e1sk\u00e1k \u00e9s egy\u00e9b apr\u00f3 t\u00e1rgyak t\u00e1rol\u00e1s\u00e1ra, seg\u00edtenek rendezett\u00e9 \u00e9s st\u00edlusoss\u00e1 tenni a teret, mik\u00f6zben meg\u0151rzik az optim\u00e1lis akusztik\u00e1t.\r\n\r\nM\u00e9retek: 50 x 215 x 70 mm\r\nTerhelhet\u0151s\u00e9g: 5 kg \/ 11 lbs\r\n\r\nOkos t\u00e1rol\u00e1s, egyszer\u0171en.","product_category-highlighted_media":24890,"product_category-cta":{"product_category_cta":null},"comparrison_image":null,"product_category-some_of_our_combinations":24320,"hero-media":[12382,24944],"hero-h1":"T\u00e1rol\u00e1s","hero-sub_header":""},"_links":{"self":[{"href":"https:\/\/denpanels.com\/hu\/wp-json\/wp\/v2\/pages\/24889","targetHints":{"allow":["GET"]}}],"collection":[{"href":"https:\/\/denpanels.com\/hu\/wp-json\/wp\/v2\/pages"}],"about":[{"href":"https:\/\/denpanels.com\/hu\/wp-json\/wp\/v2\/types\/page"}],"author":[{"embeddable":true,"href":"https:\/\/denpanels.com\/hu\/wp-json\/wp\/v2\/users\/3"}],"replies":[{"embeddable":true,"href":"https:\/\/denpanels.com\/hu\/wp-json\/wp\/v2\/comments?post=24889"}],"version-history":[{"count":4,"href":"https:\/\/denpanels.com\/hu\/wp-json\/wp\/v2\/pages\/24889\/revisions"}],"predecessor-version":[{"id":28080,"href":"https:\/\/denpanels.com\/hu\/wp-json\/wp\/v2\/pages\/24889\/revisions\/28080"}],"up":[{"embeddable":true,"href":"https:\/\/denpanels.com\/hu\/wp-json\/wp\/v2\/pages\/24937"}],"acf:attachment":[{"embeddable":true,"href":"https:\/\/denpanels.com\/hu\/wp-json\/wp\/v2\/media\/24944"},{"embeddable":true,"href":"https:\/\/denpanels.com\/hu\/wp-json\/wp\/v2\/media\/12382"}],"acf:post":[{"embeddable":true,"href":"https:\/\/denpanels.com\/hu\/wp-json\/wp\/v2\/translation\/24320"}],"acf:term":[{"embeddable":true,"taxonomy":"product-category","href":"https:\/\/denpanels.com\/hu\/wp-json\/wp\/v2\/product-category\/666"}],"wp:attachment":[{"href":"https:\/\/denpanels.com\/hu\/wp-json\/wp\/v2\/media?parent=24889"}],"wp:term":[{"taxonomy":"page-section","embeddable":true,"href":"https:\/\/denpanels.com\/hu\/wp-json\/wp\/v2\/page-section?post=24889"},{"taxonomy":"page-template","embeddable":true,"href":"https:\/\/denpanels.com\/hu\/wp-json\/wp\/v2\/page-template?post=24889"}],"curies":[{"name":"wp","href":"https:\/\/api.w.org\/{rel}","templated":true}]}}