{"id":24884,"date":"2025-01-09T12:01:39","date_gmt":"2025-01-09T11:01:39","guid":{"rendered":"https:\/\/denpanels.com\/led-light-cover\/"},"modified":"2025-04-15T13:20:28","modified_gmt":"2025-04-15T11:20:28","slug":"led-light-cover","status":"publish","type":"page","link":"https:\/\/denpanels.com\/hu\/panelek\/kiegeszitok\/led-light-cover\/","title":{"rendered":"LED Light Cover"},"content":{"rendered":"","protected":false},"excerpt":{"rendered":"","protected":false},"author":3,"featured_media":0,"parent":24937,"menu_order":0,"comment_status":"closed","ping_status":"closed","template":"","meta":{"_acf_changed":false,"footnotes":""},"page-section":[524,525,529,526],"page-template":[370],"class_list":["post-24884","page","type-page","status-publish","hentry","page-section-datasheet","page-section-hero","page-section-highlighted-inspiration","page-section-product-category","page-template-product-sub-category"],"acf":{"product_category-selected":661,"product_category-headline_p1":"Fokozd akusztikai paneleid teljes\u00edtm\u00e9ny\u00e9t","product_category-headline_p2":"LED Light Covers seg\u00edts\u00e9g\u00e9vel","product_category-introduction":"A Denpanels-n\u00e9l egyszer\u0171v\u00e9 tessz\u00fck a st\u00edlusos vil\u00e1g\u00edt\u00e1s integr\u00e1l\u00e1s\u00e1t akusztikai paneleidbe LED Light Cover seg\u00edts\u00e9g\u00e9vel.\r\n\r\nEz a profil k\u00f6nnyed telep\u00edt\u00e9st biztos\u00edt, \u00e9s t\u00f6k\u00e9letesen illeszkedik egy LED szalag f\u00f6l\u00e9, amelyet a l\u00e9cek k\u00f6z\u00e9 helyezel, biztos\u00edtva az egyenletes f\u00e9nyeloszl\u00e1st \u00e9s z\u00f6kken\u0151mentes eszt\u00e9tik\u00e1t an\u00e9lk\u00fcl, hogy m\u00f3dos\u00edtan\u00e1d mag\u00e1t a LED szalagot.\r\n\r\n<strong>Letisztult \u00e9s modern<\/strong> \u2013 jav\u00edtja mind a vil\u00e1g\u00edt\u00e1st, mind a panel diz\u00e1jnt.\r\n<strong>Egyszer\u0171 telep\u00edt\u00e9s<\/strong> \u2013 egyszer\u0171en helyezd a LED szalag f\u00f6l\u00e9.\r\n<strong>T\u00f6k\u00e9letes illeszked\u00e9s<\/strong> \u2013 a Denpanels akusztikai panelekkel val\u00f3 haszn\u00e1latra tervezt\u00e9k.\r\n\r\nTerm\u00e9kadatok:\r\nM\u00e9retek: 600 x 45 x 10 mm\r\nTartalmaz: 4 LED f\u00e9nybor\u00edt\u00f3t\r\n\r\nLED f\u00e9nycs\u00edk nem tartoz\u00e9k.\r\n\r\nHozz l\u00e9tre egy gy\u00f6ny\u00f6r\u0171en megvil\u00e1g\u00edtott teret minim\u00e1lis er\u0151fesz\u00edt\u00e9ssel!","product_category-highlighted_media":24885,"product_category-cta":{"product_category_cta":null},"comparrison_image":null,"product_category-some_of_our_combinations":24320,"hero-media":[24886],"hero-h1":"LED Light Cover","hero-sub_header":""},"_links":{"self":[{"href":"https:\/\/denpanels.com\/hu\/wp-json\/wp\/v2\/pages\/24884","targetHints":{"allow":["GET"]}}],"collection":[{"href":"https:\/\/denpanels.com\/hu\/wp-json\/wp\/v2\/pages"}],"about":[{"href":"https:\/\/denpanels.com\/hu\/wp-json\/wp\/v2\/types\/page"}],"author":[{"embeddable":true,"href":"https:\/\/denpanels.com\/hu\/wp-json\/wp\/v2\/users\/3"}],"replies":[{"embeddable":true,"href":"https:\/\/denpanels.com\/hu\/wp-json\/wp\/v2\/comments?post=24884"}],"version-history":[{"count":2,"href":"https:\/\/denpanels.com\/hu\/wp-json\/wp\/v2\/pages\/24884\/revisions"}],"predecessor-version":[{"id":28094,"href":"https:\/\/denpanels.com\/hu\/wp-json\/wp\/v2\/pages\/24884\/revisions\/28094"}],"up":[{"embeddable":true,"href":"https:\/\/denpanels.com\/hu\/wp-json\/wp\/v2\/pages\/24937"}],"acf:attachment":[{"embeddable":true,"href":"https:\/\/denpanels.com\/hu\/wp-json\/wp\/v2\/media\/24886"}],"acf:post":[{"embeddable":true,"href":"https:\/\/denpanels.com\/hu\/wp-json\/wp\/v2\/translation\/24320"}],"acf:term":[{"embeddable":true,"taxonomy":"product-category","href":"https:\/\/denpanels.com\/hu\/wp-json\/wp\/v2\/product-category\/661"}],"wp:attachment":[{"href":"https:\/\/denpanels.com\/hu\/wp-json\/wp\/v2\/media?parent=24884"}],"wp:term":[{"taxonomy":"page-section","embeddable":true,"href":"https:\/\/denpanels.com\/hu\/wp-json\/wp\/v2\/page-section?post=24884"},{"taxonomy":"page-template","embeddable":true,"href":"https:\/\/denpanels.com\/hu\/wp-json\/wp\/v2\/page-template?post=24884"}],"curies":[{"name":"wp","href":"https:\/\/api.w.org\/{rel}","templated":true}]}}