{"id":24876,"date":"2024-11-28T10:50:59","date_gmt":"2024-11-28T09:50:59","guid":{"rendered":"https:\/\/denpanels.com\/hooks-brackets\/"},"modified":"2025-04-15T13:13:49","modified_gmt":"2025-04-15T11:13:49","slug":"horgok-es-tartok","status":"publish","type":"page","link":"https:\/\/denpanels.com\/hu\/panelek\/kiegeszitok\/horgok-es-tartok\/","title":{"rendered":"Horgok \u00e9s tart\u00f3k"},"content":{"rendered":"","protected":false},"excerpt":{"rendered":"","protected":false},"author":1,"featured_media":0,"parent":24937,"menu_order":0,"comment_status":"closed","ping_status":"closed","template":"","meta":{"_acf_changed":false,"footnotes":""},"page-section":[524,525,529,526],"page-template":[370],"class_list":["post-24876","page","type-page","status-publish","hentry","page-section-datasheet","page-section-hero","page-section-highlighted-inspiration","page-section-product-category","page-template-product-sub-category"],"acf":{"product_category-selected":668,"product_category-headline_p1":"Fokozd akusztikai paneleid teljes\u00edtm\u00e9ny\u00e9t","product_category-headline_p2":"Okos \u00e9s st\u00edlusos funkcionalit\u00e1ssal","product_category-introduction":"A Denpanels-n\u00e9l egyszer\u0171v\u00e9 tessz\u00fck a design \u00e9s a praktikuss\u00e1g kombin\u00e1l\u00e1s\u00e1t innovat\u00edv horgokkal \u00e9s tart\u00f3kkal, \u00edgy akusztikai paneleid funkcionalis t\u00e1rol\u00f3 megold\u00e1sokk\u00e1 v\u00e1lnak.\r\n\r\nOkos \u00e9s st\u00edlusos \u2013 z\u00f6kken\u0151mentesen integr\u00e1lhatod a t\u00e1rol\u00e1st a panel diz\u00e1jnj\u00e1ba.\r\nK\u00f6nny\u0171 telep\u00edt\u00e9s \u2013 m\u0171k\u00f6dik mind v\u00edzszintes, mind f\u00fcgg\u0151leges panel elrendez\u00e9sekkel.\r\nEr\u0151s \u00e9s biztons\u00e1gos \u2013 ak\u00e1r 5 kg \/ 11 lbs terhel\u00e9st is elb\u00edr egy horog.\r\nHaszn\u00e1ld a horgokat kab\u00e1tok, t\u00e1sk\u00e1k \u00e9s kulcsok akaszt\u00e1s\u00e1ra, vagy testreszabhatod tart\u00f3kkal, polcokkal, foganty\u00fakkal vagy tov\u00e1bbi horgokkal, amelyek illeszkednek a st\u00edlusodhoz.\r\n\r\nA telep\u00edt\u00e9s gyors \u00e9s intuit\u00edv:\r\n\r\nV\u00edzszintes panelek: R\u00f6gz\u00edtsd biztons\u00e1gosan a tart\u00f3t a l\u00e9cek m\u00f6g\u00f6tt, hogy rejtett, stabil illeszked\u00e9st biztos\u00edts.\r\nF\u00fcgg\u0151leges panelek: Csatlakoztasd a f\u00fcgg\u0151leges r\u00f6gz\u00edt\u0151t (k\u00fcl\u00f6n megv\u00e1s\u00e1rolhat\u00f3) a filchez, majd z\u00e1rd le a tart\u00f3t a k\u00edv\u00e1nt helyzetben.\r\nA horgokkal \u00e9s tart\u00f3kkal akusztikai paneleid nemcsak diz\u00e1jnelemk\u00e9nt, hanem rendezett \u00e9s st\u00edlusos t\u00e9r r\u00e9szek\u00e9nt is szolg\u00e1lnak.\r\n\r\nMinden csomag 2 darabot tartalmaz.","product_category-highlighted_media":24880,"product_category-cta":{"product_category_cta":null},"comparrison_image":null,"product_category-some_of_our_combinations":24320,"hero-media":[24879],"hero-h1":"Horgok \u00e9s tart\u00f3k","hero-sub_header":""},"_links":{"self":[{"href":"https:\/\/denpanels.com\/hu\/wp-json\/wp\/v2\/pages\/24876","targetHints":{"allow":["GET"]}}],"collection":[{"href":"https:\/\/denpanels.com\/hu\/wp-json\/wp\/v2\/pages"}],"about":[{"href":"https:\/\/denpanels.com\/hu\/wp-json\/wp\/v2\/types\/page"}],"author":[{"embeddable":true,"href":"https:\/\/denpanels.com\/hu\/wp-json\/wp\/v2\/users\/1"}],"replies":[{"embeddable":true,"href":"https:\/\/denpanels.com\/hu\/wp-json\/wp\/v2\/comments?post=24876"}],"version-history":[{"count":4,"href":"https:\/\/denpanels.com\/hu\/wp-json\/wp\/v2\/pages\/24876\/revisions"}],"predecessor-version":[{"id":28087,"href":"https:\/\/denpanels.com\/hu\/wp-json\/wp\/v2\/pages\/24876\/revisions\/28087"}],"up":[{"embeddable":true,"href":"https:\/\/denpanels.com\/hu\/wp-json\/wp\/v2\/pages\/24937"}],"acf:attachment":[{"embeddable":true,"href":"https:\/\/denpanels.com\/hu\/wp-json\/wp\/v2\/media\/24879"}],"acf:post":[{"embeddable":true,"href":"https:\/\/denpanels.com\/hu\/wp-json\/wp\/v2\/translation\/24320"}],"acf:term":[{"embeddable":true,"taxonomy":"product-category","href":"https:\/\/denpanels.com\/hu\/wp-json\/wp\/v2\/product-category\/668"}],"wp:attachment":[{"href":"https:\/\/denpanels.com\/hu\/wp-json\/wp\/v2\/media?parent=24876"}],"wp:term":[{"taxonomy":"page-section","embeddable":true,"href":"https:\/\/denpanels.com\/hu\/wp-json\/wp\/v2\/page-section?post=24876"},{"taxonomy":"page-template","embeddable":true,"href":"https:\/\/denpanels.com\/hu\/wp-json\/wp\/v2\/page-template?post=24876"}],"curies":[{"name":"wp","href":"https:\/\/api.w.org\/{rel}","templated":true}]}}