{"id":24871,"date":"2025-01-09T12:08:22","date_gmt":"2025-01-09T11:08:22","guid":{"rendered":"https:\/\/denpanels.com\/frames\/"},"modified":"2026-02-12T10:22:15","modified_gmt":"2026-02-12T09:22:15","slug":"frames","status":"publish","type":"page","link":"https:\/\/denpanels.com\/hu\/panelek\/kiegeszitok\/frames\/","title":{"rendered":"Frames"},"content":{"rendered":"","protected":false},"excerpt":{"rendered":"","protected":false},"author":3,"featured_media":0,"parent":24937,"menu_order":0,"comment_status":"closed","ping_status":"closed","template":"","meta":{"_acf_changed":false,"footnotes":""},"page-section":[524,525,529,528,526],"page-template":[370],"class_list":["post-24871","page","type-page","status-publish","hentry","page-section-datasheet","page-section-hero","page-section-highlighted-inspiration","page-section-megamenu","page-section-product-category","page-template-product-sub-category"],"acf":{"product_category-selected":680,"product_category-headline_p1":"A t\u00f6k\u00e9letes illeszked\u00e9s","product_category-headline_p2":"A hib\u00e1tlan befejez\u00e9s\u00e9rt","product_category-introduction":"Tiszta \u00e9s professzion\u00e1lis megold\u00e1st keres a konnektorok akusztikus panelekbe t\u00f6rt\u00e9n\u0151 integr\u00e1l\u00e1s\u00e1hoz?\r\n\r\nA Denpanels keretei \u00fagy lettek kifejlesztve, hogy pontos \u00e9s z\u00f6kken\u0151mentes megold\u00e1st ny\u00fajtsanak, meg\u0151rizve a panelek vizu\u00e1lis megjelen\u00e9s\u00e9t \u00e9s akusztikai teljes\u00edtm\u00e9ny\u00e9t. A fa panelekhez t\u00f6k\u00e9letesen illeszked\u0151 keretek MDF lemezb\u0151l k\u00e9sz\u00fclnek, val\u00f3di fa furn\u00e9rral bor\u00edtva, amely illeszkedik a Denpanels panelekhez, \u00edgy harmonikus \u00e9s egys\u00e9ges megjelen\u00e9st biztos\u00edt.\r\n\r\nA keretek az \u00d6n konkr\u00e9t aljzat-telep\u00edt\u00e9s\u00e9hez igazodva, egyedi m\u00e9retre vannak v\u00e1gva, \u00edgy a m\u0171szaki elemek term\u00e9szetes \u00e9s kifinomult r\u00e9sz\u00e9v\u00e9 v\u00e1lnak a teljes kialak\u00edt\u00e1snak. Az aljzatot a panel fel\u00fclet\u00e9n bel\u00fcl sz\u00e9pen keretezve tiszta, egys\u00e9ges kivitelez\u00e9st \u00e9rhet el, an\u00e9lk\u00fcl, hogy a panel eleg\u00e1ns eszt\u00e9tik\u00e1j\u00e1t vagy hangelnyel\u0151 tulajdons\u00e1gait rontan\u00e1.\r\n\r\nA prec\u00edzen kidolgozott, kiv\u00e1l\u00f3 min\u0151s\u00e9g\u0171 d\u00e1n diz\u00e1jnra \u00e9p\u00fcl\u0151 keretek \u00f6tv\u00f6zik a r\u00e9szletek ir\u00e1nti figyelmet, a funkcionalit\u00e1st \u00e9s a vizu\u00e1lis egys\u00e9gess\u00e9get. Az eredm\u00e9ny egy \u00e1tgondolt, a teret emel\u0151 befejez\u0151 r\u00e9szlet \u2013 st\u00edlusos, integr\u00e1lt \u00e9s teljes m\u00e9rt\u00e9kben funkcion\u00e1lis.","product_category-highlighted_media":29449,"product_category-cta":{"product_category_cta":null},"comparrison_image":29440,"product_category-some_of_our_combinations":24320,"hero-media":[24873],"hero-h1":"Frames","hero-sub_header":""},"_links":{"self":[{"href":"https:\/\/denpanels.com\/hu\/wp-json\/wp\/v2\/pages\/24871","targetHints":{"allow":["GET"]}}],"collection":[{"href":"https:\/\/denpanels.com\/hu\/wp-json\/wp\/v2\/pages"}],"about":[{"href":"https:\/\/denpanels.com\/hu\/wp-json\/wp\/v2\/types\/page"}],"author":[{"embeddable":true,"href":"https:\/\/denpanels.com\/hu\/wp-json\/wp\/v2\/users\/3"}],"replies":[{"embeddable":true,"href":"https:\/\/denpanels.com\/hu\/wp-json\/wp\/v2\/comments?post=24871"}],"version-history":[{"count":2,"href":"https:\/\/denpanels.com\/hu\/wp-json\/wp\/v2\/pages\/24871\/revisions"}],"predecessor-version":[{"id":31019,"href":"https:\/\/denpanels.com\/hu\/wp-json\/wp\/v2\/pages\/24871\/revisions\/31019"}],"up":[{"embeddable":true,"href":"https:\/\/denpanels.com\/hu\/wp-json\/wp\/v2\/pages\/24937"}],"acf:attachment":[{"embeddable":true,"href":"https:\/\/denpanels.com\/hu\/wp-json\/wp\/v2\/media\/24873"}],"acf:post":[{"embeddable":true,"href":"https:\/\/denpanels.com\/hu\/wp-json\/wp\/v2\/translation\/24320"}],"acf:term":[{"embeddable":true,"taxonomy":"product-category","href":"https:\/\/denpanels.com\/hu\/wp-json\/wp\/v2\/product-category\/680"}],"wp:attachment":[{"href":"https:\/\/denpanels.com\/hu\/wp-json\/wp\/v2\/media?parent=24871"}],"wp:term":[{"taxonomy":"page-section","embeddable":true,"href":"https:\/\/denpanels.com\/hu\/wp-json\/wp\/v2\/page-section?post=24871"},{"taxonomy":"page-template","embeddable":true,"href":"https:\/\/denpanels.com\/hu\/wp-json\/wp\/v2\/page-template?post=24871"}],"curies":[{"name":"wp","href":"https:\/\/api.w.org\/{rel}","templated":true}]}}