{"id":24863,"date":"2025-01-09T12:14:33","date_gmt":"2025-01-09T11:14:33","guid":{"rendered":"https:\/\/denpanels.com\/oils\/"},"modified":"2025-03-07T11:37:21","modified_gmt":"2025-03-07T10:37:21","slug":"olajok","status":"publish","type":"page","link":"https:\/\/denpanels.com\/hu\/panelek\/kiegeszitok\/olajok\/","title":{"rendered":"Olajok"},"content":{"rendered":"","protected":false},"excerpt":{"rendered":"","protected":false},"author":3,"featured_media":0,"parent":24937,"menu_order":0,"comment_status":"closed","ping_status":"closed","template":"","meta":{"_acf_changed":false,"footnotes":""},"page-section":[525,529,528,526],"page-template":[370],"class_list":["post-24863","page","type-page","status-publish","hentry","page-section-hero","page-section-highlighted-inspiration","page-section-megamenu","page-section-product-category","page-template-product-sub-category"],"acf":{"product_category-selected":659,"product_category-headline_p1":"V\u00e9delmez, Fokozza \u00e9s","product_category-headline_p2":"Szem\u00e9lyre szabhatod fa paneleidet","product_category-introduction":"A Denpanels-n\u00e9l seg\u00edt\u00fcnk meghosszabb\u00edtani a tart\u00f3ss\u00e1got, fokozni a term\u00e9szetes sz\u00e9ps\u00e9get \u00e9s testreszabni a paneleidet pr\u00e9mium Care Olajainkkal.\r\n\r\n<strong>Felfriss\u00edti \u00e9s v\u00e9di<\/strong> \u2013 t\u00e1pl\u00e1lja a f\u00e1t \u00e9s tart\u00f3s fel\u00fcletet biztos\u00edt.\r\n<strong>Fokozza a text\u00far\u00e1t<\/strong> \u2013 kiemeli a term\u00e9szetes erezetet, kifinomult megjelen\u00e9st adva.\r\n<strong>Testreszabhat\u00f3<\/strong> \u2013 \u00f6t eleg\u00e1ns sz\u00ednben el\u00e9rhet\u0151, hogy illeszkedjen a st\u00edlusodhoz.\r\n\r\nMinden 500 ml-es flakon k\u00f6nnyen alkalmazhat\u00f3 \u2013 egyszer\u0171en k\u00f6vesd az \u00fatmutat\u00f3t a legjobb eredm\u00e9nyek \u00e9rdek\u00e9ben.\r\n\r\nMeg\u0151rz\u00e9s. Fokoz\u00e1s. Szem\u00e9lyre szab\u00e1s.","product_category-highlighted_media":24867,"product_category-cta":{"product_category_cta":null},"comparrison_image":null,"product_category-some_of_our_combinations":24320,"hero-media":[24864],"hero-h1":"Olajok","hero-sub_header":""},"_links":{"self":[{"href":"https:\/\/denpanels.com\/hu\/wp-json\/wp\/v2\/pages\/24863","targetHints":{"allow":["GET"]}}],"collection":[{"href":"https:\/\/denpanels.com\/hu\/wp-json\/wp\/v2\/pages"}],"about":[{"href":"https:\/\/denpanels.com\/hu\/wp-json\/wp\/v2\/types\/page"}],"author":[{"embeddable":true,"href":"https:\/\/denpanels.com\/hu\/wp-json\/wp\/v2\/users\/3"}],"replies":[{"embeddable":true,"href":"https:\/\/denpanels.com\/hu\/wp-json\/wp\/v2\/comments?post=24863"}],"version-history":[{"count":3,"href":"https:\/\/denpanels.com\/hu\/wp-json\/wp\/v2\/pages\/24863\/revisions"}],"predecessor-version":[{"id":24869,"href":"https:\/\/denpanels.com\/hu\/wp-json\/wp\/v2\/pages\/24863\/revisions\/24869"}],"up":[{"embeddable":true,"href":"https:\/\/denpanels.com\/hu\/wp-json\/wp\/v2\/pages\/24937"}],"acf:attachment":[{"embeddable":true,"href":"https:\/\/denpanels.com\/hu\/wp-json\/wp\/v2\/media\/24864"}],"acf:post":[{"embeddable":true,"href":"https:\/\/denpanels.com\/hu\/wp-json\/wp\/v2\/translation\/24320"}],"acf:term":[{"embeddable":true,"taxonomy":"product-category","href":"https:\/\/denpanels.com\/hu\/wp-json\/wp\/v2\/product-category\/659"}],"wp:attachment":[{"href":"https:\/\/denpanels.com\/hu\/wp-json\/wp\/v2\/media?parent=24863"}],"wp:term":[{"taxonomy":"page-section","embeddable":true,"href":"https:\/\/denpanels.com\/hu\/wp-json\/wp\/v2\/page-section?post=24863"},{"taxonomy":"page-template","embeddable":true,"href":"https:\/\/denpanels.com\/hu\/wp-json\/wp\/v2\/page-template?post=24863"}],"curies":[{"name":"wp","href":"https:\/\/api.w.org\/{rel}","templated":true}]}}