{"id":24845,"date":"2025-01-09T12:11:21","date_gmt":"2025-01-09T11:11:21","guid":{"rendered":"https:\/\/denpanels.com\/finishing-slats\/"},"modified":"2025-03-07T11:33:49","modified_gmt":"2025-03-07T10:33:49","slug":"befejezo-lecek","status":"publish","type":"page","link":"https:\/\/denpanels.com\/hu\/panelek\/kiegeszitok\/befejezo-lecek\/","title":{"rendered":"Befejez\u0151 l\u00e9cek"},"content":{"rendered":"","protected":false},"excerpt":{"rendered":"","protected":false},"author":3,"featured_media":0,"parent":24937,"menu_order":0,"comment_status":"closed","ping_status":"closed","template":"","meta":{"_acf_changed":false,"footnotes":""},"page-section":[536,524,525,528,526],"page-template":[497],"class_list":["post-24845","page","type-page","status-publish","hentry","page-section-content-blocks","page-section-datasheet","page-section-hero","page-section-megamenu","page-section-product-category","page-template-category-finishing-slates"],"acf":{"finishing_slats-sub_categories_copy":[498,499],"product_category-selected":679,"product_category-headline_p1":"Befejez\u0151 l\u00e9cek:","product_category-headline_p2":"A t\u00f6k\u00e9letes v\u00e9gs\u0151 \u00e9rint\u00e9s","product_category-introduction":"A Denpanels-n\u00e9l befejez\u0151 l\u00e9ceket k\u00edn\u00e1lunk, amelyek z\u00f6kken\u0151mentes, egys\u00e9ges fa fel\u00fcletet biztos\u00edtanak akusztikai paneljeid telep\u00edt\u00e9s\u00e9n\u00e9l. M\u00edg egyesek a fekete sz\u00e9l\u00e9t kedvelik, m\u00e1sok a term\u00e9szetes fa megjelen\u00e9st keresnek \u2013 \u00e9s itt j\u00f6nnek k\u00e9pbe a befejez\u0151 l\u00e9ceink!\r\n\r\n<strong>Illeszkedik a paneleidhez<\/strong> \u2013 \u00e1tfestett MDF-b\u0151l k\u00e9sz\u00fcl, val\u00f3di fa furn\u00e9rral.\r\n<strong>Egyszer\u0171 telep\u00edt\u00e9s<\/strong> \u2013 egyszer\u0171en alkalmazd \u00f6ntapad\u00f3 r\u00f6gz\u00edt\u0151vel.\r\n<strong>Testreszabott m\u00e9retek<\/strong> \u2013 el\u00e9rhet\u0151 k\u00fcl\u00f6nb\u00f6z\u0151 hossz\u00fas\u00e1gokban \u00e9s sz\u00e9less\u00e9gekben, ak\u00e1r 3000 mm-ig.\r\n\r\nA megfelel\u0151 m\u00e9ret kiv\u00e1laszt\u00e1sa:\r\n27 mm l\u00e9ce \u2013 a falra k\u00f6zvetlen\u00fcl r\u00f6gz\u00edtett paneleken.\r\n62 mm l\u00e9ce \u2013 a fagerend\u00e1kra r\u00f6gz\u00edtett paneleken.\r\n\r\nA Befejez\u0151 l\u00e9cekkel szil\u00e1rd fa hat\u00e1st \u00e9s gy\u00f6ny\u00f6r\u0171, sim\u00edtott megjelen\u00e9st \u00e9rhetsz el Denpanels projektedhez.\r\n\r\nZ\u00f6kken\u0151mentes design. Egyszer\u0171 telep\u00edt\u00e9s. Leny\u0171g\u00f6z\u0151 eredm\u00e9nyek.","product_category-highlighted_media":24848,"product_category-cta":{"product_category_cta":null},"comparrison_image":null,"product_category-some_of_our_combinations":24320,"hero-media":[24849],"hero-h1":"Befejez\u0151 l\u00e9cek","hero-sub_header":""},"_links":{"self":[{"href":"https:\/\/denpanels.com\/hu\/wp-json\/wp\/v2\/pages\/24845","targetHints":{"allow":["GET"]}}],"collection":[{"href":"https:\/\/denpanels.com\/hu\/wp-json\/wp\/v2\/pages"}],"about":[{"href":"https:\/\/denpanels.com\/hu\/wp-json\/wp\/v2\/types\/page"}],"author":[{"embeddable":true,"href":"https:\/\/denpanels.com\/hu\/wp-json\/wp\/v2\/users\/3"}],"replies":[{"embeddable":true,"href":"https:\/\/denpanels.com\/hu\/wp-json\/wp\/v2\/comments?post=24845"}],"version-history":[{"count":3,"href":"https:\/\/denpanels.com\/hu\/wp-json\/wp\/v2\/pages\/24845\/revisions"}],"predecessor-version":[{"id":24861,"href":"https:\/\/denpanels.com\/hu\/wp-json\/wp\/v2\/pages\/24845\/revisions\/24861"}],"up":[{"embeddable":true,"href":"https:\/\/denpanels.com\/hu\/wp-json\/wp\/v2\/pages\/24937"}],"acf:attachment":[{"embeddable":true,"href":"https:\/\/denpanels.com\/hu\/wp-json\/wp\/v2\/media\/24849"}],"acf:post":[{"embeddable":true,"href":"https:\/\/denpanels.com\/hu\/wp-json\/wp\/v2\/translation\/24320"}],"acf:term":[{"embeddable":true,"taxonomy":"product-category","href":"https:\/\/denpanels.com\/hu\/wp-json\/wp\/v2\/product-category\/679"},{"embeddable":true,"taxonomy":"product-category","href":"https:\/\/denpanels.com\/hu\/wp-json\/wp\/v2\/product-category\/499"},{"embeddable":true,"taxonomy":"product-category","href":"https:\/\/denpanels.com\/hu\/wp-json\/wp\/v2\/product-category\/498"}],"wp:attachment":[{"href":"https:\/\/denpanels.com\/hu\/wp-json\/wp\/v2\/media?parent=24845"}],"wp:term":[{"taxonomy":"page-section","embeddable":true,"href":"https:\/\/denpanels.com\/hu\/wp-json\/wp\/v2\/page-section?post=24845"},{"taxonomy":"page-template","embeddable":true,"href":"https:\/\/denpanels.com\/hu\/wp-json\/wp\/v2\/page-template?post=24845"}],"curies":[{"name":"wp","href":"https:\/\/api.w.org\/{rel}","templated":true}]}}