{"id":24838,"date":"2024-07-15T10:28:54","date_gmt":"2024-07-15T08:28:54","guid":{"rendered":"https:\/\/denpanels.com\/sticks\/"},"modified":"2025-03-07T11:23:01","modified_gmt":"2025-03-07T10:23:01","slug":"sticks","status":"publish","type":"page","link":"https:\/\/denpanels.com\/hu\/panelek\/design-panelelek\/sticks\/","title":{"rendered":"Sticks"},"content":{"rendered":"","protected":false},"excerpt":{"rendered":"","protected":false},"author":3,"featured_media":0,"parent":24929,"menu_order":4,"comment_status":"closed","ping_status":"closed","template":"","meta":{"_acf_changed":false,"footnotes":""},"page-section":[525,528,526],"page-template":[493],"class_list":["post-24838","page","type-page","status-publish","hentry","page-section-hero","page-section-megamenu","page-section-product-category","page-template-category-sticks"],"acf":{"product_category-selected":678,"product_category-headline_p1":"Denpanels Sticks:","product_category-headline_p2":"Er\u0151fesz\u00edt\u00e9s n\u00e9lk\u00fcli st\u00edlus \u00e9s v\u00e9gtelen kreativit\u00e1s","product_category-introduction":"A Denpanels bemutatja a Sticks-et \u2013 egy sokoldal\u00fa \u00e9s st\u00edlusos m\u00f3dot, amellyel k\u00f6nnyed\u00e9n szem\u00e9lyre szabhatja falait \u00e9s mennyezeteit. K\u00fcl\u00f6nb\u00f6z\u0151 text\u00far\u00e1kkal, sz\u00ednekkel \u00e9s fel\u00fcletekkel a kreativit\u00e1s\u00e1nak nincs hat\u00e1ra.\r\n\r\n<strong>Finom design<\/strong> \u2013 el\u00e9rhet\u0151 fa furn\u00e9r, lin\u00f3leum, lamin\u00e1lt \u00e9s f\u00f3lia v\u00e1ltozatokban.\r\n<strong>Pr\u00e9mium min\u0151s\u00e9g<\/strong> \u2013 9 mm-es MDF-b\u0151l k\u00e9sz\u00fcl, amely megfelel a Carb2 \u00e9s AgBB k\u00f6rnyezetv\u00e9delmi el\u0151\u00edr\u00e1soknak.\r\n<strong>Probl\u00e9mamentes telep\u00edt\u00e9s<\/strong> \u2013 \u00f6ntapad\u00f3 h\u00e1tlap a gyors \u00e9s egyszer\u0171 r\u00f6gz\u00edt\u00e9shez.\r\n\r\nAk\u00e1r a lin\u00f3leum eleganci\u00e1j\u00e1t, a fa melegs\u00e9g\u00e9t, vagy a lamin\u00e1lt letisztult megjelen\u00e9s\u00e9t r\u00e9szes\u00edti el\u0151nyben, a Sticks a t\u00f6k\u00e9letes \u00f6tv\u00f6zete az eszt\u00e9tik\u00e1nak \u00e9s a praktikumnak b\u00e1rmilyen bels\u0151 t\u00e9rben \u2013 a modern minimalizmust\u00f3l a klasszikus hagyom\u00e1nyokig.\r\n\r\nEgyszer\u0171 telep\u00edt\u00e9s. Leny\u0171g\u00f6z\u0151 eredm\u00e9nyek. V\u00e9gtelen lehet\u0151s\u00e9gek.","product_category-highlighted_media":24842,"product_category-cta":{"product_category_cta":null},"comparrison_image":null,"product_category-some_of_our_combinations":24320,"hero-media":[24841],"hero-h1":"Sticks","hero-sub_header":""},"_links":{"self":[{"href":"https:\/\/denpanels.com\/hu\/wp-json\/wp\/v2\/pages\/24838","targetHints":{"allow":["GET"]}}],"collection":[{"href":"https:\/\/denpanels.com\/hu\/wp-json\/wp\/v2\/pages"}],"about":[{"href":"https:\/\/denpanels.com\/hu\/wp-json\/wp\/v2\/types\/page"}],"author":[{"embeddable":true,"href":"https:\/\/denpanels.com\/hu\/wp-json\/wp\/v2\/users\/3"}],"replies":[{"embeddable":true,"href":"https:\/\/denpanels.com\/hu\/wp-json\/wp\/v2\/comments?post=24838"}],"version-history":[{"count":1,"href":"https:\/\/denpanels.com\/hu\/wp-json\/wp\/v2\/pages\/24838\/revisions"}],"predecessor-version":[{"id":24843,"href":"https:\/\/denpanels.com\/hu\/wp-json\/wp\/v2\/pages\/24838\/revisions\/24843"}],"up":[{"embeddable":true,"href":"https:\/\/denpanels.com\/hu\/wp-json\/wp\/v2\/pages\/24929"}],"acf:attachment":[{"embeddable":true,"href":"https:\/\/denpanels.com\/hu\/wp-json\/wp\/v2\/media\/24841"}],"acf:post":[{"embeddable":true,"href":"https:\/\/denpanels.com\/hu\/wp-json\/wp\/v2\/translation\/24320"}],"acf:term":[{"embeddable":true,"taxonomy":"product-category","href":"https:\/\/denpanels.com\/hu\/wp-json\/wp\/v2\/product-category\/678"}],"wp:attachment":[{"href":"https:\/\/denpanels.com\/hu\/wp-json\/wp\/v2\/media?parent=24838"}],"wp:term":[{"taxonomy":"page-section","embeddable":true,"href":"https:\/\/denpanels.com\/hu\/wp-json\/wp\/v2\/page-section?post=24838"},{"taxonomy":"page-template","embeddable":true,"href":"https:\/\/denpanels.com\/hu\/wp-json\/wp\/v2\/page-template?post=24838"}],"curies":[{"name":"wp","href":"https:\/\/api.w.org\/{rel}","templated":true}]}}