{"id":24821,"date":"2024-07-10T13:55:56","date_gmt":"2024-07-10T11:55:56","guid":{"rendered":"https:\/\/denpanels.com\/wall-tiles-system\/"},"modified":"2025-03-07T11:12:43","modified_gmt":"2025-03-07T10:12:43","slug":"wall-tiles-system","status":"publish","type":"page","link":"https:\/\/denpanels.com\/hu\/panelek\/design-panelelek\/wall-tiles-system\/","title":{"rendered":"Wall tiles"},"content":{"rendered":"","protected":false},"excerpt":{"rendered":"","protected":false},"author":1,"featured_media":0,"parent":24929,"menu_order":3,"comment_status":"closed","ping_status":"closed","template":"","meta":{"_acf_changed":false,"footnotes":""},"page-section":[524,525,528,526],"page-template":[496],"class_list":["post-24821","page","type-page","status-publish","hentry","page-section-datasheet","page-section-hero","page-section-megamenu","page-section-product-category","page-template-category-wall-tiles"],"acf":{"product_category-selected":677,"product_category-headline_p1":"Denpanels Wall Tiles: ","product_category-headline_p2":"Ahol a hagyom\u00e1ny tal\u00e1lkozik a kreativit\u00e1ssal","product_category-introduction":"A Denpanels bemutatja a Wall Tiles Systemet \u2013 a klasszikus design \u00e9s a modern kreativit\u00e1s f\u00fazi\u00f3j\u00e1t, amely t\u00f6k\u00e9letes megold\u00e1s b\u00e1rmely t\u00e9r \u00e1talak\u00edt\u00e1s\u00e1ra.\r\n\r\n<strong>Rugalmas v\u00e1laszt\u00e9k<\/strong> \u2013 el\u00e9rhet\u0151 furn\u00e9r, hexagon, rombusz, lin\u00f3leum \u00e9s filc v\u00e1ltozatokban.\r\n<strong>V\u00e9gtelen testreszab\u00e1s<\/strong> \u2013 keverd \u00e9s illeszd \u00f6ssze a text\u00far\u00e1kat, hogy egyedi, h\u00e1romdimenzi\u00f3s hat\u00e1st \u00e9rj el.\r\n<strong>St\u00edlusos, nem csak akusztikus<\/strong> \u2013 vizu\u00e1lis vonzer\u0151re tervezve, nem pedig hangelnyel\u00e9sre.\r\n\r\n<strong>Inspir\u00e1l\u00f3dj a term\u00e9szet geometriai form\u00e1ib\u00f3l<\/strong>\r\nMer\u00edts inspir\u00e1ci\u00f3t a hexagonok term\u00e9szetes eleganci\u00e1j\u00e1b\u00f3l a modul\u00e1ris MDF Hexagon Wall Tiles paneleinkkel. K\u00fcl\u00f6nb\u00f6z\u0151 fel\u00fcletekben \u00e9s sz\u00ednekben el\u00e9rhet\u0151k, \u00edgy szem\u00e9lyre szabott mint\u00e1kat hozhatsz l\u00e9tre, amelyek t\u00fckr\u00f6zik a st\u00edlusodat \u2013 legyen sz\u00f3 mer\u00e9sz \u00e9s dr\u00e1mai, vagy finom \u00e9s kifinomult megjelen\u00e9sr\u0151l.\r\n\r\nT\u00f6k\u00e9letes otthonokhoz, irod\u00e1khoz \u00e9s kreat\u00edv terekhez, a Denpanels Wall Tiles egyszer\u0171 m\u00f3dot k\u00edn\u00e1lnak arra, hogy m\u00e9lys\u00e9get, karaktert \u00e9s tervez\u00e9si rugalmass\u00e1got adj b\u00e1rmely bels\u0151 t\u00e9rhez.\r\n\r\nInnovat\u00edv design. Hat\u00e1rtalan kreativit\u00e1s. Er\u0151fesz\u00edt\u00e9s n\u00e9lk\u00fcli \u00e1talak\u00edt\u00e1s.","product_category-highlighted_media":24834,"product_category-cta":{"product_category_cta":null},"comparrison_image":null,"product_category-some_of_our_combinations":24320,"hero-media":[24833],"hero-h1":"Wall Tiles System","hero-sub_header":""},"_links":{"self":[{"href":"https:\/\/denpanels.com\/hu\/wp-json\/wp\/v2\/pages\/24821","targetHints":{"allow":["GET"]}}],"collection":[{"href":"https:\/\/denpanels.com\/hu\/wp-json\/wp\/v2\/pages"}],"about":[{"href":"https:\/\/denpanels.com\/hu\/wp-json\/wp\/v2\/types\/page"}],"author":[{"embeddable":true,"href":"https:\/\/denpanels.com\/hu\/wp-json\/wp\/v2\/users\/1"}],"replies":[{"embeddable":true,"href":"https:\/\/denpanels.com\/hu\/wp-json\/wp\/v2\/comments?post=24821"}],"version-history":[{"count":1,"href":"https:\/\/denpanels.com\/hu\/wp-json\/wp\/v2\/pages\/24821\/revisions"}],"predecessor-version":[{"id":24836,"href":"https:\/\/denpanels.com\/hu\/wp-json\/wp\/v2\/pages\/24821\/revisions\/24836"}],"up":[{"embeddable":true,"href":"https:\/\/denpanels.com\/hu\/wp-json\/wp\/v2\/pages\/24929"}],"acf:attachment":[{"embeddable":true,"href":"https:\/\/denpanels.com\/hu\/wp-json\/wp\/v2\/media\/24833"}],"acf:post":[{"embeddable":true,"href":"https:\/\/denpanels.com\/hu\/wp-json\/wp\/v2\/translation\/24320"}],"acf:term":[{"embeddable":true,"taxonomy":"product-category","href":"https:\/\/denpanels.com\/hu\/wp-json\/wp\/v2\/product-category\/677"}],"wp:attachment":[{"href":"https:\/\/denpanels.com\/hu\/wp-json\/wp\/v2\/media?parent=24821"}],"wp:term":[{"taxonomy":"page-section","embeddable":true,"href":"https:\/\/denpanels.com\/hu\/wp-json\/wp\/v2\/page-section?post=24821"},{"taxonomy":"page-template","embeddable":true,"href":"https:\/\/denpanels.com\/hu\/wp-json\/wp\/v2\/page-template?post=24821"}],"curies":[{"name":"wp","href":"https:\/\/api.w.org\/{rel}","templated":true}]}}