{"id":24796,"date":"2024-07-15T10:05:41","date_gmt":"2024-07-15T08:05:41","guid":{"rendered":"https:\/\/denpanels.com\/acoustic-design\/"},"modified":"2025-03-07T11:05:47","modified_gmt":"2025-03-07T10:05:47","slug":"akusztikai-design-panelek","status":"publish","type":"page","link":"https:\/\/denpanels.com\/hu\/panelek\/design-panelelek\/akusztikai-design-panelek\/","title":{"rendered":"Akusztikai design panelek"},"content":{"rendered":"","protected":false},"excerpt":{"rendered":"","protected":false},"author":3,"featured_media":0,"parent":24929,"menu_order":2,"comment_status":"closed","ping_status":"closed","template":"","meta":{"_acf_changed":false,"footnotes":""},"page-section":[524,525,528,526],"page-template":[491],"class_list":["post-24796","page","type-page","status-publish","hentry","page-section-datasheet","page-section-hero","page-section-megamenu","page-section-product-category","page-template-category-acoustic-design-panels"],"acf":{"product_category-selected":676,"product_category-headline_p1":"Szabad\u00edtsd fel kreativit\u00e1sodat a(z)","product_category-headline_p2":"Denpanels Design Panelekkel","product_category-introduction":"A Denpanels-n\u00e9l 60\u00d760 \u00e9s 60\u00d7120 cm-es Design Paneleket k\u00edn\u00e1lunk, amelyek v\u00e9gtelen lehet\u0151s\u00e9geket biztos\u00edtanak egyedi mint\u00e1k \u00e9s st\u00edlusos bels\u0151 terek l\u00e9trehoz\u00e1s\u00e1ra.\r\n\r\n<strong>Testreszabhat\u00f3 elrendez\u00e9sek<\/strong> \u2013 t\u00f6bbf\u00e9le konfigur\u00e1ci\u00f3ban elrendezhet\u0151k, hogy egyedi megjelen\u00e9st biztos\u00edtsanak.\r\n<strong>Pr\u00e9mium fel\u00fcletek<\/strong> \u2013 eszt\u00e9tikai vonzer\u0151 \u00e9s akusztikai el\u0151ny\u00f6k \u00f6tv\u00f6z\u00e9se.\r\n\r\nAk\u00e1r egy kis akcentus fal kiemel\u00e9s\u00e9re, ak\u00e1r egy mer\u00e9sz d\u00edsz\u00edt\u0151 elem tervez\u00e9s\u00e9re van sz\u00fcks\u00e9ged, sokoldal\u00fa Design Paneleink karaktert, st\u00edlust \u00e9s akusztikai k\u00e9nyelmet adnak b\u00e1rmilyen t\u00e9rhez.\r\n\r\nD\u00e1n design. V\u00e9gtelen kreativit\u00e1s. Fenntarthat\u00f3 min\u0151s\u00e9g.","product_category-highlighted_media":22802,"product_category-cta":{"product_category_cta":null},"comparrison_image":null,"product_category-some_of_our_combinations":24320,"hero-media":[24817],"hero-h1":"Akusztikai design panelek","hero-sub_header":""},"_links":{"self":[{"href":"https:\/\/denpanels.com\/hu\/wp-json\/wp\/v2\/pages\/24796","targetHints":{"allow":["GET"]}}],"collection":[{"href":"https:\/\/denpanels.com\/hu\/wp-json\/wp\/v2\/pages"}],"about":[{"href":"https:\/\/denpanels.com\/hu\/wp-json\/wp\/v2\/types\/page"}],"author":[{"embeddable":true,"href":"https:\/\/denpanels.com\/hu\/wp-json\/wp\/v2\/users\/3"}],"replies":[{"embeddable":true,"href":"https:\/\/denpanels.com\/hu\/wp-json\/wp\/v2\/comments?post=24796"}],"version-history":[{"count":3,"href":"https:\/\/denpanels.com\/hu\/wp-json\/wp\/v2\/pages\/24796\/revisions"}],"predecessor-version":[{"id":24819,"href":"https:\/\/denpanels.com\/hu\/wp-json\/wp\/v2\/pages\/24796\/revisions\/24819"}],"up":[{"embeddable":true,"href":"https:\/\/denpanels.com\/hu\/wp-json\/wp\/v2\/pages\/24929"}],"acf:attachment":[{"embeddable":true,"href":"https:\/\/denpanels.com\/hu\/wp-json\/wp\/v2\/media\/24817"}],"acf:post":[{"embeddable":true,"href":"https:\/\/denpanels.com\/hu\/wp-json\/wp\/v2\/translation\/24320"}],"acf:term":[{"embeddable":true,"taxonomy":"product-category","href":"https:\/\/denpanels.com\/hu\/wp-json\/wp\/v2\/product-category\/676"}],"wp:attachment":[{"href":"https:\/\/denpanels.com\/hu\/wp-json\/wp\/v2\/media?parent=24796"}],"wp:term":[{"taxonomy":"page-section","embeddable":true,"href":"https:\/\/denpanels.com\/hu\/wp-json\/wp\/v2\/page-section?post=24796"},{"taxonomy":"page-template","embeddable":true,"href":"https:\/\/denpanels.com\/hu\/wp-json\/wp\/v2\/page-template?post=24796"}],"curies":[{"name":"wp","href":"https:\/\/api.w.org\/{rel}","templated":true}]}}