{"id":24783,"date":"2024-07-15T10:19:12","date_gmt":"2024-07-15T08:19:12","guid":{"rendered":"https:\/\/denpanels.com\/clear\/"},"modified":"2025-03-07T10:58:28","modified_gmt":"2025-03-07T09:58:28","slug":"clear-panelek","status":"publish","type":"page","link":"https:\/\/denpanels.com\/hu\/panelek\/design-panelelek\/clear-panelek\/","title":{"rendered":"Clear Panelek"},"content":{"rendered":"","protected":false},"excerpt":{"rendered":"","protected":false},"author":3,"featured_media":0,"parent":24929,"menu_order":1,"comment_status":"closed","ping_status":"closed","template":"","meta":{"_acf_changed":false,"footnotes":""},"page-section":[524,525,528,526],"page-template":[495],"class_list":["post-24783","page","type-page","status-publish","hentry","page-section-datasheet","page-section-hero","page-section-megamenu","page-section-product-category","page-template-category-clear-panels"],"acf":{"product_category-selected":675,"product_category-headline_p1":"Clear Panelek","product_category-headline_p2":"\u2013 Term\u00e9szetes elegancia","product_category-introduction":"Szereted a val\u00f3di fa megjelen\u00e9s\u00e9t az otthonodban? A Denpanels Clear Panelek lehet\u0151v\u00e9 teszik, hogy modern \u00e9s eleg\u00e1ns l\u00e9gk\u00f6rt teremts, mik\u00f6zben melegs\u00e9get \u00e9s term\u00e9szetes sz\u00e9ps\u00e9get adnak b\u00e1rmely t\u00e9rhez \u2013 legyen sz\u00f3 a nappalidr\u00f3l, konyh\u00e1dr\u00f3l vagy irod\u00e1dr\u00f3l.\r\n\r\n<ul>\r\n    <li><strong>Finom design<\/strong> \u2013 szil\u00e1rd MDF alap \u00e9s val\u00f3di fa furn\u00e9r pr\u00e9mium fel\u00fcletkezel\u00e9ssel.<\/li>\r\n    <li><strong>Testreszabhat\u00f3 lehet\u0151s\u00e9gek<\/strong> \u2013 el\u00e9rhet\u0151 t\u00f6lgy, amerikai di\u00f3 \u00e9s f\u00fcst\u00f6lt t\u00f6lgy v\u00e1ltozatokban, fekete vagy barna MDF alappal.<\/li>\r\n    <li><strong>Z\u00f6kken\u0151mentes integr\u00e1ci\u00f3<\/strong> \u2013 \u00fagy tervezt\u00fck, hogy kieg\u00e9sz\u00edtse akusztikai paneleinket, mik\u00f6zben egys\u00e9ges megjelen\u00e9st biztos\u00edt.<\/li>\r\n    <li><strong>Egyszer\u0171 telep\u00edt\u00e9s \u00e9s karbantart\u00e1s<\/strong> \u2013 gyorsan felszerelhet\u0151 minim\u00e1lis eszk\u00f6z\u00f6kkel \u00e9s k\u00f6nnyen tiszt\u00edthat\u00f3 nedves ruh\u00e1val.<\/li>\r\n<\/ul>\r\n\r\nSzeretn\u00e9d fokozni a Clear Panelek megjelen\u00e9s\u00e9t \u00e9s tart\u00f3ss\u00e1g\u00e1t? Haszn\u00e1lj term\u00e9szetes olajkezel\u00e9seket, hogy meg\u0151rizd \u00e9s gazdag\u00edtsd a fa egyedi text\u00far\u00e1j\u00e1t az elk\u00f6vetkez\u0151 \u00e9vekben.\r\n\r\n<i>Er\u0151fesz\u00edt\u00e9s n\u00e9lk\u00fcli elegancia. Testreszabhat\u00f3 design. Id\u0151tlen min\u0151s\u00e9g.<\/i>","product_category-highlighted_media":27193,"product_category-cta":{"product_category_cta":null},"comparrison_image":null,"product_category-some_of_our_combinations":24320,"hero-media":[24784],"hero-h1":"Clear Panelek","hero-sub_header":""},"_links":{"self":[{"href":"https:\/\/denpanels.com\/hu\/wp-json\/wp\/v2\/pages\/24783","targetHints":{"allow":["GET"]}}],"collection":[{"href":"https:\/\/denpanels.com\/hu\/wp-json\/wp\/v2\/pages"}],"about":[{"href":"https:\/\/denpanels.com\/hu\/wp-json\/wp\/v2\/types\/page"}],"author":[{"embeddable":true,"href":"https:\/\/denpanels.com\/hu\/wp-json\/wp\/v2\/users\/3"}],"replies":[{"embeddable":true,"href":"https:\/\/denpanels.com\/hu\/wp-json\/wp\/v2\/comments?post=24783"}],"version-history":[{"count":3,"href":"https:\/\/denpanels.com\/hu\/wp-json\/wp\/v2\/pages\/24783\/revisions"}],"predecessor-version":[{"id":24794,"href":"https:\/\/denpanels.com\/hu\/wp-json\/wp\/v2\/pages\/24783\/revisions\/24794"}],"up":[{"embeddable":true,"href":"https:\/\/denpanels.com\/hu\/wp-json\/wp\/v2\/pages\/24929"}],"acf:attachment":[{"embeddable":true,"href":"https:\/\/denpanels.com\/hu\/wp-json\/wp\/v2\/media\/24784"}],"acf:post":[{"embeddable":true,"href":"https:\/\/denpanels.com\/hu\/wp-json\/wp\/v2\/translation\/24320"}],"acf:term":[{"embeddable":true,"taxonomy":"product-category","href":"https:\/\/denpanels.com\/hu\/wp-json\/wp\/v2\/product-category\/675"}],"wp:attachment":[{"href":"https:\/\/denpanels.com\/hu\/wp-json\/wp\/v2\/media?parent=24783"}],"wp:term":[{"taxonomy":"page-section","embeddable":true,"href":"https:\/\/denpanels.com\/hu\/wp-json\/wp\/v2\/page-section?post=24783"},{"taxonomy":"page-template","embeddable":true,"href":"https:\/\/denpanels.com\/hu\/wp-json\/wp\/v2\/page-template?post=24783"}],"curies":[{"name":"wp","href":"https:\/\/api.w.org\/{rel}","templated":true}]}}