{"id":24746,"date":"2024-06-06T12:06:29","date_gmt":"2024-06-06T10:06:29","guid":{"rendered":"https:\/\/denpanels.com\/fire-retardant\/"},"modified":"2025-03-07T10:47:30","modified_gmt":"2025-03-07T09:47:30","slug":"tuzallo-panelek","status":"publish","type":"page","link":"https:\/\/denpanels.com\/hu\/panelek\/tuzallo-panelek\/","title":{"rendered":"T\u0171z\u00e1ll\u00f3 panelek"},"content":{"rendered":"","protected":false},"excerpt":{"rendered":"","protected":false},"author":3,"featured_media":0,"parent":24951,"menu_order":2,"comment_status":"closed","ping_status":"closed","template":"","meta":{"_acf_changed":false,"footnotes":""},"page-section":[533,536,524,525,528,526,534],"page-template":[360],"class_list":["post-24746","page","type-page","status-publish","hentry","page-section-certificates","page-section-content-blocks","page-section-datasheet","page-section-hero","page-section-megamenu","page-section-product-category","page-section-the-panels-construction","page-template-fr-panels"],"acf":{"fr_panel-sub_categories":[357,358,359],"product_category-selected":674,"product_category-headline_p1":"FR-Filt akusztikai panelelek","product_category-headline_p2":"\u2013 T\u0171zbiztons\u00e1g \u00e9s kiv\u00e1l\u00f3 akusztika","product_category-introduction":"<strong>Olyan t\u0171z\u00e1ll\u00f3 akusztikai megold\u00e1st keresel, amely \u00f6tv\u00f6zi a biztons\u00e1got, a st\u00edlust \u00e9s a funkcionalit\u00e1st? A Denpanels FR-filt akusztikai panelei B oszt\u00e1ly\u00fa tan\u00fas\u00edtv\u00e1nnyal rendelkeznek (EN 13823), megfelelve az EU szigor\u00fa t\u0171zbiztons\u00e1gi el\u0151\u00edr\u00e1sainak. Ide\u00e1lisak otthoni \u00e9s kereskedelmi terekhez, ahol t\u0171z\u00e1ll\u00f3 akusztikai paneleket ig\u00e9nyelnek a falak \u00e9s mennyezetek.<\/strong>\r\n\r\n<ul>\r\n    <li><strong>Gyors \u00e9s egyszer\u0171 telep\u00edt\u00e9s<\/strong> \u2013 k\u00f6nnyen r\u00f6gz\u00edthet\u0151k mennyezetekre \u00e9s falakra.<\/li>\r\n    <li><strong>Hat\u00e9kony hangelnyel\u00e9s<\/strong> \u2013 jelent\u0151sen jav\u00edtja az akusztik\u00e1t.<\/li>\r\n    <li><strong>K\u00f6rnyezetbar\u00e1t v\u00e1laszt\u00e1s<\/strong> \u2013 FSC\u00ae-tan\u00fas\u00edtv\u00e1nnyal rendelkez\u0151 anyagok.<\/li>\r\n    <li><strong>Alkalmas kereskedelmi \u00e9p\u00fcletekhez<\/strong> \u2013 ide\u00e1lis irod\u00e1khoz, sz\u00e1llod\u00e1khoz \u00e9s k\u00f6zterekhez.<\/li>\r\n    <li><strong>D\u00e1n design \u00e9s min\u0151s\u00e9g<\/strong> \u2013 helyben, D\u00e1ni\u00e1ban k\u00e9sz\u00fclnek.<\/li>\r\n<\/ul>\r\n\r\nA fa l\u00e9cek \u00e9s akusztikus PET filc okos kombin\u00e1ci\u00f3j\u00e1val az FR-filt akusztikai paneleink hat\u00e9konyan nyelik el a hanghull\u00e1mokat, jav\u00edtva a biztons\u00e1got \u00e9s az akusztikai k\u00e9nyelmet.\r\n\r\n<i>T\u0171zbiztons\u00e1g. Hangszab\u00e1lyoz\u00e1s. Fenntarthat\u00f3 design.<\/i>","product_category-highlighted_media":24757,"product_category-cta":{"product_category_cta":null},"comparrison_image":null,"product_category-some_of_our_combinations":24320,"hero-media":[24747],"hero-h1":"T\u0171z\u00e1ll\u00f3 panelek","hero-sub_header":""},"_links":{"self":[{"href":"https:\/\/denpanels.com\/hu\/wp-json\/wp\/v2\/pages\/24746","targetHints":{"allow":["GET"]}}],"collection":[{"href":"https:\/\/denpanels.com\/hu\/wp-json\/wp\/v2\/pages"}],"about":[{"href":"https:\/\/denpanels.com\/hu\/wp-json\/wp\/v2\/types\/page"}],"author":[{"embeddable":true,"href":"https:\/\/denpanels.com\/hu\/wp-json\/wp\/v2\/users\/3"}],"replies":[{"embeddable":true,"href":"https:\/\/denpanels.com\/hu\/wp-json\/wp\/v2\/comments?post=24746"}],"version-history":[{"count":3,"href":"https:\/\/denpanels.com\/hu\/wp-json\/wp\/v2\/pages\/24746\/revisions"}],"predecessor-version":[{"id":24781,"href":"https:\/\/denpanels.com\/hu\/wp-json\/wp\/v2\/pages\/24746\/revisions\/24781"}],"up":[{"embeddable":true,"href":"https:\/\/denpanels.com\/hu\/wp-json\/wp\/v2\/pages\/24951"}],"acf:attachment":[{"embeddable":true,"href":"https:\/\/denpanels.com\/hu\/wp-json\/wp\/v2\/media\/24747"}],"acf:post":[{"embeddable":true,"href":"https:\/\/denpanels.com\/hu\/wp-json\/wp\/v2\/translation\/24320"}],"acf:term":[{"embeddable":true,"taxonomy":"product-category","href":"https:\/\/denpanels.com\/hu\/wp-json\/wp\/v2\/product-category\/674"},{"embeddable":true,"taxonomy":"product-category","href":"https:\/\/denpanels.com\/hu\/wp-json\/wp\/v2\/product-category\/359"},{"embeddable":true,"taxonomy":"product-category","href":"https:\/\/denpanels.com\/hu\/wp-json\/wp\/v2\/product-category\/358"},{"embeddable":true,"taxonomy":"product-category","href":"https:\/\/denpanels.com\/hu\/wp-json\/wp\/v2\/product-category\/357"}],"wp:attachment":[{"href":"https:\/\/denpanels.com\/hu\/wp-json\/wp\/v2\/media?parent=24746"}],"wp:term":[{"taxonomy":"page-section","embeddable":true,"href":"https:\/\/denpanels.com\/hu\/wp-json\/wp\/v2\/page-section?post=24746"},{"taxonomy":"page-template","embeddable":true,"href":"https:\/\/denpanels.com\/hu\/wp-json\/wp\/v2\/page-template?post=24746"}],"curies":[{"name":"wp","href":"https:\/\/api.w.org\/{rel}","templated":true}]}}