{"id":24726,"date":"2024-06-06T13:48:46","date_gmt":"2024-06-06T11:48:46","guid":{"rendered":"https:\/\/denpanels.com\/stone\/"},"modified":"2025-07-31T12:03:30","modified_gmt":"2025-07-31T10:03:30","slug":"ko-panelek","status":"publish","type":"page","link":"https:\/\/denpanels.com\/hu\/panelek\/ko-panelek\/","title":{"rendered":"K\u0151 panelek"},"content":{"rendered":"","protected":false},"excerpt":{"rendered":"","protected":false},"author":3,"featured_media":0,"parent":24951,"menu_order":11,"comment_status":"closed","ping_status":"closed","template":"","meta":{"_acf_changed":false,"footnotes":""},"page-section":[535,524,525,528,526,534],"page-template":[542],"class_list":["post-24726","page","type-page","status-publish","hentry","page-section-category-options","page-section-datasheet","page-section-hero","page-section-megamenu","page-section-product-category","page-section-the-panels-construction","page-template-category-stone"],"acf":{"product_category-selected":673,"product_category-headline_p1":"K\u0151 akusztikai panelek","product_category-headline_p2":"- Term\u00e9szetes elegancia \u00e9s kiv\u00e1l\u00f3 akusztika","product_category-introduction":"<strong>Szertn\u00e9l a term\u00e9szet erej\u00e9t bevinni a teredbe? A Denpanels k\u0151 akusztikai panelei autentikus himal\u00e1jai k\u0151vel bor\u00edtva hozz\u00e1k el a nyers sz\u00e9ps\u00e9get \u00e9s az id\u0151tlen eleganci\u00e1t b\u00e1rmely bels\u0151 t\u00e9rbe. Minden panel egyedi, a term\u00e9szetes text\u00far\u00e1kat \u00e9s a k\u00fcl\u00f6nleges karaktert hordozza, amelyet az id\u0151 \u00e9s az elemek form\u00e1ltak.<\/strong>\r\n\r\n<ul>\r\n    <li><strong>Autentikus himal\u00e1jai k\u0151fel\u00fclet<\/strong> \u2013 gazdag text\u00far\u00e1k \u00e9s term\u00e9szetes vari\u00e1ci\u00f3k.<\/li>\r\n    <li><strong>Finom mesters\u00e9gbeli tud\u00e1s<\/strong> \u2013 ultrav\u00e9kony k\u0151 furn\u00e9r, amelyet szak\u00e9rt\u0151en r\u00f6gz\u00edtettek fekete MDF-re.<\/li>\r\n    <li><strong>Z\u00f6kken\u0151mentes design<\/strong> \u2013 \u00fagy alak\u00edtva, hogy k\u00e9t panel k\u00f6z\u00f6tt illeszkedjenek egym\u00e1shoz a harmonikus megjelen\u00e9s \u00e9rdek\u00e9ben.<\/li>\r\n    <li><strong>Kiv\u00e9teles hangelnyel\u00e9s<\/strong> \u2013 jav\u00edtja az akusztik\u00e1t, mik\u00f6zben meg\u0151rzi a mer\u00e9sz eszt\u00e9tik\u00e1t.<\/li>\r\n    <li><strong>Fenntarthat\u00f3 anyagok<\/strong> \u2013 akusztikus alap, amely legal\u00e1bb 50%-ban \u00fajrahasznos\u00edtott m\u0171anyagb\u00f3l k\u00e9sz\u00fclt.<\/li>\r\n    <li><strong>Magas min\u0151s\u00e9g\u0171 d\u00e1n design<\/strong> \u2013 a term\u00e9szetes sz\u00e9ps\u00e9g \u00e9s a modern innov\u00e1ci\u00f3 \u00f6tv\u00f6zete.<\/li>\r\n<\/ul>\r\n\r\nA himal\u00e1jai t\u00e1jak leny\u0171g\u00f6z\u0151 sz\u00e9ps\u00e9g\u00e9b\u0151l inspir\u00e1l\u00f3dva ezek a panelek nem csup\u00e1n vizu\u00e1lis \u00e1ll\u00edt\u00e1sok, hanem egy nyugodt, h\u00edvogat\u00f3 l\u00e9gk\u00f6rt teremtenek a zaj cs\u00f6kkent\u00e9s\u00e9vel \u00e9s az akusztika jav\u00edt\u00e1s\u00e1val.\r\n\r\n<i>Hozd be a term\u00e9szetet. Emeld a tered. \u00c9ld meg az igazi eleganci\u00e1t.<\/i>","product_category-highlighted_media":24732,"product_category-cta":{"product_category_cta":null},"comparrison_image":"","product_category-some_of_our_combinations":24320,"hero-media":[24732],"hero-h1":"K\u0151 panelek","hero-sub_header":""},"_links":{"self":[{"href":"https:\/\/denpanels.com\/hu\/wp-json\/wp\/v2\/pages\/24726","targetHints":{"allow":["GET"]}}],"collection":[{"href":"https:\/\/denpanels.com\/hu\/wp-json\/wp\/v2\/pages"}],"about":[{"href":"https:\/\/denpanels.com\/hu\/wp-json\/wp\/v2\/types\/page"}],"author":[{"embeddable":true,"href":"https:\/\/denpanels.com\/hu\/wp-json\/wp\/v2\/users\/3"}],"replies":[{"embeddable":true,"href":"https:\/\/denpanels.com\/hu\/wp-json\/wp\/v2\/comments?post=24726"}],"version-history":[{"count":6,"href":"https:\/\/denpanels.com\/hu\/wp-json\/wp\/v2\/pages\/24726\/revisions"}],"predecessor-version":[{"id":29647,"href":"https:\/\/denpanels.com\/hu\/wp-json\/wp\/v2\/pages\/24726\/revisions\/29647"}],"up":[{"embeddable":true,"href":"https:\/\/denpanels.com\/hu\/wp-json\/wp\/v2\/pages\/24951"}],"acf:attachment":[{"embeddable":true,"href":"https:\/\/denpanels.com\/hu\/wp-json\/wp\/v2\/media\/24732"}],"acf:post":[{"embeddable":true,"href":"https:\/\/denpanels.com\/hu\/wp-json\/wp\/v2\/translation\/24320"}],"acf:term":[{"embeddable":true,"taxonomy":"product-category","href":"https:\/\/denpanels.com\/hu\/wp-json\/wp\/v2\/product-category\/673"}],"wp:attachment":[{"href":"https:\/\/denpanels.com\/hu\/wp-json\/wp\/v2\/media?parent=24726"}],"wp:term":[{"taxonomy":"page-section","embeddable":true,"href":"https:\/\/denpanels.com\/hu\/wp-json\/wp\/v2\/page-section?post=24726"},{"taxonomy":"page-template","embeddable":true,"href":"https:\/\/denpanels.com\/hu\/wp-json\/wp\/v2\/page-template?post=24726"}],"curies":[{"name":"wp","href":"https:\/\/api.w.org\/{rel}","templated":true}]}}